{"id":31153,"date":"2024-10-16T11:38:53","date_gmt":"2024-10-16T15:38:53","guid":{"rendered":"https:\/\/ynra.ca\/?page_id=31153"},"modified":"2024-10-16T11:40:37","modified_gmt":"2024-10-16T15:40:37","slug":"jeunes-adultes","status":"publish","type":"page","link":"https:\/\/ynra.ca\/fr\/centre-dapprentissage\/jeunes-adultes\/","title":{"rendered":"Jeunes Adultes"},"content":{"rendered":"<p>[vc_row content_placement=\u00a0\u00bbtop\u00a0\u00bb css_animation=\u00a0\u00bbnone\u00a0\u00bb el_id=\u00a0\u00bbrow1&Prime; css=\u00a0\u00bb.vc_custom_1649341060799{padding-bottom: 0px !important;}\u00a0\u00bb][vc_column][vc_column_text]<\/p>\n<h2 class=\"_04xlpA direction-ltr align-center para-style-body\" style=\"text-align: center;\"><span class=\"JsGRdQ\">Bienvenue!<\/span><\/h2>\n<h4 class=\"_04xlpA direction-ltr align-center para-style-body\" style=\"text-align: center;\"><span class=\"JsGRdQ\"><span class=\"OYPEnA text-decoration-none text-strikethrough-none\">Bienvenue dans le module\u00a0Jeunes\u00a0adultes destin\u00e9 aux jeunes \u00e2g\u00e9s de 16\u00a0\u00e0\u00a024\u00a0ans habitant la r\u00e9gion d\u2019Ottawa. Vous y trouverez une foule de renseignements, de ressources et d\u2019activit\u00e9s pour vous aider dans votre cheminement vers la vie adulte.<\/span><\/span><\/h4>\n<p>[\/vc_column_text][vc_row_inner content_placement=\u00a0\u00bbmiddle\u00a0\u00bb][vc_column_inner width=\u00a0\u00bb1\/2&Prime;][vc_column_text]<\/p>\n<h4><span lang=\"FR-CA\">Vous avez peut-\u00eatre entendu des termes comme \u00ab\u00a0jeunes en transition\u00a0\u00bb, \u00ab\u00a0jeunes en \u00e2ge de transition\u00a0\u00bb, \u00ab\u00a0jeunes qui cessent d\u2019\u00eatre pris en charge\u00a0\u00bb ou \u00ab\u00a0jeunes adultes\u00a0\u00bb. <\/span><span lang=\"FR-CA\">Saviez-vous que les jeunes de 16\u00a0\u00e0\u00a024\u00a0ans font face \u00e0 un certain nombre de d\u00e9fis qui leur sont propres lorsqu\u2019ils arrivent \u00e0 l\u2019\u00e2ge adulte? C\u2019est vrai\u00a0: La vie d\u2019adulte, l\u2019adultage, est difficile!<\/span><\/h4>\n<p>[\/vc_column_text][\/vc_column_inner][vc_column_inner width=\u00a0\u00bb1\/2&Prime;][vc_single_image image=\u00a0\u00bb30105&Prime; img_size=\u00a0\u00bbfull\u00a0\u00bb alignment=\u00a0\u00bbcenter\u00a0\u00bb][\/vc_column_inner][\/vc_row_inner][\/vc_column][\/vc_row][vc_row content_placement=\u00a0\u00bbmiddle\u00a0\u00bb css_animation=\u00a0\u00bbnone\u00a0\u00bb el_id=\u00a0\u00bbrow2&Prime; css=\u00a0\u00bb.vc_custom_1649341066905{padding-bottom: 0px !important;}\u00a0\u00bb][vc_column][vc_row_inner content_placement=\u00a0\u00bbmiddle\u00a0\u00bb][vc_column_inner width=\u00a0\u00bb1\/2&Prime;][vc_single_image image=\u00a0\u00bb30108&Prime; img_size=\u00a0\u00bbfull\u00a0\u00bb alignment=\u00a0\u00bbcenter\u00a0\u00bb][\/vc_column_inner][vc_column_inner width=\u00a0\u00bb1\/2&Prime;][vc_column_text]<\/p>\n<h4><span lang=\"FR-CA\">Un des d\u00e9fis particuliers auxquels les jeunes adultes font face est de prendre soin de leur bien-\u00eatre mental et d\u2019acc\u00e9der \u00e0 des services de soins en sant\u00e9 mentale. Les diff\u00e9rences et les interruptions dans la prestation des soins sont bien trop souvent une r\u00e9alit\u00e9 quand on passe des services de sant\u00e9 mentale pour enfants \u00e0 ceux destin\u00e9s aux adultes. Tous ces changements font de cette transition un d\u00e9fi colossal! L\u2019id\u00e9e m\u00eame d\u2019int\u00e9grer un syst\u00e8me de sant\u00e9 mentale compl\u00e8tement diff\u00e9rent peut s\u2019av\u00e9rer accablante. Nous sommes donc l\u00e0 pour vous aider.<\/span><\/h4>\n<p>[\/vc_column_text][\/vc_column_inner][\/vc_row_inner][\/vc_column][\/vc_row][vc_row content_placement=\u00a0\u00bbmiddle\u00a0\u00bb css_animation=\u00a0\u00bbnone\u00a0\u00bb el_id=\u00a0\u00bbrow3&Prime; css=\u00a0\u00bb.vc_custom_1649341073692{padding-top: 100px !important;}\u00a0\u00bb][vc_column][vc_row_inner css=\u00a0\u00bb.vc_custom_1649340983719{padding-bottom: 70px !important;}\u00a0\u00bb][vc_column_inner][vc_column_text]<\/p>\n<h2 class=\"_04xlpA direction-ltr align-center para-style-body\" style=\"text-align: center;\"><span class=\"JsGRdQ\">Ce que vous trouverez ici\u00a0: <\/span><\/h2>\n<h4 style=\"text-align: center;\"><span lang=\"FR-CA\">Ce module comprend des outils, des activit\u00e9s et des renseignements visant tous \u00e0 vous pr\u00e9parer \u00e0 entrer en liaison avec des services utiles et \u00e0 apprendre des strat\u00e9gies afin d\u2019am\u00e9liorer votre bien-\u00eatre mental pendant que vous progressez dans ce cheminement.<\/span><\/h4>\n<h4 class=\"_04xlpA direction-ltr align-center para-style-body\" style=\"text-align: center;\"><span class=\"JsGRdQ\"><span class=\"OYPEnA text-decoration-none text-strikethrough-none\">\u00a0<\/span><\/span><\/h4>\n<p>[\/vc_column_text][\/vc_column_inner][\/vc_row_inner][vc_row_inner content_placement=\u00a0\u00bbmiddle\u00a0\u00bb css=\u00a0\u00bb.vc_custom_1649340678824{padding-top: 100px !important;}\u00a0\u00bb][vc_column_inner width=\u00a0\u00bb1\/4&Prime;][vc_single_image image=\u00a0\u00bb30110&Prime; img_size=\u00a0\u00bbfull\u00a0\u00bb alignment=\u00a0\u00bbcenter\u00a0\u00bb][\/vc_column_inner][vc_column_inner width=\u00a0\u00bb3\/4&Prime;][vc_column_text]<\/p>\n<h2 class=\"_04xlpA direction-ltr align-center para-style-body\">LA TRANSITION VERS LES SOINS AUX ADULTES<\/h2>\n<p>[\/vc_column_text][vc_column_text]<\/p>\n<h4><span lang=\"FR-CA\">Les ressources communautaires et comp\u00e9tences de base en adultage.<\/span><\/h4>\n<h4 class=\"_04xlpA direction-ltr align-center para-style-body\"><span class=\"JsGRdQ\"><span class=\"OYPEnA text-decoration-none text-strikethrough-none\">\u00a0<\/span><\/span><\/h4>\n<h4><span class=\"JsGRdQ\">\u00a0<\/span><\/h4>\n<p>[\/vc_column_text][\/vc_column_inner][\/vc_row_inner][\/vc_column][\/vc_row][vc_row content_placement=\u00a0\u00bbmiddle\u00a0\u00bb css_animation=\u00a0\u00bbnone\u00a0\u00bb el_id=\u00a0\u00bbrow5&Prime;][vc_column][vc_row_inner content_placement=\u00a0\u00bbmiddle\u00a0\u00bb][vc_column_inner width=\u00a0\u00bb3\/4&Prime;][vc_custom_heading text=\u00a0\u00bbLa fa\u00e7on d\u2019acc\u00e9der aux soins de sant\u00e9\u00a0\u00bb use_theme_fonts=\u00a0\u00bbyes\u00a0\u00bb css_animation=\u00a0\u00bbnone\u00a0\u00bb][vc_column_text]<\/p>\n<h4 class=\"_04xlpA direction-ltr align-center para-style-body\"><span class=\"JsGRdQ\"><span class=\"OYPEnA text-decoration-none text-strikethrough-none\">Vous trouverez des renseignements pratiques et un guide expliquant la marche \u00e0 suivre pour trouver un m\u00e9decin, les choses que vous devez faire avant, pendant et apr\u00e8s vos rendez-vous pour veiller \u00e0 ce que vos besoins soient satisfaits, ainsi que des messages-guides \u00e0 utiliser dans les situations o\u00f9 vous devez d\u00e9fendre vos int\u00e9r\u00eats!<\/span><\/span><\/h4>\n<p>[\/vc_column_text][\/vc_column_inner][vc_column_inner width=\u00a0\u00bb1\/4&Prime;][vc_single_image image=\u00a0\u00bb30112&Prime; img_size=\u00a0\u00bbfull\u00a0\u00bb alignment=\u00a0\u00bbcenter\u00a0\u00bb][\/vc_column_inner][\/vc_row_inner][\/vc_column][\/vc_row][vc_row content_placement=\u00a0\u00bbmiddle\u00a0\u00bb css_animation=\u00a0\u00bbnone\u00a0\u00bb el_id=\u00a0\u00bbrow6&Prime; css=\u00a0\u00bb.vc_custom_1649341086108{padding-bottom: 100px !important;}\u00a0\u00bb][vc_column][vc_row_inner content_placement=\u00a0\u00bbmiddle\u00a0\u00bb][vc_column_inner width=\u00a0\u00bb1\/4&Prime;][vc_single_image image=\u00a0\u00bb30114&Prime; img_size=\u00a0\u00bbfull\u00a0\u00bb alignment=\u00a0\u00bbcenter\u00a0\u00bb][\/vc_column_inner][vc_column_inner width=\u00a0\u00bb3\/4&Prime;][vc_custom_heading text=\u00a0\u00bbRESSOURCES COMMUNAUTAIRES ET COMP\u00c9TENCES DE BASE EN ADULTAGE\u00a0\u00bb use_theme_fonts=\u00a0\u00bbyes\u00a0\u00bb css_animation=\u00a0\u00bbnone\u00a0\u00bb][vc_column_text]<\/p>\n<h4><span class=\"JsGRdQ\"><span class=\"OYPEnA text-decoration-none text-strikethrough-none\">Parcourez toute une gamme de ressources pour vous aider \u00e0 d\u00e9couvrir vos forces et \u00e0 les d\u00e9velopper au fil de votre cheminement vers la vie adulte. Obtenez du soutien afin d\u2019acqu\u00e9rir des habilet\u00e9s de r\u00e9gulation \u00e9motionnelle, des comp\u00e9tences relationnelles et des aptitudes \u00e0 la vie quotidienne pour mener votre vie de mani\u00e8re plus autonome.<\/span><\/span><\/h4>\n<p>[\/vc_column_text][\/vc_column_inner][\/vc_row_inner][\/vc_column][\/vc_row][vc_row content_placement=\u00a0\u00bbmiddle\u00a0\u00bb css_animation=\u00a0\u00bbnone\u00a0\u00bb el_id=\u00a0\u00bbrow10&Prime; css=\u00a0\u00bb.vc_custom_1649343989694{padding-bottom: 100px !important;}\u00a0\u00bb][vc_column][vc_column_text]<\/p>\n<h4 style=\"text-align: center;\"><span class=\"JsGRdQ\">Pr\u00eat \u00e0 commencer?<\/span><\/h4>\n<p>[\/vc_column_text][vc_btn title=\u00a0\u00bbContinuez !\u00a0\u00bb style=\u00a0\u00bbcustom\u00a0\u00bb custom_background=\u00a0\u00bb#812b7d\u00a0\u00bb custom_text=\u00a0\u00bb#ffffff\u00a0\u00bb align=\u00a0\u00bbcenter\u00a0\u00bb link=\u00a0\u00bburl:%2Ffr%2Fcentre-dapprentissage%2Fjeunes-adultes%2Fla-transition-vers-les-soins-aux-adultes%2F|\u00a0\u00bb][\/vc_column][\/vc_row]<\/p>\n","protected":false},"excerpt":{"rendered":"<p>[vc_row content_placement=\u00a0\u00bbtop\u00a0\u00bb css_animation=\u00a0\u00bbnone\u00a0\u00bb el_id=\u00a0\u00bbrow1&Prime; css=\u00a0\u00bb.vc_custom_1649341060799{padding-bottom: 0px !important;}\u00a0\u00bb][vc_column][vc_column_text] Bienvenue! Bienvenue dans le module\u00a0Jeunes\u00a0adultes destin\u00e9 aux jeunes \u00e2g\u00e9s de 16\u00a0\u00e0\u00a024\u00a0ans habitant la r\u00e9gion d\u2019Ottawa. Vous y trouverez une foule de renseignements, de ressources et d\u2019activit\u00e9s pour vous aider dans votre cheminement vers la vie adulte. [\/vc_column_text][vc_row_inner content_placement=\u00a0\u00bbmiddle\u00a0\u00bb][vc_column_inner width=\u00a0\u00bb1\/2&Prime;][vc_column_text] Vous avez peut-\u00eatre entendu des termes comme \u00ab\u00a0jeunes en &hellip;<\/p>\n","protected":false},"author":1,"featured_media":0,"parent":16372,"menu_order":50,"comment_status":"closed","ping_status":"closed","template":"templates\/toolkit.php","meta":{"_acf_changed":false,"footnotes":""},"class_list":["post-31153","page","type-page","status-publish","hentry"],"acf":[],"yoast_head":"<!-- This site is optimized with the Yoast SEO plugin v27.3 - https:\/\/yoast.com\/product\/yoast-seo-wordpress\/ -->\n<title>Jeunes Adultes - YouthNet R\u00e9seauAdo<\/title>\n<meta name=\"robots\" content=\"index, follow, max-snippet:-1, max-image-preview:large, max-video-preview:-1\" \/>\n<link rel=\"canonical\" href=\"http:\/\/ynra.ca\/fr\/centre-dapprentissage\/jeunes-adultes\/\" \/>\n<meta property=\"og:locale\" content=\"fr_FR\" \/>\n<meta property=\"og:type\" content=\"article\" \/>\n<meta property=\"og:title\" content=\"Jeunes Adultes - YouthNet R\u00e9seauAdo\" \/>\n<meta property=\"og:description\" content=\"[vc_row content_placement=\u00a0\u00bbtop\u00a0\u00bb css_animation=\u00a0\u00bbnone\u00a0\u00bb el_id=\u00a0\u00bbrow1&Prime; css=\u00a0\u00bb.vc_custom_1649341060799{padding-bottom: 0px !important;}\u00a0\u00bb][vc_column][vc_column_text] Bienvenue! Bienvenue dans le module\u00a0Jeunes\u00a0adultes destin\u00e9 aux jeunes \u00e2g\u00e9s de 16\u00a0\u00e0\u00a024\u00a0ans habitant la r\u00e9gion d\u2019Ottawa. Vous y trouverez une foule de renseignements, de ressources et d\u2019activit\u00e9s pour vous aider dans votre cheminement vers la vie adulte. [\/vc_column_text][vc_row_inner content_placement=\u00a0\u00bbmiddle\u00a0\u00bb][vc_column_inner width=\u00a0\u00bb1\/2&Prime;][vc_column_text] Vous avez peut-\u00eatre entendu des termes comme \u00ab\u00a0jeunes en &hellip;\" \/>\n<meta property=\"og:url\" content=\"http:\/\/ynra.ca\/fr\/centre-dapprentissage\/jeunes-adultes\/\" \/>\n<meta property=\"og:site_name\" content=\"YouthNet R\u00e9seauAdo\" \/>\n<meta property=\"article:modified_time\" content=\"2024-10-16T15:40:37+00:00\" \/>\n<meta name=\"twitter:card\" content=\"summary_large_image\" \/>\n<meta name=\"twitter:label1\" content=\"Dur\u00e9e de lecture estim\u00e9e\" \/>\n\t<meta name=\"twitter:data1\" content=\"3 minutes\" \/>\n<script type=\"application\/ld+json\" class=\"yoast-schema-graph\">{\"@context\":\"https:\\\/\\\/schema.org\",\"@graph\":[{\"@type\":\"WebPage\",\"@id\":\"http:\\\/\\\/ynra.ca\\\/fr\\\/centre-dapprentissage\\\/jeunes-adultes\\\/\",\"url\":\"http:\\\/\\\/ynra.ca\\\/fr\\\/centre-dapprentissage\\\/jeunes-adultes\\\/\",\"name\":\"Jeunes Adultes - YouthNet R\u00e9seauAdo\",\"isPartOf\":{\"@id\":\"https:\\\/\\\/ynra.ca\\\/#website\"},\"datePublished\":\"2024-10-16T15:38:53+00:00\",\"dateModified\":\"2024-10-16T15:40:37+00:00\",\"breadcrumb\":{\"@id\":\"http:\\\/\\\/ynra.ca\\\/fr\\\/centre-dapprentissage\\\/jeunes-adultes\\\/#breadcrumb\"},\"inLanguage\":\"fr-FR\",\"potentialAction\":[{\"@type\":\"ReadAction\",\"target\":[\"http:\\\/\\\/ynra.ca\\\/fr\\\/centre-dapprentissage\\\/jeunes-adultes\\\/\"]}]},{\"@type\":\"BreadcrumbList\",\"@id\":\"http:\\\/\\\/ynra.ca\\\/fr\\\/centre-dapprentissage\\\/jeunes-adultes\\\/#breadcrumb\",\"itemListElement\":[{\"@type\":\"ListItem\",\"position\":1,\"name\":\"Centre d&rsquo;apprentissage\",\"item\":\"http:\\\/\\\/ynra.ca\\\/fr\\\/centre-dapprentissage\\\/\"},{\"@type\":\"ListItem\",\"position\":2,\"name\":\"Jeunes Adultes\"}]},{\"@type\":\"WebSite\",\"@id\":\"https:\\\/\\\/ynra.ca\\\/#website\",\"url\":\"https:\\\/\\\/ynra.ca\\\/\",\"name\":\"YouthNet R\u00e9seauAdo\",\"description\":\"Mental Health Services for Youth\",\"publisher\":{\"@id\":\"https:\\\/\\\/ynra.ca\\\/#organization\"},\"potentialAction\":[{\"@type\":\"SearchAction\",\"target\":{\"@type\":\"EntryPoint\",\"urlTemplate\":\"https:\\\/\\\/ynra.ca\\\/?s={search_term_string}\"},\"query-input\":{\"@type\":\"PropertyValueSpecification\",\"valueRequired\":true,\"valueName\":\"search_term_string\"}}],\"inLanguage\":\"fr-FR\"},{\"@type\":\"Organization\",\"@id\":\"https:\\\/\\\/ynra.ca\\\/#organization\",\"name\":\"YouthNet R\u00e9seauAdo\",\"url\":\"https:\\\/\\\/ynra.ca\\\/\",\"logo\":{\"@type\":\"ImageObject\",\"inLanguage\":\"fr-FR\",\"@id\":\"https:\\\/\\\/ynra.ca\\\/#\\\/schema\\\/logo\\\/image\\\/\",\"url\":\"https:\\\/\\\/ynra.ca\\\/wp-content\\\/uploads\\\/2018\\\/07\\\/ynra-logo.png\",\"contentUrl\":\"https:\\\/\\\/ynra.ca\\\/wp-content\\\/uploads\\\/2018\\\/07\\\/ynra-logo.png\",\"width\":241,\"height\":115,\"caption\":\"YouthNet R\u00e9seauAdo\"},\"image\":{\"@id\":\"https:\\\/\\\/ynra.ca\\\/#\\\/schema\\\/logo\\\/image\\\/\"}}]}<\/script>\n<!-- \/ Yoast SEO plugin. -->","yoast_head_json":{"title":"Jeunes Adultes - YouthNet R\u00e9seauAdo","robots":{"index":"index","follow":"follow","max-snippet":"max-snippet:-1","max-image-preview":"max-image-preview:large","max-video-preview":"max-video-preview:-1"},"canonical":"http:\/\/ynra.ca\/fr\/centre-dapprentissage\/jeunes-adultes\/","og_locale":"fr_FR","og_type":"article","og_title":"Jeunes Adultes - YouthNet R\u00e9seauAdo","og_description":"[vc_row content_placement=\u00a0\u00bbtop\u00a0\u00bb css_animation=\u00a0\u00bbnone\u00a0\u00bb el_id=\u00a0\u00bbrow1&Prime; css=\u00a0\u00bb.vc_custom_1649341060799{padding-bottom: 0px !important;}\u00a0\u00bb][vc_column][vc_column_text] Bienvenue! Bienvenue dans le module\u00a0Jeunes\u00a0adultes destin\u00e9 aux jeunes \u00e2g\u00e9s de 16\u00a0\u00e0\u00a024\u00a0ans habitant la r\u00e9gion d\u2019Ottawa. Vous y trouverez une foule de renseignements, de ressources et d\u2019activit\u00e9s pour vous aider dans votre cheminement vers la vie adulte. [\/vc_column_text][vc_row_inner content_placement=\u00a0\u00bbmiddle\u00a0\u00bb][vc_column_inner width=\u00a0\u00bb1\/2&Prime;][vc_column_text] Vous avez peut-\u00eatre entendu des termes comme \u00ab\u00a0jeunes en &hellip;","og_url":"http:\/\/ynra.ca\/fr\/centre-dapprentissage\/jeunes-adultes\/","og_site_name":"YouthNet R\u00e9seauAdo","article_modified_time":"2024-10-16T15:40:37+00:00","twitter_card":"summary_large_image","twitter_misc":{"Dur\u00e9e de lecture estim\u00e9e":"3 minutes"},"schema":{"@context":"https:\/\/schema.org","@graph":[{"@type":"WebPage","@id":"http:\/\/ynra.ca\/fr\/centre-dapprentissage\/jeunes-adultes\/","url":"http:\/\/ynra.ca\/fr\/centre-dapprentissage\/jeunes-adultes\/","name":"Jeunes Adultes - YouthNet R\u00e9seauAdo","isPartOf":{"@id":"https:\/\/ynra.ca\/#website"},"datePublished":"2024-10-16T15:38:53+00:00","dateModified":"2024-10-16T15:40:37+00:00","breadcrumb":{"@id":"http:\/\/ynra.ca\/fr\/centre-dapprentissage\/jeunes-adultes\/#breadcrumb"},"inLanguage":"fr-FR","potentialAction":[{"@type":"ReadAction","target":["http:\/\/ynra.ca\/fr\/centre-dapprentissage\/jeunes-adultes\/"]}]},{"@type":"BreadcrumbList","@id":"http:\/\/ynra.ca\/fr\/centre-dapprentissage\/jeunes-adultes\/#breadcrumb","itemListElement":[{"@type":"ListItem","position":1,"name":"Centre d&rsquo;apprentissage","item":"http:\/\/ynra.ca\/fr\/centre-dapprentissage\/"},{"@type":"ListItem","position":2,"name":"Jeunes Adultes"}]},{"@type":"WebSite","@id":"https:\/\/ynra.ca\/#website","url":"https:\/\/ynra.ca\/","name":"YouthNet R\u00e9seauAdo","description":"Mental Health Services for Youth","publisher":{"@id":"https:\/\/ynra.ca\/#organization"},"potentialAction":[{"@type":"SearchAction","target":{"@type":"EntryPoint","urlTemplate":"https:\/\/ynra.ca\/?s={search_term_string}"},"query-input":{"@type":"PropertyValueSpecification","valueRequired":true,"valueName":"search_term_string"}}],"inLanguage":"fr-FR"},{"@type":"Organization","@id":"https:\/\/ynra.ca\/#organization","name":"YouthNet R\u00e9seauAdo","url":"https:\/\/ynra.ca\/","logo":{"@type":"ImageObject","inLanguage":"fr-FR","@id":"https:\/\/ynra.ca\/#\/schema\/logo\/image\/","url":"https:\/\/ynra.ca\/wp-content\/uploads\/2018\/07\/ynra-logo.png","contentUrl":"https:\/\/ynra.ca\/wp-content\/uploads\/2018\/07\/ynra-logo.png","width":241,"height":115,"caption":"YouthNet R\u00e9seauAdo"},"image":{"@id":"https:\/\/ynra.ca\/#\/schema\/logo\/image\/"}}]}},"_links":{"self":[{"href":"https:\/\/ynra.ca\/fr\/wp-json\/wp\/v2\/pages\/31153","targetHints":{"allow":["GET"]}}],"collection":[{"href":"https:\/\/ynra.ca\/fr\/wp-json\/wp\/v2\/pages"}],"about":[{"href":"https:\/\/ynra.ca\/fr\/wp-json\/wp\/v2\/types\/page"}],"author":[{"embeddable":true,"href":"https:\/\/ynra.ca\/fr\/wp-json\/wp\/v2\/users\/1"}],"replies":[{"embeddable":true,"href":"https:\/\/ynra.ca\/fr\/wp-json\/wp\/v2\/comments?post=31153"}],"version-history":[{"count":17,"href":"https:\/\/ynra.ca\/fr\/wp-json\/wp\/v2\/pages\/31153\/revisions"}],"predecessor-version":[{"id":31807,"href":"https:\/\/ynra.ca\/fr\/wp-json\/wp\/v2\/pages\/31153\/revisions\/31807"}],"up":[{"embeddable":true,"href":"https:\/\/ynra.ca\/fr\/wp-json\/wp\/v2\/pages\/16372"}],"wp:attachment":[{"href":"https:\/\/ynra.ca\/fr\/wp-json\/wp\/v2\/media?parent=31153"}],"curies":[{"name":"wp","href":"https:\/\/api.w.org\/{rel}","templated":true}]}}