{"id":174,"date":"2018-07-03T23:57:03","date_gmt":"2018-07-03T23:57:03","guid":{"rendered":"http:\/\/ynra.ca\/?page_id=174"},"modified":"2024-09-10T09:08:32","modified_gmt":"2024-09-10T13:08:32","slug":"contact","status":"publish","type":"page","link":"https:\/\/ynra.ca\/fr\/contact\/","title":{"rendered":"Contactez-nous"},"content":{"rendered":"<div class=\"row\">\n<div class=\"col-lg-6\">\n<h2>Informations de contact<\/h2>\n<p><strong>YouthNet\/ReseauAdo<\/strong><br \/>\n2305 Blvd. St. Laurent, Unit\u00e9 300B<br \/>\nOttawa, ON<br \/>\nK1G 4J8<\/p>\n<p><a href=\"tel: (613) 697-7985\">(613) 697-7985<\/a><\/p>\n<p><a href=\"mailto:ynra@cheo.on.ca\">ynra@cheo.on.ca<\/a><\/p>\n<p><strong>SI VOUS \u00caTES EN CRISE:<\/strong><\/p>\n<p><strong>YSB ligne de crise:<\/strong> <a href=\"tel: (613) 260-2360\">(613) 260-2360<\/a><\/p>\n<p><strong>Jeunesse j&rsquo;\u00e9coute:<\/strong> <a href=\"tel: 1-(800) 668-6868\">1-(800) 668-6868<\/a><\/p>\n<\/div>\n<div class=\"col-lg-6\"><img loading=\"lazy\" decoding=\"async\" width=\"1000\" height=\"921\" class=\"alignnone size-full wp-image-244\" src=\"https:\/\/ynra.ca\/wp-content\/uploads\/2018\/07\/YNRA-space-summer-2018-1.jpg\" alt=\"YNRA-espace-ete-2018\" srcset=\"https:\/\/ynra.ca\/wp-content\/uploads\/2018\/07\/YNRA-space-summer-2018-1.jpg 1000w, https:\/\/ynra.ca\/wp-content\/uploads\/2018\/07\/YNRA-space-summer-2018-1-300x276.jpg 300w, https:\/\/ynra.ca\/wp-content\/uploads\/2018\/07\/YNRA-space-summer-2018-1-768x707.jpg 768w\" sizes=\"auto, (max-width: 1000px) 100vw, 1000px\" \/><\/div>\n<\/div>\n<h2>Questions<\/h2>\n\n<div class=\"wpcf7 no-js\" id=\"wpcf7-f199-o1\" lang=\"\" dir=\"ltr\" data-wpcf7-id=\"199\">\n<div class=\"screen-reader-response\"><p role=\"status\" aria-live=\"polite\" aria-atomic=\"true\"><\/p> <ul><\/ul><\/div>\n<form action=\"\/fr\/wp-json\/wp\/v2\/pages\/174#wpcf7-f199-o1\" method=\"post\" class=\"wpcf7-form init\" aria-label=\"Formulaire de contact\" novalidate=\"novalidate\" data-status=\"init\">\n<fieldset class=\"hidden-fields-container\"><input type=\"hidden\" name=\"_wpcf7\" value=\"199\" \/><input type=\"hidden\" name=\"_wpcf7_version\" value=\"6.1.5\" \/><input type=\"hidden\" name=\"_wpcf7_locale\" value=\"\" \/><input type=\"hidden\" name=\"_wpcf7_unit_tag\" value=\"wpcf7-f199-o1\" \/><input type=\"hidden\" name=\"_wpcf7_container_post\" value=\"0\" \/><input type=\"hidden\" name=\"_wpcf7_posted_data_hash\" value=\"\" \/><input type=\"hidden\" name=\"_wpcf7_recaptcha_response\" value=\"\" \/>\n<\/fieldset>\n<p><label> Votre nom (requis)<br \/>\n<span class=\"wpcf7-form-control-wrap\" data-name=\"your-name\"><input size=\"40\" maxlength=\"400\" class=\"wpcf7-form-control wpcf7-text wpcf7-validates-as-required\" aria-required=\"true\" aria-invalid=\"false\" value=\"\" type=\"text\" name=\"your-name\" \/><\/span> <\/label>\n<\/p>\n<p><label> Votre courriel (requis)<br \/>\n<span class=\"wpcf7-form-control-wrap\" data-name=\"your-email\"><input size=\"40\" maxlength=\"400\" class=\"wpcf7-form-control wpcf7-email wpcf7-validates-as-required wpcf7-text wpcf7-validates-as-email\" aria-required=\"true\" aria-invalid=\"false\" value=\"\" type=\"email\" name=\"your-email\" \/><\/span> <\/label>\n<\/p>\n<p><label> Subjet<br \/>\n<span class=\"wpcf7-form-control-wrap\" data-name=\"your-subject\"><input size=\"40\" maxlength=\"400\" class=\"wpcf7-form-control wpcf7-text\" aria-invalid=\"false\" value=\"\" type=\"text\" name=\"your-subject\" \/><\/span> <\/label>\n<\/p>\n<p><label> Message<br \/>\n<span class=\"wpcf7-form-control-wrap\" data-name=\"your-message\"><textarea cols=\"40\" rows=\"10\" maxlength=\"2000\" class=\"wpcf7-form-control wpcf7-textarea\" aria-invalid=\"false\" name=\"your-message\"><\/textarea><\/span> <\/label>\n<\/p>\n<p><input class=\"wpcf7-form-control wpcf7-submit has-spinner\" type=\"submit\" value=\"Envoyer\" \/>\n<\/p><div class=\"wpcf7-response-output\" aria-hidden=\"true\"><\/div>\n<\/form>\n<\/div>\n\n","protected":false},"excerpt":{"rendered":"<p>Informations de contact YouthNet\/ReseauAdo 2305 Blvd. St. Laurent, Unit\u00e9 300B Ottawa, ON K1G 4J8 (613) 697-7985 ynra@cheo.on.ca SI VOUS \u00caTES EN CRISE: YSB ligne de crise: (613) 260-2360 Jeunesse j&rsquo;\u00e9coute: 1-(800) 668-6868 Questions<\/p>\n","protected":false},"author":1,"featured_media":0,"parent":0,"menu_order":50,"comment_status":"closed","ping_status":"closed","template":"","meta":{"_acf_changed":false,"footnotes":""},"class_list":["post-174","page","type-page","status-publish","hentry"],"acf":[],"yoast_head":"<!-- This site is optimized with the Yoast SEO plugin v27.3 - https:\/\/yoast.com\/product\/yoast-seo-wordpress\/ -->\n<title>Contactez-nous - YouthNet R\u00e9seauAdo<\/title>\n<meta name=\"robots\" content=\"index, follow, max-snippet:-1, max-image-preview:large, max-video-preview:-1\" \/>\n<link rel=\"canonical\" href=\"https:\/\/ynra.ca\/fr\/contact\/\" \/>\n<meta property=\"og:locale\" content=\"fr_FR\" \/>\n<meta property=\"og:type\" content=\"article\" \/>\n<meta property=\"og:title\" content=\"Contactez-nous - YouthNet R\u00e9seauAdo\" \/>\n<meta property=\"og:description\" content=\"Informations de contact YouthNet\/ReseauAdo 2305 Blvd. St. Laurent, Unit\u00e9 300B Ottawa, ON K1G 4J8 (613) 697-7985 ynra@cheo.on.ca SI VOUS \u00caTES EN CRISE: YSB ligne de crise: (613) 260-2360 Jeunesse j&rsquo;\u00e9coute: 1-(800) 668-6868 Questions\" \/>\n<meta property=\"og:url\" content=\"https:\/\/ynra.ca\/fr\/contact\/\" \/>\n<meta property=\"og:site_name\" content=\"YouthNet R\u00e9seauAdo\" \/>\n<meta property=\"article:modified_time\" content=\"2024-09-10T13:08:32+00:00\" \/>\n<meta property=\"og:image\" content=\"https:\/\/ynra.ca\/wp-content\/uploads\/2018\/07\/YNRA-space-summer-2018-1.jpg\" \/>\n<meta name=\"twitter:card\" content=\"summary_large_image\" \/>\n<meta name=\"twitter:label1\" content=\"Dur\u00e9e de lecture estim\u00e9e\" \/>\n\t<meta name=\"twitter:data1\" content=\"1 minute\" \/>\n<script type=\"application\/ld+json\" class=\"yoast-schema-graph\">{\"@context\":\"https:\\\/\\\/schema.org\",\"@graph\":[{\"@type\":\"WebPage\",\"@id\":\"https:\\\/\\\/ynra.ca\\\/fr\\\/contact\\\/\",\"url\":\"https:\\\/\\\/ynra.ca\\\/fr\\\/contact\\\/\",\"name\":\"Contactez-nous - YouthNet R\u00e9seauAdo\",\"isPartOf\":{\"@id\":\"https:\\\/\\\/ynra.ca\\\/#website\"},\"primaryImageOfPage\":{\"@id\":\"https:\\\/\\\/ynra.ca\\\/fr\\\/contact\\\/#primaryimage\"},\"image\":{\"@id\":\"https:\\\/\\\/ynra.ca\\\/fr\\\/contact\\\/#primaryimage\"},\"thumbnailUrl\":\"https:\\\/\\\/ynra.ca\\\/wp-content\\\/uploads\\\/2018\\\/07\\\/YNRA-space-summer-2018-1.jpg\",\"datePublished\":\"2018-07-03T23:57:03+00:00\",\"dateModified\":\"2024-09-10T13:08:32+00:00\",\"inLanguage\":\"fr-FR\",\"potentialAction\":[{\"@type\":\"ReadAction\",\"target\":[\"https:\\\/\\\/ynra.ca\\\/fr\\\/contact\\\/\"]}]},{\"@type\":\"ImageObject\",\"inLanguage\":\"fr-FR\",\"@id\":\"https:\\\/\\\/ynra.ca\\\/fr\\\/contact\\\/#primaryimage\",\"url\":\"https:\\\/\\\/ynra.ca\\\/wp-content\\\/uploads\\\/2018\\\/07\\\/YNRA-space-summer-2018-1.jpg\",\"contentUrl\":\"https:\\\/\\\/ynra.ca\\\/wp-content\\\/uploads\\\/2018\\\/07\\\/YNRA-space-summer-2018-1.jpg\"},{\"@type\":\"WebSite\",\"@id\":\"https:\\\/\\\/ynra.ca\\\/#website\",\"url\":\"https:\\\/\\\/ynra.ca\\\/\",\"name\":\"YouthNet R\u00e9seauAdo\",\"description\":\"Mental Health Services for Youth\",\"publisher\":{\"@id\":\"https:\\\/\\\/ynra.ca\\\/#organization\"},\"potentialAction\":[{\"@type\":\"SearchAction\",\"target\":{\"@type\":\"EntryPoint\",\"urlTemplate\":\"https:\\\/\\\/ynra.ca\\\/?s={search_term_string}\"},\"query-input\":{\"@type\":\"PropertyValueSpecification\",\"valueRequired\":true,\"valueName\":\"search_term_string\"}}],\"inLanguage\":\"fr-FR\"},{\"@type\":\"Organization\",\"@id\":\"https:\\\/\\\/ynra.ca\\\/#organization\",\"name\":\"YouthNet R\u00e9seauAdo\",\"url\":\"https:\\\/\\\/ynra.ca\\\/\",\"logo\":{\"@type\":\"ImageObject\",\"inLanguage\":\"fr-FR\",\"@id\":\"https:\\\/\\\/ynra.ca\\\/#\\\/schema\\\/logo\\\/image\\\/\",\"url\":\"https:\\\/\\\/ynra.ca\\\/wp-content\\\/uploads\\\/2018\\\/07\\\/ynra-logo.png\",\"contentUrl\":\"https:\\\/\\\/ynra.ca\\\/wp-content\\\/uploads\\\/2018\\\/07\\\/ynra-logo.png\",\"width\":241,\"height\":115,\"caption\":\"YouthNet R\u00e9seauAdo\"},\"image\":{\"@id\":\"https:\\\/\\\/ynra.ca\\\/#\\\/schema\\\/logo\\\/image\\\/\"}}]}<\/script>\n<!-- \/ Yoast SEO plugin. -->","yoast_head_json":{"title":"Contactez-nous - YouthNet R\u00e9seauAdo","robots":{"index":"index","follow":"follow","max-snippet":"max-snippet:-1","max-image-preview":"max-image-preview:large","max-video-preview":"max-video-preview:-1"},"canonical":"https:\/\/ynra.ca\/fr\/contact\/","og_locale":"fr_FR","og_type":"article","og_title":"Contactez-nous - YouthNet R\u00e9seauAdo","og_description":"Informations de contact YouthNet\/ReseauAdo 2305 Blvd. St. Laurent, Unit\u00e9 300B Ottawa, ON K1G 4J8 (613) 697-7985 ynra@cheo.on.ca SI VOUS \u00caTES EN CRISE: YSB ligne de crise: (613) 260-2360 Jeunesse j&rsquo;\u00e9coute: 1-(800) 668-6868 Questions","og_url":"https:\/\/ynra.ca\/fr\/contact\/","og_site_name":"YouthNet R\u00e9seauAdo","article_modified_time":"2024-09-10T13:08:32+00:00","og_image":[{"url":"https:\/\/ynra.ca\/wp-content\/uploads\/2018\/07\/YNRA-space-summer-2018-1.jpg","type":"","width":"","height":""}],"twitter_card":"summary_large_image","twitter_misc":{"Dur\u00e9e de lecture estim\u00e9e":"1 minute"},"schema":{"@context":"https:\/\/schema.org","@graph":[{"@type":"WebPage","@id":"https:\/\/ynra.ca\/fr\/contact\/","url":"https:\/\/ynra.ca\/fr\/contact\/","name":"Contactez-nous - YouthNet R\u00e9seauAdo","isPartOf":{"@id":"https:\/\/ynra.ca\/#website"},"primaryImageOfPage":{"@id":"https:\/\/ynra.ca\/fr\/contact\/#primaryimage"},"image":{"@id":"https:\/\/ynra.ca\/fr\/contact\/#primaryimage"},"thumbnailUrl":"https:\/\/ynra.ca\/wp-content\/uploads\/2018\/07\/YNRA-space-summer-2018-1.jpg","datePublished":"2018-07-03T23:57:03+00:00","dateModified":"2024-09-10T13:08:32+00:00","inLanguage":"fr-FR","potentialAction":[{"@type":"ReadAction","target":["https:\/\/ynra.ca\/fr\/contact\/"]}]},{"@type":"ImageObject","inLanguage":"fr-FR","@id":"https:\/\/ynra.ca\/fr\/contact\/#primaryimage","url":"https:\/\/ynra.ca\/wp-content\/uploads\/2018\/07\/YNRA-space-summer-2018-1.jpg","contentUrl":"https:\/\/ynra.ca\/wp-content\/uploads\/2018\/07\/YNRA-space-summer-2018-1.jpg"},{"@type":"WebSite","@id":"https:\/\/ynra.ca\/#website","url":"https:\/\/ynra.ca\/","name":"YouthNet R\u00e9seauAdo","description":"Mental Health Services for Youth","publisher":{"@id":"https:\/\/ynra.ca\/#organization"},"potentialAction":[{"@type":"SearchAction","target":{"@type":"EntryPoint","urlTemplate":"https:\/\/ynra.ca\/?s={search_term_string}"},"query-input":{"@type":"PropertyValueSpecification","valueRequired":true,"valueName":"search_term_string"}}],"inLanguage":"fr-FR"},{"@type":"Organization","@id":"https:\/\/ynra.ca\/#organization","name":"YouthNet R\u00e9seauAdo","url":"https:\/\/ynra.ca\/","logo":{"@type":"ImageObject","inLanguage":"fr-FR","@id":"https:\/\/ynra.ca\/#\/schema\/logo\/image\/","url":"https:\/\/ynra.ca\/wp-content\/uploads\/2018\/07\/ynra-logo.png","contentUrl":"https:\/\/ynra.ca\/wp-content\/uploads\/2018\/07\/ynra-logo.png","width":241,"height":115,"caption":"YouthNet R\u00e9seauAdo"},"image":{"@id":"https:\/\/ynra.ca\/#\/schema\/logo\/image\/"}}]}},"_links":{"self":[{"href":"https:\/\/ynra.ca\/fr\/wp-json\/wp\/v2\/pages\/174","targetHints":{"allow":["GET"]}}],"collection":[{"href":"https:\/\/ynra.ca\/fr\/wp-json\/wp\/v2\/pages"}],"about":[{"href":"https:\/\/ynra.ca\/fr\/wp-json\/wp\/v2\/types\/page"}],"author":[{"embeddable":true,"href":"https:\/\/ynra.ca\/fr\/wp-json\/wp\/v2\/users\/1"}],"replies":[{"embeddable":true,"href":"https:\/\/ynra.ca\/fr\/wp-json\/wp\/v2\/comments?post=174"}],"version-history":[{"count":9,"href":"https:\/\/ynra.ca\/fr\/wp-json\/wp\/v2\/pages\/174\/revisions"}],"predecessor-version":[{"id":31558,"href":"https:\/\/ynra.ca\/fr\/wp-json\/wp\/v2\/pages\/174\/revisions\/31558"}],"wp:attachment":[{"href":"https:\/\/ynra.ca\/fr\/wp-json\/wp\/v2\/media?parent=174"}],"curies":[{"name":"wp","href":"https:\/\/api.w.org\/{rel}","templated":true}]}}