{"id":172,"date":"2018-07-03T23:56:42","date_gmt":"2018-07-03T23:56:42","guid":{"rendered":"http:\/\/ynra.ca\/?page_id=172"},"modified":"2024-01-27T21:20:48","modified_gmt":"2024-01-28T02:20:48","slug":"ressources-sante-mentale-francophone","status":"publish","type":"page","link":"https:\/\/ynra.ca\/fr\/ressources-sante-mentale-francophone\/","title":{"rendered":"Ressources"},"content":{"rendered":"<p>[vc_row][vc_column][vc_custom_heading text=\u00a0\u00bbPour les jeunes\u00a0\u00bb use_theme_fonts=\u00a0\u00bbyes\u00a0\u00bb][\/vc_column][\/vc_row][vc_row][vc_column width=\u00a0\u00bb1\/3&Prime;][vc_column_text]<a href=\"http:\/\/ynra.ca\/wp-content\/uploads\/2018\/07\/mind-your-mouth-zine.pdf\" target=\"_blank\" rel=\"noopener noreferrer\"><img loading=\"lazy\" decoding=\"async\" width=\"230\" height=\"300\" class=\"alignnone wp-image-98 size-medium\" src=\"http:\/\/ynra.ca\/wp-content\/uploads\/2018\/07\/pdf1-230x300.jpg\" alt=\"mind your mouth\" srcset=\"https:\/\/ynra.ca\/wp-content\/uploads\/2018\/07\/pdf1-230x300.jpg 230w, https:\/\/ynra.ca\/wp-content\/uploads\/2018\/07\/pdf1.jpg 608w\" sizes=\"auto, (max-width: 230px) 100vw, 230px\" \/><\/a><\/p>\n<p class=\"eq\"><strong>Mind Your Mouth Zine (Anglais)<br \/>\n<\/strong><\/p>\n<p>[\/vc_column_text][\/vc_column][vc_column width=\u00a0\u00bb1\/3&Prime;][vc_column_text]<a href=\"http:\/\/ynra.ca\/wp-content\/uploads\/2018\/07\/Wellness_Advocate_Toolkit.pdf\" target=\"_blank\" rel=\"noopener noreferrer\"><img loading=\"lazy\" decoding=\"async\" width=\"230\" height=\"300\" class=\"alignnone wp-image-100 size-medium\" src=\"http:\/\/ynra.ca\/wp-content\/uploads\/2018\/07\/Pdf2-230x300.jpg\" alt=\"pdf2\" srcset=\"https:\/\/ynra.ca\/wp-content\/uploads\/2018\/07\/Pdf2-230x300.jpg 230w, https:\/\/ynra.ca\/wp-content\/uploads\/2018\/07\/Pdf2.jpg 608w\" sizes=\"auto, (max-width: 230px) 100vw, 230px\" \/><\/a><\/p>\n<p class=\"eq\"><strong>Wellness Advocate Toolkit (Anglais)<\/strong><\/p>\n<p>[\/vc_column_text][\/vc_column][vc_column width=\u00a0\u00bb1\/3&Prime;][vc_column_text]<a href=\"http:\/\/ynra.ca\/wp-content\/uploads\/2018\/07\/Yearbook_2017_post_HeadStrong_summit.pdf\" target=\"_blank\" rel=\"noopener noreferrer\"><img loading=\"lazy\" decoding=\"async\" width=\"230\" height=\"300\" class=\"alignnone wp-image-104 size-medium\" src=\"http:\/\/ynra.ca\/wp-content\/uploads\/2018\/07\/PDF4-230x300.jpg\" alt=\"PDF4\" srcset=\"https:\/\/ynra.ca\/wp-content\/uploads\/2018\/07\/PDF4-230x300.jpg 230w, https:\/\/ynra.ca\/wp-content\/uploads\/2018\/07\/PDF4.jpg 608w\" sizes=\"auto, (max-width: 230px) 100vw, 230px\" \/><\/a><\/p>\n<p class=\"eq\"><strong>2017 Yearbook (Anglais)<\/strong><\/p>\n<p>[\/vc_column_text][\/vc_column][\/vc_row][vc_row][vc_column][vc_custom_heading text=\u00a0\u00bbPour les adultes\u00a0\u00bb use_theme_fonts=\u00a0\u00bbyes\u00a0\u00bb][\/vc_column][\/vc_row][vc_row][vc_column width=\u00a0\u00bb1\/4&Prime;][vc_column_text]<a href=\"http:\/\/ynra.ca\/wp-content\/uploads\/2018\/07\/English_Teacher_Guide.pdf\" target=\"_blank\" rel=\"noopener noreferrer\"><img loading=\"lazy\" decoding=\"async\" width=\"230\" height=\"300\" class=\"alignnone wp-image-108 size-medium\" src=\"http:\/\/ynra.ca\/wp-content\/uploads\/2018\/07\/pdf6-230x300.jpg\" alt=\"english teachers guide\" srcset=\"https:\/\/ynra.ca\/wp-content\/uploads\/2018\/07\/pdf6-230x300.jpg 230w, https:\/\/ynra.ca\/wp-content\/uploads\/2018\/07\/pdf6.jpg 608w\" sizes=\"auto, (max-width: 230px) 100vw, 230px\" \/><\/a><br \/>\n<strong>Teacher&rsquo;s Guide (Anglais)<\/strong>[\/vc_column_text][\/vc_column][vc_column width=\u00a0\u00bb1\/4&Prime;][vc_single_image image=\u00a0\u00bb27977&Prime; img_size=\u00a0\u00bbfull\u00a0\u00bb][vc_column_text]<\/p>\n<p style=\"text-align: center;\"><a href=\"http:\/\/ynra.ca\/wp-content\/uploads\/2023\/05\/Bien-Etre-Feuille-de-Travail-FR-2023.pdf\" target=\"_blank\" rel=\"noopener\">Bien \u00eatre &#8211; Feuille de travail<\/a><\/p>\n<p>[\/vc_column_text][\/vc_column][vc_column width=\u00a0\u00bb1\/4&Prime;][vc_single_image image=\u00a0\u00bb27975&Prime; img_size=\u00a0\u00bbfull\u00a0\u00bb][vc_column_text]<\/p>\n<p style=\"text-align: center;\"><a href=\"http:\/\/ynra.ca\/wp-content\/uploads\/2023\/05\/StressMOINS-Feuille-de-Travail-FR-Feb-2022.pdf\" target=\"_blank\" rel=\"noopener\">StressMOINS &#8211; Feuille de travail <\/a><\/p>\n<p>[\/vc_column_text][\/vc_column][vc_column width=\u00a0\u00bb1\/4&Prime;][vc_single_image image=\u00a0\u00bb27973&Prime; img_size=\u00a0\u00bbfull\u00a0\u00bb][vc_column_text]<\/p>\n<p style=\"text-align: center;\"><a href=\"http:\/\/ynra.ca\/wp-content\/uploads\/2023\/05\/Commend-Aider-Une-Amie-Feuille-de-Travail-FR-May-2022.pdf\" target=\"_blank\" rel=\"noopener\">Comment aider un(e) ami(e) &#8211; Feuille de travail <\/a><\/p>\n<p>[\/vc_column_text][\/vc_column][\/vc_row][vc_row][vc_column][vc_custom_heading text=\u00a0\u00bbRapports\u00a0\u00bb use_theme_fonts=\u00a0\u00bbyes\u00a0\u00bb][\/vc_column][\/vc_row][vc_row][vc_column width=\u00a0\u00bb1\/4&Prime;][vc_column_text]<a href=\"http:\/\/ynra.ca\/wp-content\/uploads\/2021\/06\/YNRA-Rapport-sommaire-du-25e-anniversaire.pdf\" target=\"_blank\" rel=\"noopener noreferrer\"><img decoding=\"async\" class=\"alignnone size-medium wp-image-29706\" src=\"http:\/\/ynra.ca\/wp-content\/uploads\/2024\/01\/discussionFR-230x300.png\" alt=\"conversation report\" \/><\/a><br \/>\n<b>Rapport sommaire des discussions du 25e anniversaire du YNRA<\/b>[\/vc_column_text][\/vc_column][vc_column width=\u00a0\u00bb1\/4&Prime;][vc_column_text]<a href=\"http:\/\/ynra.ca\/wp-content\/uploads\/2024\/01\/Youth-Adult-Conversation-Summary-Report-FR.pdf\" target=\"_blank\" rel=\"noopener noreferrer\"><img decoding=\"async\" class=\"alignnone size-medium wp-image-29706\" src=\"http:\/\/ynra.ca\/wp-content\/uploads\/2024\/01\/conversationreportFR-230x300.png\" alt=\"conversation report\" \/><\/a><br \/>\n<b>R\u00c9SUM\u00c9 DE L\u2019ACTIVIT\u00c9 DE CONVERSATION AVEC LES JEUNES ET LES ADULTES<\/b>[\/vc_column_text][\/vc_column][vc_column width=\u00a0\u00bb1\/4&Prime;][vc_column_text]<a href=\"http:\/\/ynra.ca\/wp-content\/uploads\/2018\/07\/YNRA_Annual_Research_Report_2015-2017.pdf\" target=\"_blank\" rel=\"noopener noreferrer\"><img loading=\"lazy\" decoding=\"async\" width=\"230\" height=\"300\" class=\"alignnone wp-image-106 size-medium\" src=\"http:\/\/ynra.ca\/wp-content\/uploads\/2018\/07\/PDF5-230x300.jpg\" alt=\"ynra annual report 2015-2017\" srcset=\"https:\/\/ynra.ca\/wp-content\/uploads\/2018\/07\/PDF5-230x300.jpg 230w, https:\/\/ynra.ca\/wp-content\/uploads\/2018\/07\/PDF5.jpg 608w\" sizes=\"auto, (max-width: 230px) 100vw, 230px\" \/><\/a><br \/>\n<strong>Rapport Annuel YNRA 2015-2017<\/strong>[\/vc_column_text][\/vc_column][vc_column width=\u00a0\u00bb1\/4&Prime;][vc_column_text]<a href=\"\/wp-content\/uploads\/2019\/06\/YNRA-Annual-Report-2017-2018-FINAL-DRAFT.pdf\" target=\"_blank\" rel=\"noopener noreferrer\"><img loading=\"lazy\" decoding=\"async\" width=\"230\" height=\"300\" class=\"alignnone wp-image-1996 size-medium\" src=\"http:\/\/ynra.ca\/wp-content\/uploads\/2019\/06\/PDF8-230x300.jpg\" alt=\"\" srcset=\"https:\/\/ynra.ca\/wp-content\/uploads\/2019\/06\/PDF8-230x300.jpg 230w, https:\/\/ynra.ca\/wp-content\/uploads\/2019\/06\/PDF8.jpg 608w\" sizes=\"auto, (max-width: 230px) 100vw, 230px\" \/><\/a><br \/>\n<strong>YNRA Annual Report 2017-2018<\/strong>[\/vc_column_text][\/vc_column][\/vc_row][vc_row][vc_column][vc_custom_heading text=\u00a0\u00bbRessources sur la sant\u00e9 mentale des jeunes et la COVID-19&Prime; use_theme_fonts=\u00a0\u00bbyes\u00a0\u00bb][\/vc_column][\/vc_row][vc_row][vc_column][vc_gallery type=\u00a0\u00bbimage_grid\u00a0\u00bb images=\u00a0\u00bb17436,28014,28016,28018,28020,28022,28024,28026&Prime; img_size=\u00a0\u00bbmedium\u00a0\u00bb][vc_column_text]<\/p>\n<p style=\"text-align: center;\">Vous \u00eates invit\u00e9s \u00e0 t\u00e9l\u00e9charger et \u00e0 imprimer ces affiches ou vous pouvez nous contacter \u00e0 <a href=\"mailto:ynra@cheo.on.ca\"><strong>ynra@cheo.on.ca<\/strong><\/a> pour vous renseigner sur comment commander plusieurs exemplaires imprim\u00e9s en couleurs pour votre \u00e9cole\/salle de classe ou espace jeunesse.<\/p>\n<p>&nbsp;[\/vc_column_text][\/vc_column][\/vc_row]<\/p>\n","protected":false},"excerpt":{"rendered":"<p>[vc_row][vc_column][vc_custom_heading text=\u00a0\u00bbPour les jeunes\u00a0\u00bb use_theme_fonts=\u00a0\u00bbyes\u00a0\u00bb][\/vc_column][\/vc_row][vc_row][vc_column width=\u00a0\u00bb1\/3&Prime;][vc_column_text] Mind Your Mouth Zine (Anglais) [\/vc_column_text][\/vc_column][vc_column width=\u00a0\u00bb1\/3&Prime;][vc_column_text] Wellness Advocate Toolkit (Anglais) [\/vc_column_text][\/vc_column][vc_column width=\u00a0\u00bb1\/3&Prime;][vc_column_text] 2017 Yearbook (Anglais) [\/vc_column_text][\/vc_column][\/vc_row][vc_row][vc_column][vc_custom_heading text=\u00a0\u00bbPour les adultes\u00a0\u00bb use_theme_fonts=\u00a0\u00bbyes\u00a0\u00bb][\/vc_column][\/vc_row][vc_row][vc_column width=\u00a0\u00bb1\/4&Prime;][vc_column_text] Teacher&rsquo;s Guide (Anglais)[\/vc_column_text][\/vc_column][vc_column width=\u00a0\u00bb1\/4&Prime;][vc_single_image image=\u00a0\u00bb27977&Prime; img_size=\u00a0\u00bbfull\u00a0\u00bb][vc_column_text] Bien \u00eatre &#8211; Feuille de travail [\/vc_column_text][\/vc_column][vc_column width=\u00a0\u00bb1\/4&Prime;][vc_single_image image=\u00a0\u00bb27975&Prime; img_size=\u00a0\u00bbfull\u00a0\u00bb][vc_column_text] StressMOINS &#8211; Feuille de travail [\/vc_column_text][\/vc_column][vc_column width=\u00a0\u00bb1\/4&Prime;][vc_single_image image=\u00a0\u00bb27973&Prime; img_size=\u00a0\u00bbfull\u00a0\u00bb][vc_column_text] Comment aider &hellip;<\/p>\n","protected":false},"author":1,"featured_media":0,"parent":0,"menu_order":40,"comment_status":"closed","ping_status":"closed","template":"","meta":{"_acf_changed":false,"footnotes":""},"class_list":["post-172","page","type-page","status-publish","hentry"],"acf":[],"yoast_head":"<!-- This site is optimized with the Yoast SEO plugin v27.3 - https:\/\/yoast.com\/product\/yoast-seo-wordpress\/ -->\n<title>Ressources - YouthNet R\u00e9seauAdo<\/title>\n<meta name=\"robots\" content=\"index, follow, max-snippet:-1, max-image-preview:large, max-video-preview:-1\" \/>\n<link rel=\"canonical\" href=\"https:\/\/ynra.ca\/fr\/ressources-sante-mentale-francophone\/\" \/>\n<meta property=\"og:locale\" content=\"fr_FR\" \/>\n<meta property=\"og:type\" content=\"article\" \/>\n<meta property=\"og:title\" content=\"Ressources - YouthNet R\u00e9seauAdo\" \/>\n<meta property=\"og:description\" content=\"[vc_row][vc_column][vc_custom_heading text=\u00a0\u00bbPour les jeunes\u00a0\u00bb use_theme_fonts=\u00a0\u00bbyes\u00a0\u00bb][\/vc_column][\/vc_row][vc_row][vc_column width=\u00a0\u00bb1\/3&Prime;][vc_column_text] Mind Your Mouth Zine (Anglais) [\/vc_column_text][\/vc_column][vc_column width=\u00a0\u00bb1\/3&Prime;][vc_column_text] Wellness Advocate Toolkit (Anglais) [\/vc_column_text][\/vc_column][vc_column width=\u00a0\u00bb1\/3&Prime;][vc_column_text] 2017 Yearbook (Anglais) [\/vc_column_text][\/vc_column][\/vc_row][vc_row][vc_column][vc_custom_heading text=\u00a0\u00bbPour les adultes\u00a0\u00bb use_theme_fonts=\u00a0\u00bbyes\u00a0\u00bb][\/vc_column][\/vc_row][vc_row][vc_column width=\u00a0\u00bb1\/4&Prime;][vc_column_text] Teacher&rsquo;s Guide (Anglais)[\/vc_column_text][\/vc_column][vc_column width=\u00a0\u00bb1\/4&Prime;][vc_single_image image=\u00a0\u00bb27977&Prime; img_size=\u00a0\u00bbfull\u00a0\u00bb][vc_column_text] Bien \u00eatre &#8211; Feuille de travail [\/vc_column_text][\/vc_column][vc_column width=\u00a0\u00bb1\/4&Prime;][vc_single_image image=\u00a0\u00bb27975&Prime; img_size=\u00a0\u00bbfull\u00a0\u00bb][vc_column_text] StressMOINS &#8211; Feuille de travail [\/vc_column_text][\/vc_column][vc_column width=\u00a0\u00bb1\/4&Prime;][vc_single_image image=\u00a0\u00bb27973&Prime; img_size=\u00a0\u00bbfull\u00a0\u00bb][vc_column_text] Comment aider &hellip;\" \/>\n<meta property=\"og:url\" content=\"https:\/\/ynra.ca\/fr\/ressources-sante-mentale-francophone\/\" \/>\n<meta property=\"og:site_name\" content=\"YouthNet R\u00e9seauAdo\" \/>\n<meta property=\"article:modified_time\" content=\"2024-01-28T02:20:48+00:00\" \/>\n<meta property=\"og:image\" content=\"http:\/\/ynra.ca\/wp-content\/uploads\/2018\/07\/pdf1-230x300.jpg\" \/>\n<meta name=\"twitter:card\" content=\"summary_large_image\" \/>\n<meta name=\"twitter:label1\" content=\"Dur\u00e9e de lecture estim\u00e9e\" \/>\n\t<meta name=\"twitter:data1\" content=\"4 minutes\" \/>\n<script type=\"application\/ld+json\" class=\"yoast-schema-graph\">{\"@context\":\"https:\\\/\\\/schema.org\",\"@graph\":[{\"@type\":\"WebPage\",\"@id\":\"https:\\\/\\\/ynra.ca\\\/fr\\\/ressources-sante-mentale-francophone\\\/\",\"url\":\"https:\\\/\\\/ynra.ca\\\/fr\\\/ressources-sante-mentale-francophone\\\/\",\"name\":\"Ressources - YouthNet R\u00e9seauAdo\",\"isPartOf\":{\"@id\":\"https:\\\/\\\/ynra.ca\\\/#website\"},\"primaryImageOfPage\":{\"@id\":\"https:\\\/\\\/ynra.ca\\\/fr\\\/ressources-sante-mentale-francophone\\\/#primaryimage\"},\"image\":{\"@id\":\"https:\\\/\\\/ynra.ca\\\/fr\\\/ressources-sante-mentale-francophone\\\/#primaryimage\"},\"thumbnailUrl\":\"http:\\\/\\\/ynra.ca\\\/wp-content\\\/uploads\\\/2018\\\/07\\\/pdf1-230x300.jpg\",\"datePublished\":\"2018-07-03T23:56:42+00:00\",\"dateModified\":\"2024-01-28T02:20:48+00:00\",\"inLanguage\":\"fr-FR\",\"potentialAction\":[{\"@type\":\"ReadAction\",\"target\":[\"https:\\\/\\\/ynra.ca\\\/fr\\\/ressources-sante-mentale-francophone\\\/\"]}]},{\"@type\":\"ImageObject\",\"inLanguage\":\"fr-FR\",\"@id\":\"https:\\\/\\\/ynra.ca\\\/fr\\\/ressources-sante-mentale-francophone\\\/#primaryimage\",\"url\":\"http:\\\/\\\/ynra.ca\\\/wp-content\\\/uploads\\\/2018\\\/07\\\/pdf1-230x300.jpg\",\"contentUrl\":\"http:\\\/\\\/ynra.ca\\\/wp-content\\\/uploads\\\/2018\\\/07\\\/pdf1-230x300.jpg\"},{\"@type\":\"WebSite\",\"@id\":\"https:\\\/\\\/ynra.ca\\\/#website\",\"url\":\"https:\\\/\\\/ynra.ca\\\/\",\"name\":\"YouthNet R\u00e9seauAdo\",\"description\":\"Mental Health Services for Youth\",\"publisher\":{\"@id\":\"https:\\\/\\\/ynra.ca\\\/#organization\"},\"potentialAction\":[{\"@type\":\"SearchAction\",\"target\":{\"@type\":\"EntryPoint\",\"urlTemplate\":\"https:\\\/\\\/ynra.ca\\\/?s={search_term_string}\"},\"query-input\":{\"@type\":\"PropertyValueSpecification\",\"valueRequired\":true,\"valueName\":\"search_term_string\"}}],\"inLanguage\":\"fr-FR\"},{\"@type\":\"Organization\",\"@id\":\"https:\\\/\\\/ynra.ca\\\/#organization\",\"name\":\"YouthNet R\u00e9seauAdo\",\"url\":\"https:\\\/\\\/ynra.ca\\\/\",\"logo\":{\"@type\":\"ImageObject\",\"inLanguage\":\"fr-FR\",\"@id\":\"https:\\\/\\\/ynra.ca\\\/#\\\/schema\\\/logo\\\/image\\\/\",\"url\":\"https:\\\/\\\/ynra.ca\\\/wp-content\\\/uploads\\\/2018\\\/07\\\/ynra-logo.png\",\"contentUrl\":\"https:\\\/\\\/ynra.ca\\\/wp-content\\\/uploads\\\/2018\\\/07\\\/ynra-logo.png\",\"width\":241,\"height\":115,\"caption\":\"YouthNet R\u00e9seauAdo\"},\"image\":{\"@id\":\"https:\\\/\\\/ynra.ca\\\/#\\\/schema\\\/logo\\\/image\\\/\"}}]}<\/script>\n<!-- \/ Yoast SEO plugin. -->","yoast_head_json":{"title":"Ressources - YouthNet R\u00e9seauAdo","robots":{"index":"index","follow":"follow","max-snippet":"max-snippet:-1","max-image-preview":"max-image-preview:large","max-video-preview":"max-video-preview:-1"},"canonical":"https:\/\/ynra.ca\/fr\/ressources-sante-mentale-francophone\/","og_locale":"fr_FR","og_type":"article","og_title":"Ressources - YouthNet R\u00e9seauAdo","og_description":"[vc_row][vc_column][vc_custom_heading text=\u00a0\u00bbPour les jeunes\u00a0\u00bb use_theme_fonts=\u00a0\u00bbyes\u00a0\u00bb][\/vc_column][\/vc_row][vc_row][vc_column width=\u00a0\u00bb1\/3&Prime;][vc_column_text] Mind Your Mouth Zine (Anglais) [\/vc_column_text][\/vc_column][vc_column width=\u00a0\u00bb1\/3&Prime;][vc_column_text] Wellness Advocate Toolkit (Anglais) [\/vc_column_text][\/vc_column][vc_column width=\u00a0\u00bb1\/3&Prime;][vc_column_text] 2017 Yearbook (Anglais) [\/vc_column_text][\/vc_column][\/vc_row][vc_row][vc_column][vc_custom_heading text=\u00a0\u00bbPour les adultes\u00a0\u00bb use_theme_fonts=\u00a0\u00bbyes\u00a0\u00bb][\/vc_column][\/vc_row][vc_row][vc_column width=\u00a0\u00bb1\/4&Prime;][vc_column_text] Teacher&rsquo;s Guide (Anglais)[\/vc_column_text][\/vc_column][vc_column width=\u00a0\u00bb1\/4&Prime;][vc_single_image image=\u00a0\u00bb27977&Prime; img_size=\u00a0\u00bbfull\u00a0\u00bb][vc_column_text] Bien \u00eatre &#8211; Feuille de travail [\/vc_column_text][\/vc_column][vc_column width=\u00a0\u00bb1\/4&Prime;][vc_single_image image=\u00a0\u00bb27975&Prime; img_size=\u00a0\u00bbfull\u00a0\u00bb][vc_column_text] StressMOINS &#8211; Feuille de travail [\/vc_column_text][\/vc_column][vc_column width=\u00a0\u00bb1\/4&Prime;][vc_single_image image=\u00a0\u00bb27973&Prime; img_size=\u00a0\u00bbfull\u00a0\u00bb][vc_column_text] Comment aider &hellip;","og_url":"https:\/\/ynra.ca\/fr\/ressources-sante-mentale-francophone\/","og_site_name":"YouthNet R\u00e9seauAdo","article_modified_time":"2024-01-28T02:20:48+00:00","og_image":[{"url":"http:\/\/ynra.ca\/wp-content\/uploads\/2018\/07\/pdf1-230x300.jpg","type":"","width":"","height":""}],"twitter_card":"summary_large_image","twitter_misc":{"Dur\u00e9e de lecture estim\u00e9e":"4 minutes"},"schema":{"@context":"https:\/\/schema.org","@graph":[{"@type":"WebPage","@id":"https:\/\/ynra.ca\/fr\/ressources-sante-mentale-francophone\/","url":"https:\/\/ynra.ca\/fr\/ressources-sante-mentale-francophone\/","name":"Ressources - YouthNet R\u00e9seauAdo","isPartOf":{"@id":"https:\/\/ynra.ca\/#website"},"primaryImageOfPage":{"@id":"https:\/\/ynra.ca\/fr\/ressources-sante-mentale-francophone\/#primaryimage"},"image":{"@id":"https:\/\/ynra.ca\/fr\/ressources-sante-mentale-francophone\/#primaryimage"},"thumbnailUrl":"http:\/\/ynra.ca\/wp-content\/uploads\/2018\/07\/pdf1-230x300.jpg","datePublished":"2018-07-03T23:56:42+00:00","dateModified":"2024-01-28T02:20:48+00:00","inLanguage":"fr-FR","potentialAction":[{"@type":"ReadAction","target":["https:\/\/ynra.ca\/fr\/ressources-sante-mentale-francophone\/"]}]},{"@type":"ImageObject","inLanguage":"fr-FR","@id":"https:\/\/ynra.ca\/fr\/ressources-sante-mentale-francophone\/#primaryimage","url":"http:\/\/ynra.ca\/wp-content\/uploads\/2018\/07\/pdf1-230x300.jpg","contentUrl":"http:\/\/ynra.ca\/wp-content\/uploads\/2018\/07\/pdf1-230x300.jpg"},{"@type":"WebSite","@id":"https:\/\/ynra.ca\/#website","url":"https:\/\/ynra.ca\/","name":"YouthNet R\u00e9seauAdo","description":"Mental Health Services for Youth","publisher":{"@id":"https:\/\/ynra.ca\/#organization"},"potentialAction":[{"@type":"SearchAction","target":{"@type":"EntryPoint","urlTemplate":"https:\/\/ynra.ca\/?s={search_term_string}"},"query-input":{"@type":"PropertyValueSpecification","valueRequired":true,"valueName":"search_term_string"}}],"inLanguage":"fr-FR"},{"@type":"Organization","@id":"https:\/\/ynra.ca\/#organization","name":"YouthNet R\u00e9seauAdo","url":"https:\/\/ynra.ca\/","logo":{"@type":"ImageObject","inLanguage":"fr-FR","@id":"https:\/\/ynra.ca\/#\/schema\/logo\/image\/","url":"https:\/\/ynra.ca\/wp-content\/uploads\/2018\/07\/ynra-logo.png","contentUrl":"https:\/\/ynra.ca\/wp-content\/uploads\/2018\/07\/ynra-logo.png","width":241,"height":115,"caption":"YouthNet R\u00e9seauAdo"},"image":{"@id":"https:\/\/ynra.ca\/#\/schema\/logo\/image\/"}}]}},"_links":{"self":[{"href":"https:\/\/ynra.ca\/fr\/wp-json\/wp\/v2\/pages\/172","targetHints":{"allow":["GET"]}}],"collection":[{"href":"https:\/\/ynra.ca\/fr\/wp-json\/wp\/v2\/pages"}],"about":[{"href":"https:\/\/ynra.ca\/fr\/wp-json\/wp\/v2\/types\/page"}],"author":[{"embeddable":true,"href":"https:\/\/ynra.ca\/fr\/wp-json\/wp\/v2\/users\/1"}],"replies":[{"embeddable":true,"href":"https:\/\/ynra.ca\/fr\/wp-json\/wp\/v2\/comments?post=172"}],"version-history":[{"count":62,"href":"https:\/\/ynra.ca\/fr\/wp-json\/wp\/v2\/pages\/172\/revisions"}],"predecessor-version":[{"id":29735,"href":"https:\/\/ynra.ca\/fr\/wp-json\/wp\/v2\/pages\/172\/revisions\/29735"}],"wp:attachment":[{"href":"https:\/\/ynra.ca\/fr\/wp-json\/wp\/v2\/media?parent=172"}],"curies":[{"name":"wp","href":"https:\/\/api.w.org\/{rel}","templated":true}]}}