{"id":170,"date":"2018-07-03T23:56:11","date_gmt":"2018-07-03T23:56:11","guid":{"rendered":"http:\/\/ynra.ca\/?page_id=170"},"modified":"2018-07-04T00:23:42","modified_gmt":"2018-07-04T00:23:42","slug":"cabines-information","status":"publish","type":"page","link":"https:\/\/ynra.ca\/fr\/services-sante-mental-jeunesse\/cabines-information\/","title":{"rendered":"Cabines d&rsquo;information"},"content":{"rendered":"<p>Nos kiosques d&rsquo;information conviennent \u00e0 toutes sortes de fonctions qui pourraient b\u00e9n\u00e9ficier d&rsquo;informations sur la sant\u00e9 mentale et la maladie mentale. Nos cabines d&rsquo;information sont une mine d&rsquo;informations et de ressources qui sont un excellent ajout \u00e0 tout \u00e9v\u00e9nement. \u00c0 travers ces kiosques, nous fournissons et connectons ceux qui sont en besoin des ressources, et favorisons le bien-\u00eatre mental.<\/p>\n<p><a href=\"\/fr\/contact\/\">Contactez-nous aujourd&rsquo;hui pour en savoir plus!<\/a><\/p>\n","protected":false},"excerpt":{"rendered":"<p>Nos kiosques d&rsquo;information conviennent \u00e0 toutes sortes de fonctions qui pourraient b\u00e9n\u00e9ficier d&rsquo;informations sur la sant\u00e9 mentale et la maladie mentale. Nos cabines d&rsquo;information sont une mine d&rsquo;informations et de ressources qui sont un excellent ajout \u00e0 tout \u00e9v\u00e9nement. \u00c0 travers ces kiosques, nous fournissons et connectons ceux qui sont en besoin des ressources, et &hellip;<\/p>\n","protected":false},"author":1,"featured_media":0,"parent":163,"menu_order":30,"comment_status":"closed","ping_status":"closed","template":"","meta":{"_acf_changed":false,"footnotes":""},"class_list":["post-170","page","type-page","status-publish","hentry"],"acf":[],"yoast_head":"<!-- This site is optimized with the Yoast SEO plugin v27.3 - https:\/\/yoast.com\/product\/yoast-seo-wordpress\/ -->\n<title>Cabines d&#039;information - YouthNet R\u00e9seauAdo<\/title>\n<meta name=\"robots\" content=\"index, follow, max-snippet:-1, max-image-preview:large, max-video-preview:-1\" \/>\n<link rel=\"canonical\" href=\"https:\/\/ynra.ca\/fr\/services-sante-mental-jeunesse\/cabines-information\/\" \/>\n<meta property=\"og:locale\" content=\"fr_FR\" \/>\n<meta property=\"og:type\" content=\"article\" \/>\n<meta property=\"og:title\" content=\"Cabines d&#039;information - YouthNet R\u00e9seauAdo\" \/>\n<meta property=\"og:description\" content=\"Nos kiosques d&rsquo;information conviennent \u00e0 toutes sortes de fonctions qui pourraient b\u00e9n\u00e9ficier d&rsquo;informations sur la sant\u00e9 mentale et la maladie mentale. Nos cabines d&rsquo;information sont une mine d&rsquo;informations et de ressources qui sont un excellent ajout \u00e0 tout \u00e9v\u00e9nement. \u00c0 travers ces kiosques, nous fournissons et connectons ceux qui sont en besoin des ressources, et &hellip;\" \/>\n<meta property=\"og:url\" content=\"https:\/\/ynra.ca\/fr\/services-sante-mental-jeunesse\/cabines-information\/\" \/>\n<meta property=\"og:site_name\" content=\"YouthNet R\u00e9seauAdo\" \/>\n<meta property=\"article:modified_time\" content=\"2018-07-04T00:23:42+00:00\" \/>\n<meta name=\"twitter:card\" content=\"summary_large_image\" \/>\n<script type=\"application\/ld+json\" class=\"yoast-schema-graph\">{\"@context\":\"https:\\\/\\\/schema.org\",\"@graph\":[{\"@type\":\"WebPage\",\"@id\":\"https:\\\/\\\/ynra.ca\\\/fr\\\/services-sante-mental-jeunesse\\\/cabines-information\\\/\",\"url\":\"https:\\\/\\\/ynra.ca\\\/fr\\\/services-sante-mental-jeunesse\\\/cabines-information\\\/\",\"name\":\"Cabines d'information - YouthNet R\u00e9seauAdo\",\"isPartOf\":{\"@id\":\"https:\\\/\\\/ynra.ca\\\/#website\"},\"datePublished\":\"2018-07-03T23:56:11+00:00\",\"dateModified\":\"2018-07-04T00:23:42+00:00\",\"breadcrumb\":{\"@id\":\"https:\\\/\\\/ynra.ca\\\/fr\\\/services-sante-mental-jeunesse\\\/cabines-information\\\/#breadcrumb\"},\"inLanguage\":\"fr-FR\",\"potentialAction\":[{\"@type\":\"ReadAction\",\"target\":[\"https:\\\/\\\/ynra.ca\\\/fr\\\/services-sante-mental-jeunesse\\\/cabines-information\\\/\"]}]},{\"@type\":\"BreadcrumbList\",\"@id\":\"https:\\\/\\\/ynra.ca\\\/fr\\\/services-sante-mental-jeunesse\\\/cabines-information\\\/#breadcrumb\",\"itemListElement\":[{\"@type\":\"ListItem\",\"position\":1,\"name\":\"Services\",\"item\":\"http:\\\/\\\/ynra.ca\\\/fr\\\/services-sante-mental-jeunesse\\\/\"},{\"@type\":\"ListItem\",\"position\":2,\"name\":\"Cabines d&rsquo;information\"}]},{\"@type\":\"WebSite\",\"@id\":\"https:\\\/\\\/ynra.ca\\\/#website\",\"url\":\"https:\\\/\\\/ynra.ca\\\/\",\"name\":\"YouthNet R\u00e9seauAdo\",\"description\":\"Mental Health Services for Youth\",\"publisher\":{\"@id\":\"https:\\\/\\\/ynra.ca\\\/#organization\"},\"potentialAction\":[{\"@type\":\"SearchAction\",\"target\":{\"@type\":\"EntryPoint\",\"urlTemplate\":\"https:\\\/\\\/ynra.ca\\\/?s={search_term_string}\"},\"query-input\":{\"@type\":\"PropertyValueSpecification\",\"valueRequired\":true,\"valueName\":\"search_term_string\"}}],\"inLanguage\":\"fr-FR\"},{\"@type\":\"Organization\",\"@id\":\"https:\\\/\\\/ynra.ca\\\/#organization\",\"name\":\"YouthNet R\u00e9seauAdo\",\"url\":\"https:\\\/\\\/ynra.ca\\\/\",\"logo\":{\"@type\":\"ImageObject\",\"inLanguage\":\"fr-FR\",\"@id\":\"https:\\\/\\\/ynra.ca\\\/#\\\/schema\\\/logo\\\/image\\\/\",\"url\":\"https:\\\/\\\/ynra.ca\\\/wp-content\\\/uploads\\\/2018\\\/07\\\/ynra-logo.png\",\"contentUrl\":\"https:\\\/\\\/ynra.ca\\\/wp-content\\\/uploads\\\/2018\\\/07\\\/ynra-logo.png\",\"width\":241,\"height\":115,\"caption\":\"YouthNet R\u00e9seauAdo\"},\"image\":{\"@id\":\"https:\\\/\\\/ynra.ca\\\/#\\\/schema\\\/logo\\\/image\\\/\"}}]}<\/script>\n<!-- \/ Yoast SEO plugin. -->","yoast_head_json":{"title":"Cabines d'information - YouthNet R\u00e9seauAdo","robots":{"index":"index","follow":"follow","max-snippet":"max-snippet:-1","max-image-preview":"max-image-preview:large","max-video-preview":"max-video-preview:-1"},"canonical":"https:\/\/ynra.ca\/fr\/services-sante-mental-jeunesse\/cabines-information\/","og_locale":"fr_FR","og_type":"article","og_title":"Cabines d'information - YouthNet R\u00e9seauAdo","og_description":"Nos kiosques d&rsquo;information conviennent \u00e0 toutes sortes de fonctions qui pourraient b\u00e9n\u00e9ficier d&rsquo;informations sur la sant\u00e9 mentale et la maladie mentale. Nos cabines d&rsquo;information sont une mine d&rsquo;informations et de ressources qui sont un excellent ajout \u00e0 tout \u00e9v\u00e9nement. \u00c0 travers ces kiosques, nous fournissons et connectons ceux qui sont en besoin des ressources, et &hellip;","og_url":"https:\/\/ynra.ca\/fr\/services-sante-mental-jeunesse\/cabines-information\/","og_site_name":"YouthNet R\u00e9seauAdo","article_modified_time":"2018-07-04T00:23:42+00:00","twitter_card":"summary_large_image","schema":{"@context":"https:\/\/schema.org","@graph":[{"@type":"WebPage","@id":"https:\/\/ynra.ca\/fr\/services-sante-mental-jeunesse\/cabines-information\/","url":"https:\/\/ynra.ca\/fr\/services-sante-mental-jeunesse\/cabines-information\/","name":"Cabines d'information - YouthNet R\u00e9seauAdo","isPartOf":{"@id":"https:\/\/ynra.ca\/#website"},"datePublished":"2018-07-03T23:56:11+00:00","dateModified":"2018-07-04T00:23:42+00:00","breadcrumb":{"@id":"https:\/\/ynra.ca\/fr\/services-sante-mental-jeunesse\/cabines-information\/#breadcrumb"},"inLanguage":"fr-FR","potentialAction":[{"@type":"ReadAction","target":["https:\/\/ynra.ca\/fr\/services-sante-mental-jeunesse\/cabines-information\/"]}]},{"@type":"BreadcrumbList","@id":"https:\/\/ynra.ca\/fr\/services-sante-mental-jeunesse\/cabines-information\/#breadcrumb","itemListElement":[{"@type":"ListItem","position":1,"name":"Services","item":"http:\/\/ynra.ca\/fr\/services-sante-mental-jeunesse\/"},{"@type":"ListItem","position":2,"name":"Cabines d&rsquo;information"}]},{"@type":"WebSite","@id":"https:\/\/ynra.ca\/#website","url":"https:\/\/ynra.ca\/","name":"YouthNet R\u00e9seauAdo","description":"Mental Health Services for Youth","publisher":{"@id":"https:\/\/ynra.ca\/#organization"},"potentialAction":[{"@type":"SearchAction","target":{"@type":"EntryPoint","urlTemplate":"https:\/\/ynra.ca\/?s={search_term_string}"},"query-input":{"@type":"PropertyValueSpecification","valueRequired":true,"valueName":"search_term_string"}}],"inLanguage":"fr-FR"},{"@type":"Organization","@id":"https:\/\/ynra.ca\/#organization","name":"YouthNet R\u00e9seauAdo","url":"https:\/\/ynra.ca\/","logo":{"@type":"ImageObject","inLanguage":"fr-FR","@id":"https:\/\/ynra.ca\/#\/schema\/logo\/image\/","url":"https:\/\/ynra.ca\/wp-content\/uploads\/2018\/07\/ynra-logo.png","contentUrl":"https:\/\/ynra.ca\/wp-content\/uploads\/2018\/07\/ynra-logo.png","width":241,"height":115,"caption":"YouthNet R\u00e9seauAdo"},"image":{"@id":"https:\/\/ynra.ca\/#\/schema\/logo\/image\/"}}]}},"_links":{"self":[{"href":"https:\/\/ynra.ca\/fr\/wp-json\/wp\/v2\/pages\/170","targetHints":{"allow":["GET"]}}],"collection":[{"href":"https:\/\/ynra.ca\/fr\/wp-json\/wp\/v2\/pages"}],"about":[{"href":"https:\/\/ynra.ca\/fr\/wp-json\/wp\/v2\/types\/page"}],"author":[{"embeddable":true,"href":"https:\/\/ynra.ca\/fr\/wp-json\/wp\/v2\/users\/1"}],"replies":[{"embeddable":true,"href":"https:\/\/ynra.ca\/fr\/wp-json\/wp\/v2\/comments?post=170"}],"version-history":[{"count":2,"href":"https:\/\/ynra.ca\/fr\/wp-json\/wp\/v2\/pages\/170\/revisions"}],"predecessor-version":[{"id":194,"href":"https:\/\/ynra.ca\/fr\/wp-json\/wp\/v2\/pages\/170\/revisions\/194"}],"up":[{"embeddable":true,"href":"https:\/\/ynra.ca\/fr\/wp-json\/wp\/v2\/pages\/163"}],"wp:attachment":[{"href":"https:\/\/ynra.ca\/fr\/wp-json\/wp\/v2\/media?parent=170"}],"curies":[{"name":"wp","href":"https:\/\/api.w.org\/{rel}","templated":true}]}}