{"id":168,"date":"2018-07-03T23:55:41","date_gmt":"2018-07-03T23:55:41","guid":{"rendered":"http:\/\/ynra.ca\/?page_id=168"},"modified":"2026-03-30T15:01:27","modified_gmt":"2026-03-30T19:01:27","slug":"programmes-pour-les-jeunes","status":"publish","type":"page","link":"https:\/\/ynra.ca\/fr\/services-sante-mental-jeunesse\/programmes-pour-les-jeunes\/","title":{"rendered":"Programmes pour les jeunes"},"content":{"rendered":"<p>[vc_row][vc_column][vc_custom_heading text=\u00a0\u00bbProgrammes du printemps 2026&Prime; use_theme_fonts=\u00a0\u00bbyes\u00a0\u00bb][vc_single_image image=\u00a0\u00bb34054&Prime; img_size=\u00a0\u00bbfull\u00a0\u00bb][vc_column_text]<strong>NEW PARTICIPANTS<\/strong>:<a href=\"https:\/\/www.surveymonkey.ca\/r\/GLN2872\" target=\"_blank\" rel=\"noopener\"> Sign up to our YNRA programs list!<\/a><\/p>\n<p><em>Click the link above if you have never participated in a YouthNet program.<\/em><\/p>\n<p><strong>RETURNING PARTICIPANTS<\/strong>: We reserve spots for new participants first, but you can always email us at <u><a id=\"v1OWAdab907c1-afbf-16a8-6208-98fbd9d776ef\" class=\"v1OWAAutoLink\" title=\"mailto:ynra@cheo.on.ca\" href=\"mailto:ynra@cheo.on.ca\" rel=\"noreferrer\">ynra@cheo.on.ca<\/a><\/u>\u00a0to let us know what program you&rsquo;re interested in joining next and we&rsquo;ll contact you when we have a space available![\/vc_column_text][vc_column_text]<\/p>\n<div id='gallery-1' class='gallery galleryid-168 gallery-columns-3 gallery-size-thumbnail'><figure class='gallery-item'>\n\t\t\t<div class='gallery-icon portrait'>\n\t\t\t\t<a href='https:\/\/ynra.ca\/fr\/services-sante-mental-jeunesse\/programmes-pour-les-jeunes\/pp-en-2\/'><img loading=\"lazy\" decoding=\"async\" width=\"113\" height=\"150\" src=\"https:\/\/ynra.ca\/wp-content\/uploads\/2026\/03\/PP-FR.png\" class=\"attachment-thumbnail size-thumbnail\" alt=\"Pens &amp; Paint\" aria-describedby=\"gallery-1-34080\" \/><\/a>\n\t\t\t<\/div>\n\t\t\t\t<figcaption class='wp-caption-text gallery-caption' id='gallery-1-34080'>\n\t\t\t\tPlumes &#038; Pinceaux\ud83d\udd8c\ud83c\udfa8\n\t\t\t\t<\/figcaption><\/figure><figure class='gallery-item'>\n\t\t\t<div class='gallery-icon portrait'>\n\t\t\t\t<a href='https:\/\/ynra.ca\/fr\/services-sante-mental-jeunesse\/programmes-pour-les-jeunes\/ll-en-2\/'><img loading=\"lazy\" decoding=\"async\" width=\"120\" height=\"150\" src=\"https:\/\/ynra.ca\/wp-content\/uploads\/2026\/03\/LL-FR.png\" class=\"attachment-thumbnail size-thumbnail\" alt=\"Lyric Lounge \u2013 Partnered with CityFolk\" aria-describedby=\"gallery-1-34078\" \/><\/a>\n\t\t\t<\/div>\n\t\t\t\t<figcaption class='wp-caption-text gallery-caption' id='gallery-1-34078'>\n\t\t\t\t Salon Des Paroles \u2013 Avec CityFolk \ud83c\udfb5\ud83c\udfbc \n\t\t\t\t<\/figcaption><\/figure><figure class='gallery-item'>\n\t\t\t<div class='gallery-icon portrait'>\n\t\t\t\t<a href='https:\/\/ynra.ca\/fr\/services-sante-mental-jeunesse\/programmes-pour-les-jeunes\/cpsg-en-2\/'><img loading=\"lazy\" decoding=\"async\" width=\"113\" height=\"150\" src=\"https:\/\/ynra.ca\/wp-content\/uploads\/2026\/03\/CPSG-EN.png\" class=\"attachment-thumbnail size-thumbnail\" alt=\"Groupe de Soutien: Douler Chonique\" aria-describedby=\"gallery-1-34076\" \/><\/a>\n\t\t\t<\/div>\n\t\t\t\t<figcaption class='wp-caption-text gallery-caption' id='gallery-1-34076'>\n\t\t\t\tGroupe de Soutien: Douleur Chonique\n\t\t\t\t<\/figcaption><\/figure><figure class='gallery-item'>\n\t\t\t<div class='gallery-icon portrait'>\n\t\t\t\t<a href='https:\/\/ynra.ca\/fr\/centre-dapprentissage\/engagement-des-jeunes\/ynra-promo-poster-en-2\/'><img loading=\"lazy\" decoding=\"async\" width=\"116\" height=\"150\" src=\"https:\/\/ynra.ca\/wp-content\/uploads\/2026\/01\/YNRA-Promo-Poster-EN.png\" class=\"attachment-thumbnail size-thumbnail\" alt=\"YAC Promotion Poster\" aria-describedby=\"gallery-1-33961\" \/><\/a>\n\t\t\t<\/div>\n\t\t\t\t<figcaption class='wp-caption-text gallery-caption' id='gallery-1-33961'>\n\t\t\t\tYouth Advisory Committee\n\t\t\t\t<\/figcaption><\/figure>\n\t\t<\/div>\n\n<p>[\/vc_column_text][\/vc_column][\/vc_row][vc_row][vc_column][vc_column_text]<\/p>\n<h2 style=\"text-align: center;\">Meet Some of Your Youth Facilitators!<\/h2>\n<p>[\/vc_column_text][vc_video link=\u00a0\u00bbhttps:\/\/youtu.be\/2brH1x09QI4&Prime; align=\u00a0\u00bbcenter\u00a0\u00bb][\/vc_column][\/vc_row][vc_row][vc_column][vc_single_image image=\u00a0\u00bb27820&Prime; img_size=\u00a0\u00bbfull\u00a0\u00bb alignment=\u00a0\u00bbcenter\u00a0\u00bb][vc_row_inner content_placement=\u00a0\u00bbmiddle\u00a0\u00bb][vc_column_inner width=\u00a0\u00bb1\/3&Prime;][vc_single_image image=\u00a0\u00bb32668&Prime; img_size=\u00a0\u00bbfull\u00a0\u00bb][\/vc_column_inner][vc_column_inner width=\u00a0\u00bb2\/3&Prime;][vc_column_text]<\/p>\n<h3 class=\"elementToProof\"><span class=\"S1PPyQ ContentPasted3\"><span class=\"S1PPyQ ContentPasted4\"><span class=\"S1PPyQ ContentPasted5\">Pens &amp; Paint:\u00a0<\/span><br \/>\n<\/span><\/span><\/h3>\n<h4 class=\"elementToProof\"><span class=\"S1PPyQ ContentPasted3\"><span class=\"S1PPyQ ContentPasted4\"><span class=\"S1PPyQ ContentPasted5\"><span class=\"S1PPyQ ContentPasted6\">Our Pens &amp; Paint program focuses on using art (and sometimes creative writing activities) to cope with stress and mood. You don&rsquo;t have to be artsy to join: any youth interested in trying out creative coping strategies is welcome to register! The program offers a secure space to talk about challenges, be creative, connect to others and ultimately try out some cool new art mediums as tools for self-expression and self-regulation!<\/span><\/span><\/span><\/span><\/h4>\n<p>[\/vc_column_text][\/vc_column_inner][\/vc_row_inner][vc_row_inner content_placement=\u00a0\u00bbmiddle\u00a0\u00bb][vc_column_inner width=\u00a0\u00bb1\/3&Prime;][vc_single_image image=\u00a0\u00bb32672&Prime; img_size=\u00a0\u00bbfull\u00a0\u00bb][\/vc_column_inner][vc_column_inner width=\u00a0\u00bb2\/3&Prime;][vc_column_text]<\/p>\n<h3 class=\"elementToProof\"><span class=\"S1PPyQ ContentPasted3\"><span class=\"S1PPyQ ContentPasted4\"><span class=\"S1PPyQ ContentPasted5\">Winter Wellness:\u00a0<\/span><br \/>\n<\/span><\/span><\/h3>\n<h4 class=\"elementToProof\"><span class=\"S1PPyQ ContentPasted3\"><span class=\"S1PPyQ ContentPasted4\"><span class=\"S1PPyQ ContentPasted5\"><span class=\"S1PPyQ ContentPasted6\">Winter Wellness is a program that runs once a year during our snowy months. In this program you will have an opportunity to spend time outdoors, trying out new activities and winter sports in a safe environment. You&rsquo;ll have a chance to connect with other youth and explore how nature and physical activities can be beneficial to our mental health. All transportation, lift tickets, equipment, rentals and lessons are included and absolutely free to participants.<\/span><\/span><\/span><\/span><\/h4>\n<p>[\/vc_column_text][\/vc_column_inner][\/vc_row_inner][vc_row_inner content_placement=\u00a0\u00bbmiddle\u00a0\u00bb][vc_column_inner width=\u00a0\u00bb1\/3&Prime;][vc_single_image image=\u00a0\u00bb32670&Prime; img_size=\u00a0\u00bbfull\u00a0\u00bb][\/vc_column_inner][vc_column_inner width=\u00a0\u00bb2\/3&Prime;][vc_column_text]<\/p>\n<h3 class=\"elementToProof\"><span class=\"S1PPyQ ContentPasted3\"><span class=\"S1PPyQ ContentPasted4\"><span class=\"S1PPyQ ContentPasted5\"><span class=\"S1PPyQ ContentPasted6\">Rooted:<\/span><\/span><\/span><\/span><\/h3>\n<h4 class=\"elementToProof\"><span class=\"S1PPyQ ContentPasted3\"><span class=\"S1PPyQ ContentPasted4\"><span class=\"S1PPyQ ContentPasted5\"><span class=\"S1PPyQ ContentPasted6\"><span class=\"S1PPyQ ContentPasted7\"><span class=\"S1PPyQ ContentPasted8\">This program, which typically takes place in the summer (sometimes spring and fall), is an opportunity for you to spend time outdoors, exploring nature and trying out new activities. You&rsquo;ll have a chance to experience how nature can be used as a great coping tool and discuss other nature-based stress-reduction strategies with other youth! You might get an opportunity to try ziplining, hiking, swimming, kayaking, visiting a farm and much more! All costs for the activities are covered by YouthNet.\u00a0<\/span><\/span><\/span><\/span><\/span><\/span><\/h4>\n<h4><span class=\"S1PPyQ ContentPasted3\"><span class=\"S1PPyQ ContentPasted4\"><span class=\"S1PPyQ ContentPasted5\"><span class=\"S1PPyQ ContentPasted6\"><span class=\"S1PPyQ ContentPasted7\"><span class=\"S1PPyQ ContentPasted8\"><span class=\"S1PPyQ ContentPasted9\"><span class=\"S1PPyQ ContentPasted10\"><span class=\"S1PPyQ ContentPasted11\"><span class=\"S1PPyQ ContentPasted12\"><span class=\"S1PPyQ ContentPasted13\"><span class=\"S1PPyQ ContentPasted14\"><span class=\"S1PPyQ ContentPasted15\"><span class=\"ContentPasted17\"><span class=\"S1PPyQ ContentPasted18\"><span class=\"ContentPasted19\">\u00a0<\/span><\/span><\/span><\/span><\/span><\/span><\/span><\/span><\/span><\/span><\/span><\/span><\/span><\/span><\/span><\/span><\/h4>\n<p>[\/vc_column_text][\/vc_column_inner][\/vc_row_inner][\/vc_column][\/vc_row][vc_row][vc_column][vc_single_image image=\u00a0\u00bb27818&Prime; img_size=\u00a0\u00bbfull\u00a0\u00bb alignment=\u00a0\u00bbcenter\u00a0\u00bb][vc_row_inner content_placement=\u00a0\u00bbmiddle\u00a0\u00bb][vc_column_inner width=\u00a0\u00bb1\/3&Prime;][\/vc_column_inner][vc_column_inner width=\u00a0\u00bb2\/3&Prime;][\/vc_column_inner][\/vc_row_inner][vc_row_inner content_placement=\u00a0\u00bbmiddle\u00a0\u00bb][vc_column_inner width=\u00a0\u00bb1\/3&Prime;][vc_single_image image=\u00a0\u00bb32682&Prime; img_size=\u00a0\u00bbfull\u00a0\u00bb][\/vc_column_inner][vc_column_inner width=\u00a0\u00bb2\/3&Prime;][vc_column_text]<\/p>\n<h3 class=\"elementToProof\"><span class=\"S1PPyQ ContentPasted3\"><span class=\"S1PPyQ ContentPasted4\"><span class=\"S1PPyQ ContentPasted5\"><span class=\"S1PPyQ ContentPasted6\"><span class=\"S1PPyQ ContentPasted7\"><span class=\"S1PPyQ ContentPasted8\"><span class=\"S1PPyQ ContentPasted9\"><span class=\"S1PPyQ ContentPasted10\"><span class=\"S1PPyQ ContentPasted11\"><span class=\"S1PPyQ ContentPasted12\"><span class=\"S1PPyQ ContentPasted13\"><span class=\"S1PPyQ ContentPasted14\"><span class=\"S1PPyQ ContentPasted15\"><span class=\"ContentPasted17\">Chronic Pain Support Group<\/span><br class=\"ContentPasted17\" \/><\/span><\/span><\/span><\/span><\/span><\/span><\/span><\/span><\/span><\/span><\/span><\/span><\/span><\/h3>\n<h4 class=\"elementToProof\"><span class=\"S1PPyQ ContentPasted3\"><span class=\"S1PPyQ ContentPasted4\"><span class=\"S1PPyQ ContentPasted5\"><span class=\"S1PPyQ ContentPasted6\"><span class=\"S1PPyQ ContentPasted7\"><span class=\"S1PPyQ ContentPasted8\"><span class=\"S1PPyQ ContentPasted9\"><span class=\"S1PPyQ ContentPasted10\"><span class=\"S1PPyQ ContentPasted11\"><span class=\"S1PPyQ ContentPasted12\"><span class=\"S1PPyQ ContentPasted13\"><span class=\"S1PPyQ ContentPasted14\"><span class=\"S1PPyQ ContentPasted15\"><span class=\"ContentPasted17\">In partnership with CHEO&rsquo;s Chronic Pain Clinic&rsquo;s Leisure Group, YouthNet is pleased to offer a Chronic Pain support group for youth 13-20 living with chronic pain or a chronic illness.\u00a0 It&rsquo;s an opportunity to share, gain mutual support, connect with peers and have some fun! Sessions are held twice a month: once at YouthNet and once in the community. For more details about dates and activities, please refer to the poster above or email ynra@cheo.on.ca<\/span><\/span><\/span><\/span><\/span><\/span><\/span><\/span><\/span><\/span><\/span><\/span><\/span><\/span><\/h4>\n<p>[\/vc_column_text][\/vc_column_inner][\/vc_row_inner][vc_column_text]<\/p>\n<h3 style=\"text-align: center;\">Check out the calendar below to see when the following activities are being offered!<\/h3>\n<p>[\/vc_column_text][\/vc_column][\/vc_row]<\/p>\n","protected":false},"excerpt":{"rendered":"<p>[vc_row][vc_column][vc_custom_heading text=\u00a0\u00bbProgrammes du printemps 2026&Prime; use_theme_fonts=\u00a0\u00bbyes\u00a0\u00bb][vc_single_image image=\u00a0\u00bb34054&Prime; img_size=\u00a0\u00bbfull\u00a0\u00bb][vc_column_text]NEW PARTICIPANTS: Sign up to our YNRA programs list! Click the link above if you have never participated in a YouthNet program. RETURNING PARTICIPANTS: We reserve spots for new participants first, but you can always email us at ynra@cheo.on.ca\u00a0to let us know what program you&rsquo;re interested in joining &hellip;<\/p>\n","protected":false},"author":1,"featured_media":0,"parent":163,"menu_order":20,"comment_status":"closed","ping_status":"closed","template":"","meta":{"_acf_changed":false,"footnotes":""},"class_list":["post-168","page","type-page","status-publish","hentry"],"acf":[],"yoast_head":"<!-- This site is optimized with the Yoast SEO plugin v27.3 - https:\/\/yoast.com\/product\/yoast-seo-wordpress\/ -->\n<title>Programmes pour les jeunes - YouthNet R\u00e9seauAdo<\/title>\n<meta name=\"robots\" content=\"index, follow, max-snippet:-1, max-image-preview:large, max-video-preview:-1\" \/>\n<link rel=\"canonical\" href=\"http:\/\/ynra.ca\/fr\/services-sante-mental-jeunesse\/programmes-pour-les-jeunes\/\" \/>\n<meta property=\"og:locale\" content=\"fr_FR\" \/>\n<meta property=\"og:type\" content=\"article\" \/>\n<meta property=\"og:title\" content=\"Programmes pour les jeunes - YouthNet R\u00e9seauAdo\" \/>\n<meta property=\"og:description\" content=\"[vc_row][vc_column][vc_custom_heading text=\u00a0\u00bbProgrammes du printemps 2026&Prime; use_theme_fonts=\u00a0\u00bbyes\u00a0\u00bb][vc_single_image image=\u00a0\u00bb34054&Prime; img_size=\u00a0\u00bbfull\u00a0\u00bb][vc_column_text]NEW PARTICIPANTS: Sign up to our YNRA programs list! Click the link above if you have never participated in a YouthNet program. RETURNING PARTICIPANTS: We reserve spots for new participants first, but you can always email us at ynra@cheo.on.ca\u00a0to let us know what program you&rsquo;re interested in joining &hellip;\" \/>\n<meta property=\"og:url\" content=\"http:\/\/ynra.ca\/fr\/services-sante-mental-jeunesse\/programmes-pour-les-jeunes\/\" \/>\n<meta property=\"og:site_name\" content=\"YouthNet R\u00e9seauAdo\" \/>\n<meta property=\"article:modified_time\" content=\"2026-03-30T19:01:27+00:00\" \/>\n<meta name=\"twitter:card\" content=\"summary_large_image\" \/>\n<meta name=\"twitter:label1\" content=\"Dur\u00e9e de lecture estim\u00e9e\" \/>\n\t<meta name=\"twitter:data1\" content=\"3 minutes\" \/>\n<script type=\"application\/ld+json\" class=\"yoast-schema-graph\">{\"@context\":\"https:\\\/\\\/schema.org\",\"@graph\":[{\"@type\":\"WebPage\",\"@id\":\"http:\\\/\\\/ynra.ca\\\/fr\\\/services-sante-mental-jeunesse\\\/programmes-pour-les-jeunes\\\/\",\"url\":\"http:\\\/\\\/ynra.ca\\\/fr\\\/services-sante-mental-jeunesse\\\/programmes-pour-les-jeunes\\\/\",\"name\":\"Programmes pour les jeunes - YouthNet R\u00e9seauAdo\",\"isPartOf\":{\"@id\":\"https:\\\/\\\/ynra.ca\\\/#website\"},\"datePublished\":\"2018-07-03T23:55:41+00:00\",\"dateModified\":\"2026-03-30T19:01:27+00:00\",\"breadcrumb\":{\"@id\":\"http:\\\/\\\/ynra.ca\\\/fr\\\/services-sante-mental-jeunesse\\\/programmes-pour-les-jeunes\\\/#breadcrumb\"},\"inLanguage\":\"fr-FR\",\"potentialAction\":[{\"@type\":\"ReadAction\",\"target\":[\"http:\\\/\\\/ynra.ca\\\/fr\\\/services-sante-mental-jeunesse\\\/programmes-pour-les-jeunes\\\/\"]}]},{\"@type\":\"BreadcrumbList\",\"@id\":\"http:\\\/\\\/ynra.ca\\\/fr\\\/services-sante-mental-jeunesse\\\/programmes-pour-les-jeunes\\\/#breadcrumb\",\"itemListElement\":[{\"@type\":\"ListItem\",\"position\":1,\"name\":\"Services\",\"item\":\"http:\\\/\\\/ynra.ca\\\/fr\\\/services-sante-mental-jeunesse\\\/\"},{\"@type\":\"ListItem\",\"position\":2,\"name\":\"Programmes pour les jeunes\"}]},{\"@type\":\"WebSite\",\"@id\":\"https:\\\/\\\/ynra.ca\\\/#website\",\"url\":\"https:\\\/\\\/ynra.ca\\\/\",\"name\":\"YouthNet R\u00e9seauAdo\",\"description\":\"Mental Health Services for Youth\",\"publisher\":{\"@id\":\"https:\\\/\\\/ynra.ca\\\/#organization\"},\"potentialAction\":[{\"@type\":\"SearchAction\",\"target\":{\"@type\":\"EntryPoint\",\"urlTemplate\":\"https:\\\/\\\/ynra.ca\\\/?s={search_term_string}\"},\"query-input\":{\"@type\":\"PropertyValueSpecification\",\"valueRequired\":true,\"valueName\":\"search_term_string\"}}],\"inLanguage\":\"fr-FR\"},{\"@type\":\"Organization\",\"@id\":\"https:\\\/\\\/ynra.ca\\\/#organization\",\"name\":\"YouthNet R\u00e9seauAdo\",\"url\":\"https:\\\/\\\/ynra.ca\\\/\",\"logo\":{\"@type\":\"ImageObject\",\"inLanguage\":\"fr-FR\",\"@id\":\"https:\\\/\\\/ynra.ca\\\/#\\\/schema\\\/logo\\\/image\\\/\",\"url\":\"https:\\\/\\\/ynra.ca\\\/wp-content\\\/uploads\\\/2018\\\/07\\\/ynra-logo.png\",\"contentUrl\":\"https:\\\/\\\/ynra.ca\\\/wp-content\\\/uploads\\\/2018\\\/07\\\/ynra-logo.png\",\"width\":241,\"height\":115,\"caption\":\"YouthNet R\u00e9seauAdo\"},\"image\":{\"@id\":\"https:\\\/\\\/ynra.ca\\\/#\\\/schema\\\/logo\\\/image\\\/\"}}]}<\/script>\n<!-- \/ Yoast SEO plugin. -->","yoast_head_json":{"title":"Programmes pour les jeunes - YouthNet R\u00e9seauAdo","robots":{"index":"index","follow":"follow","max-snippet":"max-snippet:-1","max-image-preview":"max-image-preview:large","max-video-preview":"max-video-preview:-1"},"canonical":"http:\/\/ynra.ca\/fr\/services-sante-mental-jeunesse\/programmes-pour-les-jeunes\/","og_locale":"fr_FR","og_type":"article","og_title":"Programmes pour les jeunes - YouthNet R\u00e9seauAdo","og_description":"[vc_row][vc_column][vc_custom_heading text=\u00a0\u00bbProgrammes du printemps 2026&Prime; use_theme_fonts=\u00a0\u00bbyes\u00a0\u00bb][vc_single_image image=\u00a0\u00bb34054&Prime; img_size=\u00a0\u00bbfull\u00a0\u00bb][vc_column_text]NEW PARTICIPANTS: Sign up to our YNRA programs list! Click the link above if you have never participated in a YouthNet program. RETURNING PARTICIPANTS: We reserve spots for new participants first, but you can always email us at ynra@cheo.on.ca\u00a0to let us know what program you&rsquo;re interested in joining &hellip;","og_url":"http:\/\/ynra.ca\/fr\/services-sante-mental-jeunesse\/programmes-pour-les-jeunes\/","og_site_name":"YouthNet R\u00e9seauAdo","article_modified_time":"2026-03-30T19:01:27+00:00","twitter_card":"summary_large_image","twitter_misc":{"Dur\u00e9e de lecture estim\u00e9e":"3 minutes"},"schema":{"@context":"https:\/\/schema.org","@graph":[{"@type":"WebPage","@id":"http:\/\/ynra.ca\/fr\/services-sante-mental-jeunesse\/programmes-pour-les-jeunes\/","url":"http:\/\/ynra.ca\/fr\/services-sante-mental-jeunesse\/programmes-pour-les-jeunes\/","name":"Programmes pour les jeunes - YouthNet R\u00e9seauAdo","isPartOf":{"@id":"https:\/\/ynra.ca\/#website"},"datePublished":"2018-07-03T23:55:41+00:00","dateModified":"2026-03-30T19:01:27+00:00","breadcrumb":{"@id":"http:\/\/ynra.ca\/fr\/services-sante-mental-jeunesse\/programmes-pour-les-jeunes\/#breadcrumb"},"inLanguage":"fr-FR","potentialAction":[{"@type":"ReadAction","target":["http:\/\/ynra.ca\/fr\/services-sante-mental-jeunesse\/programmes-pour-les-jeunes\/"]}]},{"@type":"BreadcrumbList","@id":"http:\/\/ynra.ca\/fr\/services-sante-mental-jeunesse\/programmes-pour-les-jeunes\/#breadcrumb","itemListElement":[{"@type":"ListItem","position":1,"name":"Services","item":"http:\/\/ynra.ca\/fr\/services-sante-mental-jeunesse\/"},{"@type":"ListItem","position":2,"name":"Programmes pour les jeunes"}]},{"@type":"WebSite","@id":"https:\/\/ynra.ca\/#website","url":"https:\/\/ynra.ca\/","name":"YouthNet R\u00e9seauAdo","description":"Mental Health Services for Youth","publisher":{"@id":"https:\/\/ynra.ca\/#organization"},"potentialAction":[{"@type":"SearchAction","target":{"@type":"EntryPoint","urlTemplate":"https:\/\/ynra.ca\/?s={search_term_string}"},"query-input":{"@type":"PropertyValueSpecification","valueRequired":true,"valueName":"search_term_string"}}],"inLanguage":"fr-FR"},{"@type":"Organization","@id":"https:\/\/ynra.ca\/#organization","name":"YouthNet R\u00e9seauAdo","url":"https:\/\/ynra.ca\/","logo":{"@type":"ImageObject","inLanguage":"fr-FR","@id":"https:\/\/ynra.ca\/#\/schema\/logo\/image\/","url":"https:\/\/ynra.ca\/wp-content\/uploads\/2018\/07\/ynra-logo.png","contentUrl":"https:\/\/ynra.ca\/wp-content\/uploads\/2018\/07\/ynra-logo.png","width":241,"height":115,"caption":"YouthNet R\u00e9seauAdo"},"image":{"@id":"https:\/\/ynra.ca\/#\/schema\/logo\/image\/"}}]}},"_links":{"self":[{"href":"https:\/\/ynra.ca\/fr\/wp-json\/wp\/v2\/pages\/168","targetHints":{"allow":["GET"]}}],"collection":[{"href":"https:\/\/ynra.ca\/fr\/wp-json\/wp\/v2\/pages"}],"about":[{"href":"https:\/\/ynra.ca\/fr\/wp-json\/wp\/v2\/types\/page"}],"author":[{"embeddable":true,"href":"https:\/\/ynra.ca\/fr\/wp-json\/wp\/v2\/users\/1"}],"replies":[{"embeddable":true,"href":"https:\/\/ynra.ca\/fr\/wp-json\/wp\/v2\/comments?post=168"}],"version-history":[{"count":256,"href":"https:\/\/ynra.ca\/fr\/wp-json\/wp\/v2\/pages\/168\/revisions"}],"predecessor-version":[{"id":34092,"href":"https:\/\/ynra.ca\/fr\/wp-json\/wp\/v2\/pages\/168\/revisions\/34092"}],"up":[{"embeddable":true,"href":"https:\/\/ynra.ca\/fr\/wp-json\/wp\/v2\/pages\/163"}],"wp:attachment":[{"href":"https:\/\/ynra.ca\/fr\/wp-json\/wp\/v2\/media?parent=168"}],"curies":[{"name":"wp","href":"https:\/\/api.w.org\/{rel}","templated":true}]}}