{"id":16589,"date":"2022-01-10T14:31:15","date_gmt":"2022-01-10T14:31:15","guid":{"rendered":"http:\/\/ynra.ca\/centre-dapprentissage\/relations-et-soutien-par-les-pairs\/"},"modified":"2022-03-31T14:42:08","modified_gmt":"2022-03-31T18:42:08","slug":"relations-et-soutien-par-les-pairs","status":"publish","type":"page","link":"https:\/\/ynra.ca\/fr\/centre-dapprentissage\/relations-et-soutien-par-les-pairs\/","title":{"rendered":"Relations et soutien par les pairs"},"content":{"rendered":"<p>[vc_row content_placement=\u00a0\u00bbmiddle\u00a0\u00bb css_animation=\u00a0\u00bbnone\u00a0\u00bb css=\u00a0\u00bb.vc_custom_1629826338955{margin-top: 0px !important;padding-top: 0px !important;}\u00a0\u00bb][vc_column width=\u00a0\u00bb1\/4&Prime;][vc_single_image image=\u00a0\u00bb16493&Prime; img_size=\u00a0\u00bbfull\u00a0\u00bb alignment=\u00a0\u00bbcenter\u00a0\u00bb][\/vc_column][vc_column width=\u00a0\u00bb3\/4&Prime;][vc_custom_heading text=\u00a0\u00bbRelations et sant\u00e9 mentale\u00a0\u00bb use_theme_fonts=\u00a0\u00bbyes\u00a0\u00bb link=\u00a0\u00bburl:http%3A%2F%2Fynra.ca%2Ffr%2Fcentre-dapprentissage%2Frelations-et-soutien-par-les-pairs%2Frelations-et-sante-mentale%2F|\u00a0\u00bb][vc_column_text]<span class=\"JsGRdQ\">Comment les types et la qualit\u00e9 des relations que nous entretenons avec les autres influent-ils sur notre sant\u00e9 mentale? Joignez-vous \u00e0 nous pour en apprendre davantage \u00e0 propos des liens sociaux, de l\u2019appartenance et plus encore!<\/span>[\/vc_column_text][\/vc_column][\/vc_row][vc_row content_placement=\u00a0\u00bbmiddle\u00a0\u00bb css_animation=\u00a0\u00bbnone\u00a0\u00bb el_class=\u00a0\u00bbreverse\u00a0\u00bb][vc_column width=\u00a0\u00bb1\/4&Prime; offset=\u00a0\u00bbvc_hidden-xs\u00a0\u00bb][vc_single_image image=\u00a0\u00bb13449&Prime; alignment=\u00a0\u00bbcenter\u00a0\u00bb el_class=\u00a0\u00bblead-arrow\u00a0\u00bb][\/vc_column][vc_column width=\u00a0\u00bb1\/2&Prime;][vc_custom_heading text=\u00a0\u00bbB\u00e2tir un syst\u00e8me de soutien :\u00a0\u00bb use_theme_fonts=\u00a0\u00bbyes\u00a0\u00bb link=\u00a0\u00bburl:http%3A%2F%2Fynra.ca%2Ffr%2Fcentre-dapprentissage%2Frelations-et-soutien-par-les-pairs%2Fbatir-un-systeme-de-soutien%2F|\u00a0\u00bb][vc_column_text]Il est important de demander de l\u2019aide, mais que faisons-nous lorsque d\u2019autres personnes dans nos vies ont besoin de soutien? Ici, nous explorerons comment \u00eatre un pair positif, y compris les ressources que vous devriez conna\u00eetre.[\/vc_column_text][\/vc_column][vc_column width=\u00a0\u00bb1\/4&Prime;][vc_single_image image=\u00a0\u00bb16487&Prime; img_size=\u00a0\u00bbfull\u00a0\u00bb alignment=\u00a0\u00bbcenter\u00a0\u00bb][\/vc_column][\/vc_row][vc_row content_placement=\u00a0\u00bbmiddle\u00a0\u00bb css_animation=\u00a0\u00bbnone\u00a0\u00bb][vc_column width=\u00a0\u00bb1\/4&Prime;][vc_single_image image=\u00a0\u00bb16495&Prime; img_size=\u00a0\u00bbfull\u00a0\u00bb alignment=\u00a0\u00bbcenter\u00a0\u00bb][\/vc_column][vc_column width=\u00a0\u00bb1\/2&Prime;][vc_custom_heading text=\u00a0\u00bb\u00catre un pair positif :\u00a0\u00bb font_container=\u00a0\u00bbtag:h2|text_align:right\u00a0\u00bb use_theme_fonts=\u00a0\u00bbyes\u00a0\u00bb link=\u00a0\u00bburl:http%3A%2F%2Fynra.ca%2Ffr%2Fcentre-dapprentissage%2Frelations-et-soutien-par-les-pairs%2Fetre-un-pair-positif%2F|\u00a0\u00bb][vc_column_text el_class=\u00a0\u00bbtext-right\u00a0\u00bb]Pourquoi avons-nous besoin du soutien des autres et comment \u00e9tablissons-nous ces liens positifs qui peuvent b\u00e2tir un syst\u00e8me de soutien solide? D\u00e9couvrons le tout ensemble :).[\/vc_column_text][\/vc_column][vc_column width=\u00a0\u00bb1\/4&Prime; offset=\u00a0\u00bbvc_hidden-xs\u00a0\u00bb][vc_single_image image=\u00a0\u00bb13451&Prime; alignment=\u00a0\u00bbcenter\u00a0\u00bb el_class=\u00a0\u00bblead-arrow\u00a0\u00bb][\/vc_column][\/vc_row][vc_row css_animation=\u00a0\u00bbnone\u00a0\u00bb][vc_column][vc_btn title=\u00a0\u00bbAllons-y!\u00a0\u00bb style=\u00a0\u00bbcustom\u00a0\u00bb custom_background=\u00a0\u00bb#2e479d\u00a0\u00bb custom_text=\u00a0\u00bb#ffffff\u00a0\u00bb size=\u00a0\u00bblg\u00a0\u00bb align=\u00a0\u00bbright\u00a0\u00bb i_icon_fontawesome=\u00a0\u00bbfas fa-hand-point-right\u00a0\u00bb css_animation=\u00a0\u00bbnone\u00a0\u00bb add_icon=\u00a0\u00bbtrue\u00a0\u00bb link=\u00a0\u00bburl:http%3A%2F%2Fynra.ca%2Ffr%2Fcentre-dapprentissage%2Frelations-et-soutien-par-les-pairs%2Frelations-et-sante-mentale%2F|title:Relations%20et%20sant%C3%A9%20mentale|\u00a0\u00bb][\/vc_column][\/vc_row]<\/p>\n","protected":false},"excerpt":{"rendered":"<p>[vc_row content_placement=\u00a0\u00bbmiddle\u00a0\u00bb css_animation=\u00a0\u00bbnone\u00a0\u00bb css=\u00a0\u00bb.vc_custom_1629826338955{margin-top: 0px !important;padding-top: 0px !important;}\u00a0\u00bb][vc_column width=\u00a0\u00bb1\/4&Prime;][vc_single_image image=\u00a0\u00bb16493&Prime; img_size=\u00a0\u00bbfull\u00a0\u00bb alignment=\u00a0\u00bbcenter\u00a0\u00bb][\/vc_column][vc_column width=\u00a0\u00bb3\/4&Prime;][vc_custom_heading text=\u00a0\u00bbRelations et sant\u00e9 mentale\u00a0\u00bb use_theme_fonts=\u00a0\u00bbyes\u00a0\u00bb link=\u00a0\u00bburl:http%3A%2F%2Fynra.ca%2Ffr%2Fcentre-dapprentissage%2Frelations-et-soutien-par-les-pairs%2Frelations-et-sante-mentale%2F|\u00a0\u00bb][vc_column_text]Comment les types et la qualit\u00e9 des relations que nous entretenons avec les autres influent-ils sur notre sant\u00e9 mentale? Joignez-vous \u00e0 nous pour en apprendre davantage \u00e0 propos des liens sociaux, de l\u2019appartenance et plus encore![\/vc_column_text][\/vc_column][\/vc_row][vc_row content_placement=\u00a0\u00bbmiddle\u00a0\u00bb &hellip;<\/p>\n","protected":false},"author":1,"featured_media":0,"parent":16372,"menu_order":30,"comment_status":"closed","ping_status":"closed","template":"templates\/toolkit.php","meta":{"_acf_changed":false,"footnotes":""},"class_list":["post-16589","page","type-page","status-publish","hentry"],"acf":[],"yoast_head":"<!-- This site is optimized with the Yoast SEO plugin v27.3 - https:\/\/yoast.com\/product\/yoast-seo-wordpress\/ -->\n<title>Relations et soutien par les pairs - YouthNet R\u00e9seauAdo<\/title>\n<meta name=\"robots\" content=\"index, follow, max-snippet:-1, max-image-preview:large, max-video-preview:-1\" \/>\n<link rel=\"canonical\" href=\"https:\/\/ynra.ca\/fr\/centre-dapprentissage\/relations-et-soutien-par-les-pairs\/\" \/>\n<meta property=\"og:locale\" content=\"fr_FR\" \/>\n<meta property=\"og:type\" content=\"article\" \/>\n<meta property=\"og:title\" content=\"Relations et soutien par les pairs - YouthNet R\u00e9seauAdo\" \/>\n<meta property=\"og:description\" content=\"[vc_row content_placement=\u00a0\u00bbmiddle\u00a0\u00bb css_animation=\u00a0\u00bbnone\u00a0\u00bb css=\u00a0\u00bb.vc_custom_1629826338955{margin-top: 0px !important;padding-top: 0px !important;}\u00a0\u00bb][vc_column width=\u00a0\u00bb1\/4&Prime;][vc_single_image image=\u00a0\u00bb16493&Prime; img_size=\u00a0\u00bbfull\u00a0\u00bb alignment=\u00a0\u00bbcenter\u00a0\u00bb][\/vc_column][vc_column width=\u00a0\u00bb3\/4&Prime;][vc_custom_heading text=\u00a0\u00bbRelations et sant\u00e9 mentale\u00a0\u00bb use_theme_fonts=\u00a0\u00bbyes\u00a0\u00bb link=\u00a0\u00bburl:http%3A%2F%2Fynra.ca%2Ffr%2Fcentre-dapprentissage%2Frelations-et-soutien-par-les-pairs%2Frelations-et-sante-mentale%2F|\u00a0\u00bb][vc_column_text]Comment les types et la qualit\u00e9 des relations que nous entretenons avec les autres influent-ils sur notre sant\u00e9 mentale? Joignez-vous \u00e0 nous pour en apprendre davantage \u00e0 propos des liens sociaux, de l\u2019appartenance et plus encore![\/vc_column_text][\/vc_column][\/vc_row][vc_row content_placement=\u00a0\u00bbmiddle\u00a0\u00bb &hellip;\" \/>\n<meta property=\"og:url\" content=\"https:\/\/ynra.ca\/fr\/centre-dapprentissage\/relations-et-soutien-par-les-pairs\/\" \/>\n<meta property=\"og:site_name\" content=\"YouthNet R\u00e9seauAdo\" \/>\n<meta property=\"article:modified_time\" content=\"2022-03-31T18:42:08+00:00\" \/>\n<meta name=\"twitter:card\" content=\"summary_large_image\" \/>\n<meta name=\"twitter:label1\" content=\"Dur\u00e9e de lecture estim\u00e9e\" \/>\n\t<meta name=\"twitter:data1\" content=\"2 minutes\" \/>\n<script type=\"application\/ld+json\" class=\"yoast-schema-graph\">{\"@context\":\"https:\\\/\\\/schema.org\",\"@graph\":[{\"@type\":\"WebPage\",\"@id\":\"https:\\\/\\\/ynra.ca\\\/fr\\\/centre-dapprentissage\\\/relations-et-soutien-par-les-pairs\\\/\",\"url\":\"https:\\\/\\\/ynra.ca\\\/fr\\\/centre-dapprentissage\\\/relations-et-soutien-par-les-pairs\\\/\",\"name\":\"Relations et soutien par les pairs - YouthNet R\u00e9seauAdo\",\"isPartOf\":{\"@id\":\"https:\\\/\\\/ynra.ca\\\/#website\"},\"datePublished\":\"2022-01-10T14:31:15+00:00\",\"dateModified\":\"2022-03-31T18:42:08+00:00\",\"breadcrumb\":{\"@id\":\"https:\\\/\\\/ynra.ca\\\/fr\\\/centre-dapprentissage\\\/relations-et-soutien-par-les-pairs\\\/#breadcrumb\"},\"inLanguage\":\"fr-FR\",\"potentialAction\":[{\"@type\":\"ReadAction\",\"target\":[\"https:\\\/\\\/ynra.ca\\\/fr\\\/centre-dapprentissage\\\/relations-et-soutien-par-les-pairs\\\/\"]}]},{\"@type\":\"BreadcrumbList\",\"@id\":\"https:\\\/\\\/ynra.ca\\\/fr\\\/centre-dapprentissage\\\/relations-et-soutien-par-les-pairs\\\/#breadcrumb\",\"itemListElement\":[{\"@type\":\"ListItem\",\"position\":1,\"name\":\"Centre d&rsquo;apprentissage\",\"item\":\"http:\\\/\\\/ynra.ca\\\/fr\\\/centre-dapprentissage\\\/\"},{\"@type\":\"ListItem\",\"position\":2,\"name\":\"Relations et soutien par les pairs\"}]},{\"@type\":\"WebSite\",\"@id\":\"https:\\\/\\\/ynra.ca\\\/#website\",\"url\":\"https:\\\/\\\/ynra.ca\\\/\",\"name\":\"YouthNet R\u00e9seauAdo\",\"description\":\"Mental Health Services for Youth\",\"publisher\":{\"@id\":\"https:\\\/\\\/ynra.ca\\\/#organization\"},\"potentialAction\":[{\"@type\":\"SearchAction\",\"target\":{\"@type\":\"EntryPoint\",\"urlTemplate\":\"https:\\\/\\\/ynra.ca\\\/?s={search_term_string}\"},\"query-input\":{\"@type\":\"PropertyValueSpecification\",\"valueRequired\":true,\"valueName\":\"search_term_string\"}}],\"inLanguage\":\"fr-FR\"},{\"@type\":\"Organization\",\"@id\":\"https:\\\/\\\/ynra.ca\\\/#organization\",\"name\":\"YouthNet R\u00e9seauAdo\",\"url\":\"https:\\\/\\\/ynra.ca\\\/\",\"logo\":{\"@type\":\"ImageObject\",\"inLanguage\":\"fr-FR\",\"@id\":\"https:\\\/\\\/ynra.ca\\\/#\\\/schema\\\/logo\\\/image\\\/\",\"url\":\"https:\\\/\\\/ynra.ca\\\/wp-content\\\/uploads\\\/2018\\\/07\\\/ynra-logo.png\",\"contentUrl\":\"https:\\\/\\\/ynra.ca\\\/wp-content\\\/uploads\\\/2018\\\/07\\\/ynra-logo.png\",\"width\":241,\"height\":115,\"caption\":\"YouthNet R\u00e9seauAdo\"},\"image\":{\"@id\":\"https:\\\/\\\/ynra.ca\\\/#\\\/schema\\\/logo\\\/image\\\/\"}}]}<\/script>\n<!-- \/ Yoast SEO plugin. -->","yoast_head_json":{"title":"Relations et soutien par les pairs - YouthNet R\u00e9seauAdo","robots":{"index":"index","follow":"follow","max-snippet":"max-snippet:-1","max-image-preview":"max-image-preview:large","max-video-preview":"max-video-preview:-1"},"canonical":"https:\/\/ynra.ca\/fr\/centre-dapprentissage\/relations-et-soutien-par-les-pairs\/","og_locale":"fr_FR","og_type":"article","og_title":"Relations et soutien par les pairs - YouthNet R\u00e9seauAdo","og_description":"[vc_row content_placement=\u00a0\u00bbmiddle\u00a0\u00bb css_animation=\u00a0\u00bbnone\u00a0\u00bb css=\u00a0\u00bb.vc_custom_1629826338955{margin-top: 0px !important;padding-top: 0px !important;}\u00a0\u00bb][vc_column width=\u00a0\u00bb1\/4&Prime;][vc_single_image image=\u00a0\u00bb16493&Prime; img_size=\u00a0\u00bbfull\u00a0\u00bb alignment=\u00a0\u00bbcenter\u00a0\u00bb][\/vc_column][vc_column width=\u00a0\u00bb3\/4&Prime;][vc_custom_heading text=\u00a0\u00bbRelations et sant\u00e9 mentale\u00a0\u00bb use_theme_fonts=\u00a0\u00bbyes\u00a0\u00bb link=\u00a0\u00bburl:http%3A%2F%2Fynra.ca%2Ffr%2Fcentre-dapprentissage%2Frelations-et-soutien-par-les-pairs%2Frelations-et-sante-mentale%2F|\u00a0\u00bb][vc_column_text]Comment les types et la qualit\u00e9 des relations que nous entretenons avec les autres influent-ils sur notre sant\u00e9 mentale? Joignez-vous \u00e0 nous pour en apprendre davantage \u00e0 propos des liens sociaux, de l\u2019appartenance et plus encore![\/vc_column_text][\/vc_column][\/vc_row][vc_row content_placement=\u00a0\u00bbmiddle\u00a0\u00bb &hellip;","og_url":"https:\/\/ynra.ca\/fr\/centre-dapprentissage\/relations-et-soutien-par-les-pairs\/","og_site_name":"YouthNet R\u00e9seauAdo","article_modified_time":"2022-03-31T18:42:08+00:00","twitter_card":"summary_large_image","twitter_misc":{"Dur\u00e9e de lecture estim\u00e9e":"2 minutes"},"schema":{"@context":"https:\/\/schema.org","@graph":[{"@type":"WebPage","@id":"https:\/\/ynra.ca\/fr\/centre-dapprentissage\/relations-et-soutien-par-les-pairs\/","url":"https:\/\/ynra.ca\/fr\/centre-dapprentissage\/relations-et-soutien-par-les-pairs\/","name":"Relations et soutien par les pairs - YouthNet R\u00e9seauAdo","isPartOf":{"@id":"https:\/\/ynra.ca\/#website"},"datePublished":"2022-01-10T14:31:15+00:00","dateModified":"2022-03-31T18:42:08+00:00","breadcrumb":{"@id":"https:\/\/ynra.ca\/fr\/centre-dapprentissage\/relations-et-soutien-par-les-pairs\/#breadcrumb"},"inLanguage":"fr-FR","potentialAction":[{"@type":"ReadAction","target":["https:\/\/ynra.ca\/fr\/centre-dapprentissage\/relations-et-soutien-par-les-pairs\/"]}]},{"@type":"BreadcrumbList","@id":"https:\/\/ynra.ca\/fr\/centre-dapprentissage\/relations-et-soutien-par-les-pairs\/#breadcrumb","itemListElement":[{"@type":"ListItem","position":1,"name":"Centre d&rsquo;apprentissage","item":"http:\/\/ynra.ca\/fr\/centre-dapprentissage\/"},{"@type":"ListItem","position":2,"name":"Relations et soutien par les pairs"}]},{"@type":"WebSite","@id":"https:\/\/ynra.ca\/#website","url":"https:\/\/ynra.ca\/","name":"YouthNet R\u00e9seauAdo","description":"Mental Health Services for Youth","publisher":{"@id":"https:\/\/ynra.ca\/#organization"},"potentialAction":[{"@type":"SearchAction","target":{"@type":"EntryPoint","urlTemplate":"https:\/\/ynra.ca\/?s={search_term_string}"},"query-input":{"@type":"PropertyValueSpecification","valueRequired":true,"valueName":"search_term_string"}}],"inLanguage":"fr-FR"},{"@type":"Organization","@id":"https:\/\/ynra.ca\/#organization","name":"YouthNet R\u00e9seauAdo","url":"https:\/\/ynra.ca\/","logo":{"@type":"ImageObject","inLanguage":"fr-FR","@id":"https:\/\/ynra.ca\/#\/schema\/logo\/image\/","url":"https:\/\/ynra.ca\/wp-content\/uploads\/2018\/07\/ynra-logo.png","contentUrl":"https:\/\/ynra.ca\/wp-content\/uploads\/2018\/07\/ynra-logo.png","width":241,"height":115,"caption":"YouthNet R\u00e9seauAdo"},"image":{"@id":"https:\/\/ynra.ca\/#\/schema\/logo\/image\/"}}]}},"_links":{"self":[{"href":"https:\/\/ynra.ca\/fr\/wp-json\/wp\/v2\/pages\/16589","targetHints":{"allow":["GET"]}}],"collection":[{"href":"https:\/\/ynra.ca\/fr\/wp-json\/wp\/v2\/pages"}],"about":[{"href":"https:\/\/ynra.ca\/fr\/wp-json\/wp\/v2\/types\/page"}],"author":[{"embeddable":true,"href":"https:\/\/ynra.ca\/fr\/wp-json\/wp\/v2\/users\/1"}],"replies":[{"embeddable":true,"href":"https:\/\/ynra.ca\/fr\/wp-json\/wp\/v2\/comments?post=16589"}],"version-history":[{"count":16,"href":"https:\/\/ynra.ca\/fr\/wp-json\/wp\/v2\/pages\/16589\/revisions"}],"predecessor-version":[{"id":18821,"href":"https:\/\/ynra.ca\/fr\/wp-json\/wp\/v2\/pages\/16589\/revisions\/18821"}],"up":[{"embeddable":true,"href":"https:\/\/ynra.ca\/fr\/wp-json\/wp\/v2\/pages\/16372"}],"wp:attachment":[{"href":"https:\/\/ynra.ca\/fr\/wp-json\/wp\/v2\/media?parent=16589"}],"curies":[{"name":"wp","href":"https:\/\/api.w.org\/{rel}","templated":true}]}}