{"id":16372,"date":"2022-01-07T15:32:50","date_gmt":"2022-01-07T15:32:50","guid":{"rendered":"http:\/\/ynra.ca\/centre-dapprentissage\/"},"modified":"2024-10-16T11:45:20","modified_gmt":"2024-10-16T15:45:20","slug":"centre-dapprentissage","status":"publish","type":"page","link":"https:\/\/ynra.ca\/fr\/centre-dapprentissage\/","title":{"rendered":"Centre d&rsquo;apprentissage"},"content":{"rendered":"<p>[vc_row full_width=\u00a0\u00bbstretch_row_content_no_spaces\u00a0\u00bb full_height=\u00a0\u00bbyes\u00a0\u00bb css=\u00a0\u00bb.vc_custom_1610739942583{background-image: url(http:\/\/ynra.ca\/wp-content\/uploads\/2021\/01\/bg2.jpg?id=9725) !important;background-position: center !important;background-repeat: no-repeat !important;background-size: cover !important;}\u00a0\u00bb el_id=\u00a0\u00bbCentre d&apos;apprentissage\u00a0\u00bb][vc_column width=\u00a0\u00bb1\/3&Prime;][vc_single_image image=\u00a0\u00bb14933&Prime; img_size=\u00a0\u00bbfull\u00a0\u00bb alignment=\u00a0\u00bbcenter\u00a0\u00bb onclick=\u00a0\u00bbcustom_link\u00a0\u00bb link=\u00a0\u00bbhttps:\/\/ynra.ca\/fr\/centre-dapprentissage\/relations-et-soutien-par-les-pairs\/\u00a0\u00bb el_class=\u00a0\u00bbtoolkit-image couch\u00a0\u00bb][\/vc_column][vc_column width=\u00a0\u00bb1\/3&Prime;][vc_single_image image=\u00a0\u00bb14935&Prime; img_size=\u00a0\u00bbfull\u00a0\u00bb alignment=\u00a0\u00bbcenter\u00a0\u00bb onclick=\u00a0\u00bbcustom_link\u00a0\u00bb link=\u00a0\u00bbhttps:\/\/ynra.ca\/fr\/centre-dapprentissage\/stress-et-adaptation\/\u00a0\u00bb el_class=\u00a0\u00bbtoolkit-image music\u00a0\u00bb][\/vc_column][vc_column width=\u00a0\u00bb1\/6&Prime;][vc_single_image image=\u00a0\u00bb14951&Prime; img_size=\u00a0\u00bbfull\u00a0\u00bb alignment=\u00a0\u00bbcenter\u00a0\u00bb onclick=\u00a0\u00bbcustom_link\u00a0\u00bb link=\u00a0\u00bbhttps:\/\/ynra.ca\/fr\/centre-dapprentissage\/engagement-des-jeunes\/\u00a0\u00bb el_class=\u00a0\u00bbtoolkit-image popcorn\u00a0\u00bb][\/vc_column][vc_column width=\u00a0\u00bb1\/6&Prime;][vc_single_image image=\u00a0\u00bb9756&Prime; img_size=\u00a0\u00bbfull\u00a0\u00bb alignment=\u00a0\u00bbcenter\u00a0\u00bb onclick=\u00a0\u00bbcustom_link\u00a0\u00bb link=\u00a0\u00bbhttps:\/\/ynra.ca\/fr\/centre-dapprentissage\/la-sante-mentale-et-la-stigmatisation\/\u00a0\u00bb el_class=\u00a0\u00bbtoolkit-image whiteboard\u00a0\u00bb][\/vc_column][vc_column width=\u00a0\u00bb1\/2&Prime; el_class=\u00a0\u00bbcol-bottom\u00a0\u00bb][vc_single_image image=\u00a0\u00bb14946&Prime; img_size=\u00a0\u00bbfull\u00a0\u00bb alignment=\u00a0\u00bbright\u00a0\u00bb onclick=\u00a0\u00bbcustom_link\u00a0\u00bb css=\u00a0\u00bb.vc_custom_1636994818733{margin-top: 0px !important;margin-bottom: 0px !important;padding-top: 0px !important;padding-bottom: 0px !important;}\u00a0\u00bb link=\u00a0\u00bbhttps:\/\/ynra.ca\/fr\/ressources-sante-mentale-francophone\/\u00a0\u00bb el_class=\u00a0\u00bbtoolkit-image tech\u00a0\u00bb][\/vc_column][vc_column width=\u00a0\u00bb1\/2&Prime; el_class=\u00a0\u00bbcol-bottom\u00a0\u00bb][vc_single_image image=\u00a0\u00bb14948&Prime; img_size=\u00a0\u00bbfull\u00a0\u00bb onclick=\u00a0\u00bbcustom_link\u00a0\u00bb link=\u00a0\u00bbhttps:\/\/ynra.ca\/fr\/centre-dapprentissage\/jeunes-adultes\/\u00a0\u00bb css=\u00a0\u00bb.vc_custom_1729093512966{margin-top: 0px !important;margin-bottom: 0px !important;padding-top: 0px !important;padding-bottom: 0px !important;}\u00a0\u00bb el_class=\u00a0\u00bbtoolkit-image art\u00a0\u00bb][\/vc_column][\/vc_row][vc_row el_id=\u00a0\u00bbmobile-toolkit\u00a0\u00bb css=\u00a0\u00bb.vc_custom_1610741463821{padding-top: 50px !important;background-color: #f1f1f1 !important;}\u00a0\u00bb][vc_column][vc_custom_heading text=\u00a0\u00bbYouth Mental Health E-Learning Hub\u00a0\u00bb font_container=\u00a0\u00bbtag:h1|text_align:center\u00a0\u00bb use_theme_fonts=\u00a0\u00bbyes\u00a0\u00bb][vc_empty_space][vc_row_inner][vc_column_inner][vc_custom_heading text=\u00a0\u00bbSant\u00e9 mentale et stigmatisation\u00a0\u00bb font_container=\u00a0\u00bbtag:h2|text_align:center\u00a0\u00bb use_theme_fonts=\u00a0\u00bbyes\u00a0\u00bb link=\u00a0\u00bburl:https%3A%2F%2Fynra.ca%2Ffr%2Fcentre-dapprentissage%2Fla-sante-mentale-et-la-stigmatisation%2F|\u00a0\u00bb][vc_single_image image=\u00a0\u00bb9814&Prime; img_size=\u00a0\u00bbfull\u00a0\u00bb alignment=\u00a0\u00bbcenter\u00a0\u00bb onclick=\u00a0\u00bbcustom_link\u00a0\u00bb link=\u00a0\u00bbhttps:\/\/ynra.ca\/fr\/centre-dapprentissage\/la-sante-mentale-et-la-stigmatisation\/\u00a0\u00bb][vc_empty_space height=\u00a0\u00bb50px\u00a0\u00bb][\/vc_column_inner][vc_column_inner][vc_custom_heading text=\u00a0\u00bbStress et adaptation\u00a0\u00bb font_container=\u00a0\u00bbtag:h2|text_align:center\u00a0\u00bb use_theme_fonts=\u00a0\u00bbyes\u00a0\u00bb link=\u00a0\u00bburl:https%3A%2F%2Fynra.ca%2Ffr%2Fcentre-dapprentissage%2Fstress-et-adaptation%2F|\u00a0\u00bb][vc_single_image image=\u00a0\u00bb14941&Prime; img_size=\u00a0\u00bbfull\u00a0\u00bb alignment=\u00a0\u00bbcenter\u00a0\u00bb onclick=\u00a0\u00bbcustom_link\u00a0\u00bb link=\u00a0\u00bbhttps:\/\/ynra.ca\/fr\/centre-dapprentissage\/stress-et-adaptation\/\u00a0\u00bb][vc_empty_space height=\u00a0\u00bb50px\u00a0\u00bb][\/vc_column_inner][vc_column_inner][vc_custom_heading text=\u00a0\u00bbRelations et soutien par les pairs\u00a0\u00bb font_container=\u00a0\u00bbtag:h2|text_align:center\u00a0\u00bb use_theme_fonts=\u00a0\u00bbyes\u00a0\u00bb link=\u00a0\u00bburl:https%3A%2F%2Fynra.ca%2Ffr%2Fcentre-dapprentissage%2Frelations-et-soutien-par-les-pairs%2F|\u00a0\u00bb][vc_single_image image=\u00a0\u00bb14939&Prime; img_size=\u00a0\u00bbfull\u00a0\u00bb alignment=\u00a0\u00bbcenter\u00a0\u00bb onclick=\u00a0\u00bbcustom_link\u00a0\u00bb link=\u00a0\u00bbhttps:\/\/ynra.ca\/fr\/centre-dapprentissage\/relations-et-soutien-par-les-pairs\/\u00a0\u00bb][vc_empty_space height=\u00a0\u00bb50px\u00a0\u00bb][\/vc_column_inner][vc_column_inner][vc_custom_heading text=\u00a0\u00bbAdultes \u00e9mergents\u00a0\u00bb font_container=\u00a0\u00bbtag:h2|text_align:center\u00a0\u00bb use_theme_fonts=\u00a0\u00bbyes\u00a0\u00bb link=\u00a0\u00bburl:https%3A%2F%2Fynra.ca%2Ffr%2Fcentre-dapprentissage%2Fjeunes-adultes%2F|\u00a0\u00bb][vc_single_image image=\u00a0\u00bb14948&Prime; img_size=\u00a0\u00bbfull\u00a0\u00bb alignment=\u00a0\u00bbcenter\u00a0\u00bb onclick=\u00a0\u00bbcustom_link\u00a0\u00bb link=\u00a0\u00bbhttps:\/\/ynra.ca\/fr\/centre-dapprentissage\/jeunes-adultes\/\u00a0\u00bb][vc_empty_space height=\u00a0\u00bb50px\u00a0\u00bb][\/vc_column_inner][vc_column_inner][vc_custom_heading text=\u00a0\u00bbEngagement des jeunes\u00a0\u00bb font_container=\u00a0\u00bbtag:h2|text_align:center\u00a0\u00bb use_theme_fonts=\u00a0\u00bbyes\u00a0\u00bb link=\u00a0\u00bburl:https%3A%2F%2Fynra.ca%2Ffr%2Fcentre-dapprentissage%2Fengagement-des-jeunes%2F|\u00a0\u00bb][vc_single_image image=\u00a0\u00bb14953&Prime; img_size=\u00a0\u00bbfull\u00a0\u00bb alignment=\u00a0\u00bbcenter\u00a0\u00bb onclick=\u00a0\u00bbcustom_link\u00a0\u00bb link=\u00a0\u00bbhttps:\/\/ynra.ca\/fr\/centre-dapprentissage\/engagement-des-jeunes\/\u00a0\u00bb][vc_empty_space height=\u00a0\u00bb50px\u00a0\u00bb][\/vc_column_inner][vc_column_inner][vc_custom_heading text=\u00a0\u00bbRessources\u00a0\u00bb font_container=\u00a0\u00bbtag:h2|text_align:center\u00a0\u00bb use_theme_fonts=\u00a0\u00bbyes\u00a0\u00bb link=\u00a0\u00bburl:https%3A%2F%2Fynra.ca%2Ffr%2Fressources-sante-mentale-francophone%2F|\u00a0\u00bb][vc_single_image image=\u00a0\u00bb14946&Prime; img_size=\u00a0\u00bbfull\u00a0\u00bb alignment=\u00a0\u00bbcenter\u00a0\u00bb onclick=\u00a0\u00bbcustom_link\u00a0\u00bb link=\u00a0\u00bbhttps:\/\/ynra.ca\/fr\/ressources-sante-mentale-francophone\/\u00a0\u00bb][vc_empty_space height=\u00a0\u00bb50px\u00a0\u00bb][\/vc_column_inner][\/vc_row_inner][\/vc_column][\/vc_row]<\/p>\n","protected":false},"excerpt":{"rendered":"<p>[vc_row full_width=\u00a0\u00bbstretch_row_content_no_spaces\u00a0\u00bb full_height=\u00a0\u00bbyes\u00a0\u00bb css=\u00a0\u00bb.vc_custom_1610739942583{background-image: url(http:\/\/ynra.ca\/wp-content\/uploads\/2021\/01\/bg2.jpg?id=9725) !important;background-position: center !important;background-repeat: no-repeat !important;background-size: cover !important;}\u00a0\u00bb el_id=\u00a0\u00bbCentre d&apos;apprentissage\u00a0\u00bb][vc_column width=\u00a0\u00bb1\/3&Prime;][vc_single_image image=\u00a0\u00bb14933&Prime; img_size=\u00a0\u00bbfull\u00a0\u00bb alignment=\u00a0\u00bbcenter\u00a0\u00bb onclick=\u00a0\u00bbcustom_link\u00a0\u00bb link=\u00a0\u00bbhttps:\/\/ynra.ca\/fr\/centre-dapprentissage\/relations-et-soutien-par-les-pairs\/\u00a0\u00bb el_class=\u00a0\u00bbtoolkit-image couch\u00a0\u00bb][\/vc_column][vc_column width=\u00a0\u00bb1\/3&Prime;][vc_single_image image=\u00a0\u00bb14935&Prime; img_size=\u00a0\u00bbfull\u00a0\u00bb alignment=\u00a0\u00bbcenter\u00a0\u00bb onclick=\u00a0\u00bbcustom_link\u00a0\u00bb link=\u00a0\u00bbhttps:\/\/ynra.ca\/fr\/centre-dapprentissage\/stress-et-adaptation\/\u00a0\u00bb el_class=\u00a0\u00bbtoolkit-image music\u00a0\u00bb][\/vc_column][vc_column width=\u00a0\u00bb1\/6&Prime;][vc_single_image image=\u00a0\u00bb14951&Prime; img_size=\u00a0\u00bbfull\u00a0\u00bb alignment=\u00a0\u00bbcenter\u00a0\u00bb onclick=\u00a0\u00bbcustom_link\u00a0\u00bb link=\u00a0\u00bbhttps:\/\/ynra.ca\/fr\/centre-dapprentissage\/engagement-des-jeunes\/\u00a0\u00bb el_class=\u00a0\u00bbtoolkit-image popcorn\u00a0\u00bb][\/vc_column][vc_column width=\u00a0\u00bb1\/6&Prime;][vc_single_image image=\u00a0\u00bb9756&Prime; img_size=\u00a0\u00bbfull\u00a0\u00bb alignment=\u00a0\u00bbcenter\u00a0\u00bb onclick=\u00a0\u00bbcustom_link\u00a0\u00bb link=\u00a0\u00bbhttps:\/\/ynra.ca\/fr\/centre-dapprentissage\/la-sante-mentale-et-la-stigmatisation\/\u00a0\u00bb el_class=\u00a0\u00bbtoolkit-image whiteboard\u00a0\u00bb][\/vc_column][vc_column width=\u00a0\u00bb1\/2&Prime; el_class=\u00a0\u00bbcol-bottom\u00a0\u00bb][vc_single_image image=\u00a0\u00bb14946&Prime; img_size=\u00a0\u00bbfull\u00a0\u00bb alignment=\u00a0\u00bbright\u00a0\u00bb onclick=\u00a0\u00bbcustom_link\u00a0\u00bb css=\u00a0\u00bb.vc_custom_1636994818733{margin-top: 0px !important;margin-bottom: &hellip;<\/p>\n","protected":false},"author":1,"featured_media":0,"parent":0,"menu_order":0,"comment_status":"closed","ping_status":"closed","template":"templates\/blank.php","meta":{"_acf_changed":false,"footnotes":""},"class_list":["post-16372","page","type-page","status-publish","hentry"],"acf":[],"yoast_head":"<!-- This site is optimized with the Yoast SEO plugin v27.3 - https:\/\/yoast.com\/product\/yoast-seo-wordpress\/ -->\n<title>Centre d&#039;apprentissage - YouthNet R\u00e9seauAdo<\/title>\n<meta name=\"robots\" content=\"index, follow, max-snippet:-1, max-image-preview:large, max-video-preview:-1\" \/>\n<link rel=\"canonical\" href=\"https:\/\/ynra.ca\/fr\/centre-dapprentissage\/\" \/>\n<meta property=\"og:locale\" content=\"fr_FR\" \/>\n<meta property=\"og:type\" content=\"article\" \/>\n<meta property=\"og:title\" content=\"Centre d&#039;apprentissage - YouthNet R\u00e9seauAdo\" \/>\n<meta property=\"og:description\" content=\"[vc_row full_width=\u00a0\u00bbstretch_row_content_no_spaces\u00a0\u00bb full_height=\u00a0\u00bbyes\u00a0\u00bb css=\u00a0\u00bb.vc_custom_1610739942583{background-image: url(http:\/\/ynra.ca\/wp-content\/uploads\/2021\/01\/bg2.jpg?id=9725) !important;background-position: center !important;background-repeat: no-repeat !important;background-size: cover !important;}\u00a0\u00bb el_id=\u00a0\u00bbCentre d&amp;apos;apprentissage\u00a0\u00bb][vc_column width=\u00a0\u00bb1\/3&Prime;][vc_single_image image=\u00a0\u00bb14933&Prime; img_size=\u00a0\u00bbfull\u00a0\u00bb alignment=\u00a0\u00bbcenter\u00a0\u00bb onclick=\u00a0\u00bbcustom_link\u00a0\u00bb link=\u00a0\u00bbhttps:\/\/ynra.ca\/fr\/centre-dapprentissage\/relations-et-soutien-par-les-pairs\/\u00a0\u00bb el_class=\u00a0\u00bbtoolkit-image couch\u00a0\u00bb][\/vc_column][vc_column width=\u00a0\u00bb1\/3&Prime;][vc_single_image image=\u00a0\u00bb14935&Prime; img_size=\u00a0\u00bbfull\u00a0\u00bb alignment=\u00a0\u00bbcenter\u00a0\u00bb onclick=\u00a0\u00bbcustom_link\u00a0\u00bb link=\u00a0\u00bbhttps:\/\/ynra.ca\/fr\/centre-dapprentissage\/stress-et-adaptation\/\u00a0\u00bb el_class=\u00a0\u00bbtoolkit-image music\u00a0\u00bb][\/vc_column][vc_column width=\u00a0\u00bb1\/6&Prime;][vc_single_image image=\u00a0\u00bb14951&Prime; img_size=\u00a0\u00bbfull\u00a0\u00bb alignment=\u00a0\u00bbcenter\u00a0\u00bb onclick=\u00a0\u00bbcustom_link\u00a0\u00bb link=\u00a0\u00bbhttps:\/\/ynra.ca\/fr\/centre-dapprentissage\/engagement-des-jeunes\/\u00a0\u00bb el_class=\u00a0\u00bbtoolkit-image popcorn\u00a0\u00bb][\/vc_column][vc_column width=\u00a0\u00bb1\/6&Prime;][vc_single_image image=\u00a0\u00bb9756&Prime; img_size=\u00a0\u00bbfull\u00a0\u00bb alignment=\u00a0\u00bbcenter\u00a0\u00bb onclick=\u00a0\u00bbcustom_link\u00a0\u00bb link=\u00a0\u00bbhttps:\/\/ynra.ca\/fr\/centre-dapprentissage\/la-sante-mentale-et-la-stigmatisation\/\u00a0\u00bb el_class=\u00a0\u00bbtoolkit-image whiteboard\u00a0\u00bb][\/vc_column][vc_column width=\u00a0\u00bb1\/2&Prime; el_class=\u00a0\u00bbcol-bottom\u00a0\u00bb][vc_single_image image=\u00a0\u00bb14946&Prime; img_size=\u00a0\u00bbfull\u00a0\u00bb alignment=\u00a0\u00bbright\u00a0\u00bb onclick=\u00a0\u00bbcustom_link\u00a0\u00bb css=\u00a0\u00bb.vc_custom_1636994818733{margin-top: 0px !important;margin-bottom: &hellip;\" \/>\n<meta property=\"og:url\" content=\"https:\/\/ynra.ca\/fr\/centre-dapprentissage\/\" \/>\n<meta property=\"og:site_name\" content=\"YouthNet R\u00e9seauAdo\" \/>\n<meta property=\"article:modified_time\" content=\"2024-10-16T15:45:20+00:00\" \/>\n<meta name=\"twitter:card\" content=\"summary_large_image\" \/>\n<meta name=\"twitter:label1\" content=\"Dur\u00e9e de lecture estim\u00e9e\" \/>\n\t<meta name=\"twitter:data1\" content=\"1 minute\" \/>\n<script type=\"application\/ld+json\" class=\"yoast-schema-graph\">{\"@context\":\"https:\\\/\\\/schema.org\",\"@graph\":[{\"@type\":\"WebPage\",\"@id\":\"https:\\\/\\\/ynra.ca\\\/fr\\\/centre-dapprentissage\\\/\",\"url\":\"https:\\\/\\\/ynra.ca\\\/fr\\\/centre-dapprentissage\\\/\",\"name\":\"Centre d'apprentissage - YouthNet R\u00e9seauAdo\",\"isPartOf\":{\"@id\":\"https:\\\/\\\/ynra.ca\\\/#website\"},\"datePublished\":\"2022-01-07T15:32:50+00:00\",\"dateModified\":\"2024-10-16T15:45:20+00:00\",\"inLanguage\":\"fr-FR\",\"potentialAction\":[{\"@type\":\"ReadAction\",\"target\":[\"https:\\\/\\\/ynra.ca\\\/fr\\\/centre-dapprentissage\\\/\"]}]},{\"@type\":\"WebSite\",\"@id\":\"https:\\\/\\\/ynra.ca\\\/#website\",\"url\":\"https:\\\/\\\/ynra.ca\\\/\",\"name\":\"YouthNet R\u00e9seauAdo\",\"description\":\"Mental Health Services for Youth\",\"publisher\":{\"@id\":\"https:\\\/\\\/ynra.ca\\\/#organization\"},\"potentialAction\":[{\"@type\":\"SearchAction\",\"target\":{\"@type\":\"EntryPoint\",\"urlTemplate\":\"https:\\\/\\\/ynra.ca\\\/?s={search_term_string}\"},\"query-input\":{\"@type\":\"PropertyValueSpecification\",\"valueRequired\":true,\"valueName\":\"search_term_string\"}}],\"inLanguage\":\"fr-FR\"},{\"@type\":\"Organization\",\"@id\":\"https:\\\/\\\/ynra.ca\\\/#organization\",\"name\":\"YouthNet R\u00e9seauAdo\",\"url\":\"https:\\\/\\\/ynra.ca\\\/\",\"logo\":{\"@type\":\"ImageObject\",\"inLanguage\":\"fr-FR\",\"@id\":\"https:\\\/\\\/ynra.ca\\\/#\\\/schema\\\/logo\\\/image\\\/\",\"url\":\"https:\\\/\\\/ynra.ca\\\/wp-content\\\/uploads\\\/2018\\\/07\\\/ynra-logo.png\",\"contentUrl\":\"https:\\\/\\\/ynra.ca\\\/wp-content\\\/uploads\\\/2018\\\/07\\\/ynra-logo.png\",\"width\":241,\"height\":115,\"caption\":\"YouthNet R\u00e9seauAdo\"},\"image\":{\"@id\":\"https:\\\/\\\/ynra.ca\\\/#\\\/schema\\\/logo\\\/image\\\/\"}}]}<\/script>\n<!-- \/ Yoast SEO plugin. -->","yoast_head_json":{"title":"Centre d'apprentissage - YouthNet R\u00e9seauAdo","robots":{"index":"index","follow":"follow","max-snippet":"max-snippet:-1","max-image-preview":"max-image-preview:large","max-video-preview":"max-video-preview:-1"},"canonical":"https:\/\/ynra.ca\/fr\/centre-dapprentissage\/","og_locale":"fr_FR","og_type":"article","og_title":"Centre d'apprentissage - YouthNet R\u00e9seauAdo","og_description":"[vc_row full_width=\u00a0\u00bbstretch_row_content_no_spaces\u00a0\u00bb full_height=\u00a0\u00bbyes\u00a0\u00bb css=\u00a0\u00bb.vc_custom_1610739942583{background-image: url(http:\/\/ynra.ca\/wp-content\/uploads\/2021\/01\/bg2.jpg?id=9725) !important;background-position: center !important;background-repeat: no-repeat !important;background-size: cover !important;}\u00a0\u00bb el_id=\u00a0\u00bbCentre d&apos;apprentissage\u00a0\u00bb][vc_column width=\u00a0\u00bb1\/3&Prime;][vc_single_image image=\u00a0\u00bb14933&Prime; img_size=\u00a0\u00bbfull\u00a0\u00bb alignment=\u00a0\u00bbcenter\u00a0\u00bb onclick=\u00a0\u00bbcustom_link\u00a0\u00bb link=\u00a0\u00bbhttps:\/\/ynra.ca\/fr\/centre-dapprentissage\/relations-et-soutien-par-les-pairs\/\u00a0\u00bb el_class=\u00a0\u00bbtoolkit-image couch\u00a0\u00bb][\/vc_column][vc_column width=\u00a0\u00bb1\/3&Prime;][vc_single_image image=\u00a0\u00bb14935&Prime; img_size=\u00a0\u00bbfull\u00a0\u00bb alignment=\u00a0\u00bbcenter\u00a0\u00bb onclick=\u00a0\u00bbcustom_link\u00a0\u00bb link=\u00a0\u00bbhttps:\/\/ynra.ca\/fr\/centre-dapprentissage\/stress-et-adaptation\/\u00a0\u00bb el_class=\u00a0\u00bbtoolkit-image music\u00a0\u00bb][\/vc_column][vc_column width=\u00a0\u00bb1\/6&Prime;][vc_single_image image=\u00a0\u00bb14951&Prime; img_size=\u00a0\u00bbfull\u00a0\u00bb alignment=\u00a0\u00bbcenter\u00a0\u00bb onclick=\u00a0\u00bbcustom_link\u00a0\u00bb link=\u00a0\u00bbhttps:\/\/ynra.ca\/fr\/centre-dapprentissage\/engagement-des-jeunes\/\u00a0\u00bb el_class=\u00a0\u00bbtoolkit-image popcorn\u00a0\u00bb][\/vc_column][vc_column width=\u00a0\u00bb1\/6&Prime;][vc_single_image image=\u00a0\u00bb9756&Prime; img_size=\u00a0\u00bbfull\u00a0\u00bb alignment=\u00a0\u00bbcenter\u00a0\u00bb onclick=\u00a0\u00bbcustom_link\u00a0\u00bb link=\u00a0\u00bbhttps:\/\/ynra.ca\/fr\/centre-dapprentissage\/la-sante-mentale-et-la-stigmatisation\/\u00a0\u00bb el_class=\u00a0\u00bbtoolkit-image whiteboard\u00a0\u00bb][\/vc_column][vc_column width=\u00a0\u00bb1\/2&Prime; el_class=\u00a0\u00bbcol-bottom\u00a0\u00bb][vc_single_image image=\u00a0\u00bb14946&Prime; img_size=\u00a0\u00bbfull\u00a0\u00bb alignment=\u00a0\u00bbright\u00a0\u00bb onclick=\u00a0\u00bbcustom_link\u00a0\u00bb css=\u00a0\u00bb.vc_custom_1636994818733{margin-top: 0px !important;margin-bottom: &hellip;","og_url":"https:\/\/ynra.ca\/fr\/centre-dapprentissage\/","og_site_name":"YouthNet R\u00e9seauAdo","article_modified_time":"2024-10-16T15:45:20+00:00","twitter_card":"summary_large_image","twitter_misc":{"Dur\u00e9e de lecture estim\u00e9e":"1 minute"},"schema":{"@context":"https:\/\/schema.org","@graph":[{"@type":"WebPage","@id":"https:\/\/ynra.ca\/fr\/centre-dapprentissage\/","url":"https:\/\/ynra.ca\/fr\/centre-dapprentissage\/","name":"Centre d'apprentissage - YouthNet R\u00e9seauAdo","isPartOf":{"@id":"https:\/\/ynra.ca\/#website"},"datePublished":"2022-01-07T15:32:50+00:00","dateModified":"2024-10-16T15:45:20+00:00","inLanguage":"fr-FR","potentialAction":[{"@type":"ReadAction","target":["https:\/\/ynra.ca\/fr\/centre-dapprentissage\/"]}]},{"@type":"WebSite","@id":"https:\/\/ynra.ca\/#website","url":"https:\/\/ynra.ca\/","name":"YouthNet R\u00e9seauAdo","description":"Mental Health Services for Youth","publisher":{"@id":"https:\/\/ynra.ca\/#organization"},"potentialAction":[{"@type":"SearchAction","target":{"@type":"EntryPoint","urlTemplate":"https:\/\/ynra.ca\/?s={search_term_string}"},"query-input":{"@type":"PropertyValueSpecification","valueRequired":true,"valueName":"search_term_string"}}],"inLanguage":"fr-FR"},{"@type":"Organization","@id":"https:\/\/ynra.ca\/#organization","name":"YouthNet R\u00e9seauAdo","url":"https:\/\/ynra.ca\/","logo":{"@type":"ImageObject","inLanguage":"fr-FR","@id":"https:\/\/ynra.ca\/#\/schema\/logo\/image\/","url":"https:\/\/ynra.ca\/wp-content\/uploads\/2018\/07\/ynra-logo.png","contentUrl":"https:\/\/ynra.ca\/wp-content\/uploads\/2018\/07\/ynra-logo.png","width":241,"height":115,"caption":"YouthNet R\u00e9seauAdo"},"image":{"@id":"https:\/\/ynra.ca\/#\/schema\/logo\/image\/"}}]}},"_links":{"self":[{"href":"https:\/\/ynra.ca\/fr\/wp-json\/wp\/v2\/pages\/16372","targetHints":{"allow":["GET"]}}],"collection":[{"href":"https:\/\/ynra.ca\/fr\/wp-json\/wp\/v2\/pages"}],"about":[{"href":"https:\/\/ynra.ca\/fr\/wp-json\/wp\/v2\/types\/page"}],"author":[{"embeddable":true,"href":"https:\/\/ynra.ca\/fr\/wp-json\/wp\/v2\/users\/1"}],"replies":[{"embeddable":true,"href":"https:\/\/ynra.ca\/fr\/wp-json\/wp\/v2\/comments?post=16372"}],"version-history":[{"count":32,"href":"https:\/\/ynra.ca\/fr\/wp-json\/wp\/v2\/pages\/16372\/revisions"}],"predecessor-version":[{"id":31817,"href":"https:\/\/ynra.ca\/fr\/wp-json\/wp\/v2\/pages\/16372\/revisions\/31817"}],"wp:attachment":[{"href":"https:\/\/ynra.ca\/fr\/wp-json\/wp\/v2\/media?parent=16372"}],"curies":[{"name":"wp","href":"https:\/\/api.w.org\/{rel}","templated":true}]}}