{"id":163,"date":"2018-07-03T23:54:20","date_gmt":"2018-07-03T23:54:20","guid":{"rendered":"http:\/\/ynra.ca\/?page_id=163"},"modified":"2022-03-31T14:59:37","modified_gmt":"2022-03-31T18:59:37","slug":"services-sante-mental-jeunesse","status":"publish","type":"page","link":"https:\/\/ynra.ca\/fr\/services-sante-mental-jeunesse\/","title":{"rendered":"Services"},"content":{"rendered":"<h2>Services en sant\u00e9 mentale pour les jeunes<\/h2>\n<p>Bienvenue sur notre page de services et de r\u00e9servation. jetez un oeil \u00e0 nos services et suivez les liens et les instructions pour r\u00e9server un atelier virtuel ou diriger un jeune vers nos programmes.<\/p>\n<p>Nous nous soucions du bien-\u00eatre des jeunes dans la communaut\u00e9. C&rsquo;est pourquoi nous avons, avec l&rsquo;aide et la contribution de nos participants, mis en place ces services pour vous. Nous savons que tout le monde a une sant\u00e9 mentale et nous savons aussi que c&rsquo;est important d&rsquo;en parler. N&rsquo;h\u00e9sitez pas \u00e0 nous inviter; nous en avons beaucoup \u00e0 dire!<\/p>\n<h2>Ateliers virtuels<\/h2>\n<p>Consultez la liste de toutes les ateliers virtuels disponibles que YouthNet R\u00e9seauAdo offre. <strong><a href=\"\/fr\/services-sante-mental-jeunesse\/presentations\/\">En savoir plus.<\/a><\/strong><\/p>\n<h2>Programmes<\/h2>\n<p>Consultez la liste de tous les programmes jeunesse que YouthNet R\u00e9seauAdo enseigne. <strong><a href=\"\/fr\/services-sante-mental-jeunesse\/programmes-pour-les-jeunes\/\">En savoir plus.<\/a><\/strong><\/p>\n<p>&nbsp;<\/p>\n<hr \/>\n<p>Pour plus d&rsquo;informations sur tout autre service, ou si vous avez des questions pour YouthNet R\u00e9seauAdo, n&rsquo;h\u00e9sitez pas \u00e0 <strong><a href=\"\/fr\/contact\/\">communiquer avec nous<\/a>!<\/strong><\/p>\n","protected":false},"excerpt":{"rendered":"<p>Services en sant\u00e9 mentale pour les jeunes Bienvenue sur notre page de services et de r\u00e9servation. jetez un oeil \u00e0 nos services et suivez les liens et les instructions pour r\u00e9server un atelier virtuel ou diriger un jeune vers nos programmes. Nous nous soucions du bien-\u00eatre des jeunes dans la communaut\u00e9. C&rsquo;est pourquoi nous avons, &hellip;<\/p>\n","protected":false},"author":1,"featured_media":0,"parent":0,"menu_order":30,"comment_status":"closed","ping_status":"closed","template":"","meta":{"_acf_changed":false,"footnotes":""},"class_list":["post-163","page","type-page","status-publish","hentry"],"acf":[],"yoast_head":"<!-- This site is optimized with the Yoast SEO plugin v27.3 - https:\/\/yoast.com\/product\/yoast-seo-wordpress\/ -->\n<title>Services - YouthNet R\u00e9seauAdo<\/title>\n<meta name=\"robots\" content=\"index, follow, max-snippet:-1, max-image-preview:large, max-video-preview:-1\" \/>\n<link rel=\"canonical\" href=\"http:\/\/ynra.ca\/fr\/services-sante-mental-jeunesse\/\" \/>\n<meta property=\"og:locale\" content=\"fr_FR\" \/>\n<meta property=\"og:type\" content=\"article\" \/>\n<meta property=\"og:title\" content=\"Services - YouthNet R\u00e9seauAdo\" \/>\n<meta property=\"og:description\" content=\"Services en sant\u00e9 mentale pour les jeunes Bienvenue sur notre page de services et de r\u00e9servation. jetez un oeil \u00e0 nos services et suivez les liens et les instructions pour r\u00e9server un atelier virtuel ou diriger un jeune vers nos programmes. Nous nous soucions du bien-\u00eatre des jeunes dans la communaut\u00e9. C&rsquo;est pourquoi nous avons, &hellip;\" \/>\n<meta property=\"og:url\" content=\"http:\/\/ynra.ca\/fr\/services-sante-mental-jeunesse\/\" \/>\n<meta property=\"og:site_name\" content=\"YouthNet R\u00e9seauAdo\" \/>\n<meta property=\"article:modified_time\" content=\"2022-03-31T18:59:37+00:00\" \/>\n<meta name=\"twitter:card\" content=\"summary_large_image\" \/>\n<meta name=\"twitter:label1\" content=\"Dur\u00e9e de lecture estim\u00e9e\" \/>\n\t<meta name=\"twitter:data1\" content=\"1 minute\" \/>\n<script type=\"application\/ld+json\" class=\"yoast-schema-graph\">{\"@context\":\"https:\\\/\\\/schema.org\",\"@graph\":[{\"@type\":\"WebPage\",\"@id\":\"http:\\\/\\\/ynra.ca\\\/fr\\\/services-sante-mental-jeunesse\\\/\",\"url\":\"http:\\\/\\\/ynra.ca\\\/fr\\\/services-sante-mental-jeunesse\\\/\",\"name\":\"Services - YouthNet R\u00e9seauAdo\",\"isPartOf\":{\"@id\":\"https:\\\/\\\/ynra.ca\\\/#website\"},\"datePublished\":\"2018-07-03T23:54:20+00:00\",\"dateModified\":\"2022-03-31T18:59:37+00:00\",\"inLanguage\":\"fr-FR\",\"potentialAction\":[{\"@type\":\"ReadAction\",\"target\":[\"http:\\\/\\\/ynra.ca\\\/fr\\\/services-sante-mental-jeunesse\\\/\"]}]},{\"@type\":\"WebSite\",\"@id\":\"https:\\\/\\\/ynra.ca\\\/#website\",\"url\":\"https:\\\/\\\/ynra.ca\\\/\",\"name\":\"YouthNet R\u00e9seauAdo\",\"description\":\"Mental Health Services for Youth\",\"publisher\":{\"@id\":\"https:\\\/\\\/ynra.ca\\\/#organization\"},\"potentialAction\":[{\"@type\":\"SearchAction\",\"target\":{\"@type\":\"EntryPoint\",\"urlTemplate\":\"https:\\\/\\\/ynra.ca\\\/?s={search_term_string}\"},\"query-input\":{\"@type\":\"PropertyValueSpecification\",\"valueRequired\":true,\"valueName\":\"search_term_string\"}}],\"inLanguage\":\"fr-FR\"},{\"@type\":\"Organization\",\"@id\":\"https:\\\/\\\/ynra.ca\\\/#organization\",\"name\":\"YouthNet R\u00e9seauAdo\",\"url\":\"https:\\\/\\\/ynra.ca\\\/\",\"logo\":{\"@type\":\"ImageObject\",\"inLanguage\":\"fr-FR\",\"@id\":\"https:\\\/\\\/ynra.ca\\\/#\\\/schema\\\/logo\\\/image\\\/\",\"url\":\"https:\\\/\\\/ynra.ca\\\/wp-content\\\/uploads\\\/2018\\\/07\\\/ynra-logo.png\",\"contentUrl\":\"https:\\\/\\\/ynra.ca\\\/wp-content\\\/uploads\\\/2018\\\/07\\\/ynra-logo.png\",\"width\":241,\"height\":115,\"caption\":\"YouthNet R\u00e9seauAdo\"},\"image\":{\"@id\":\"https:\\\/\\\/ynra.ca\\\/#\\\/schema\\\/logo\\\/image\\\/\"}}]}<\/script>\n<!-- \/ Yoast SEO plugin. -->","yoast_head_json":{"title":"Services - YouthNet R\u00e9seauAdo","robots":{"index":"index","follow":"follow","max-snippet":"max-snippet:-1","max-image-preview":"max-image-preview:large","max-video-preview":"max-video-preview:-1"},"canonical":"http:\/\/ynra.ca\/fr\/services-sante-mental-jeunesse\/","og_locale":"fr_FR","og_type":"article","og_title":"Services - YouthNet R\u00e9seauAdo","og_description":"Services en sant\u00e9 mentale pour les jeunes Bienvenue sur notre page de services et de r\u00e9servation. jetez un oeil \u00e0 nos services et suivez les liens et les instructions pour r\u00e9server un atelier virtuel ou diriger un jeune vers nos programmes. Nous nous soucions du bien-\u00eatre des jeunes dans la communaut\u00e9. C&rsquo;est pourquoi nous avons, &hellip;","og_url":"http:\/\/ynra.ca\/fr\/services-sante-mental-jeunesse\/","og_site_name":"YouthNet R\u00e9seauAdo","article_modified_time":"2022-03-31T18:59:37+00:00","twitter_card":"summary_large_image","twitter_misc":{"Dur\u00e9e de lecture estim\u00e9e":"1 minute"},"schema":{"@context":"https:\/\/schema.org","@graph":[{"@type":"WebPage","@id":"http:\/\/ynra.ca\/fr\/services-sante-mental-jeunesse\/","url":"http:\/\/ynra.ca\/fr\/services-sante-mental-jeunesse\/","name":"Services - YouthNet R\u00e9seauAdo","isPartOf":{"@id":"https:\/\/ynra.ca\/#website"},"datePublished":"2018-07-03T23:54:20+00:00","dateModified":"2022-03-31T18:59:37+00:00","inLanguage":"fr-FR","potentialAction":[{"@type":"ReadAction","target":["http:\/\/ynra.ca\/fr\/services-sante-mental-jeunesse\/"]}]},{"@type":"WebSite","@id":"https:\/\/ynra.ca\/#website","url":"https:\/\/ynra.ca\/","name":"YouthNet R\u00e9seauAdo","description":"Mental Health Services for Youth","publisher":{"@id":"https:\/\/ynra.ca\/#organization"},"potentialAction":[{"@type":"SearchAction","target":{"@type":"EntryPoint","urlTemplate":"https:\/\/ynra.ca\/?s={search_term_string}"},"query-input":{"@type":"PropertyValueSpecification","valueRequired":true,"valueName":"search_term_string"}}],"inLanguage":"fr-FR"},{"@type":"Organization","@id":"https:\/\/ynra.ca\/#organization","name":"YouthNet R\u00e9seauAdo","url":"https:\/\/ynra.ca\/","logo":{"@type":"ImageObject","inLanguage":"fr-FR","@id":"https:\/\/ynra.ca\/#\/schema\/logo\/image\/","url":"https:\/\/ynra.ca\/wp-content\/uploads\/2018\/07\/ynra-logo.png","contentUrl":"https:\/\/ynra.ca\/wp-content\/uploads\/2018\/07\/ynra-logo.png","width":241,"height":115,"caption":"YouthNet R\u00e9seauAdo"},"image":{"@id":"https:\/\/ynra.ca\/#\/schema\/logo\/image\/"}}]}},"_links":{"self":[{"href":"https:\/\/ynra.ca\/fr\/wp-json\/wp\/v2\/pages\/163","targetHints":{"allow":["GET"]}}],"collection":[{"href":"https:\/\/ynra.ca\/fr\/wp-json\/wp\/v2\/pages"}],"about":[{"href":"https:\/\/ynra.ca\/fr\/wp-json\/wp\/v2\/types\/page"}],"author":[{"embeddable":true,"href":"https:\/\/ynra.ca\/fr\/wp-json\/wp\/v2\/users\/1"}],"replies":[{"embeddable":true,"href":"https:\/\/ynra.ca\/fr\/wp-json\/wp\/v2\/comments?post=163"}],"version-history":[{"count":8,"href":"https:\/\/ynra.ca\/fr\/wp-json\/wp\/v2\/pages\/163\/revisions"}],"predecessor-version":[{"id":7975,"href":"https:\/\/ynra.ca\/fr\/wp-json\/wp\/v2\/pages\/163\/revisions\/7975"}],"wp:attachment":[{"href":"https:\/\/ynra.ca\/fr\/wp-json\/wp\/v2\/media?parent=163"}],"curies":[{"name":"wp","href":"https:\/\/api.w.org\/{rel}","templated":true}]}}