{"id":157,"date":"2018-07-03T20:03:06","date_gmt":"2018-07-03T20:03:06","guid":{"rendered":"http:\/\/ynra.ca\/?page_id=157"},"modified":"2024-04-26T09:46:17","modified_gmt":"2024-04-26T13:46:17","slug":"notre-equipe","status":"publish","type":"page","link":"https:\/\/ynra.ca\/fr\/notre-equipe\/","title":{"rendered":"Notre \u00e9quipe"},"content":{"rendered":"<p>[vc_row][vc_column][vc_column_text]L\u2019\u00e9quipe de r\u00eave est compos\u00e9e de jeunes animateurs, de membres du personnel central, d\u2019un comit\u00e9 consultatif de jeunes ados et de b\u00e9n\u00e9voles! En s\u2019engageant avec les jeunes, nous garantissons que l\u2019apprentissage au sujet de la sant\u00e9 mentale n\u2019a jamais \u00e9t\u00e9 aussi amusant![\/vc_column_text][\/vc_column][\/vc_row][vc_row][vc_column width=\u00a0\u00bb1\/2&Prime;][vc_single_image image=\u00a0\u00bb28346&Prime; img_size=\u00a0\u00bbfull\u00a0\u00bb][\/vc_column][vc_column width=\u00a0\u00bb1\/2&Prime;][vc_column_text]<\/p>\n<h2>Facilitateurs jeunesse<\/h2>\n<p>Tous nos programmes et pr\u00e9sentations sont donn\u00e9es par nos animateurs. Ils ont entre 20 et 30 ans parce que parfois, il est plus facile de parler \u00e0 quelqu\u2019un de plus pr\u00e8s de son \u00e2ge. La recherche d\u00e9montre \u00e9galement que les jeunes sont plus susceptibles de demander de l\u2019aide \u00e0 un pair. Les facilitateurs de YouthNet R\u00e9seauAdo sont conviviaux avec les jeunes, form\u00e9s \u00e0 l\u2019ASIST et passionn\u00e9s par la sant\u00e9 mentale! Nous recrutons chaque ann\u00e9e de nouveaux facilitateurs pour les jeunes. Si cela ressemble \u00e0 votre travail de r\u00eave, n\u2019h\u00e9sitez pas \u00e0 nous contacter![\/vc_column_text][\/vc_column][\/vc_row][vc_row][vc_column][vc_column_text]<\/p>\n<h2>Nous embauchons !<\/h2>\n<p>Nous avons une formidable opportunit\u00e9 d\u2019emploi \u00e0 temps partiel pour les jeunes de 20 \u00e0 30 ans qui souhaitent se joindre \u00e0 YNRA en tant qu\u2019animateur jeunesse !<\/p>\n<p>Il s\u2019agit d\u2019un poste essentiel, qui re\u00e7oit une formation sp\u00e9cialis\u00e9e afin d\u2019offrir des ateliers et des programmes attrayants\/engageants aux jeunes (\u00e2g\u00e9s de 13 \u00e0 20 ans) de la r\u00e9gion d\u2019Ottawa.<\/p>\n<p>Postulez d\u00e8s aujourd\u2019hui pour devenir un animateur\/trice jeunesse en envoyant votre CV (une lettre de candidature est appr\u00e9ci\u00e9e \u00e9galement, si vous le souhaitez !!) \u00e0 ynra@cheo.on.ca.<\/p>\n<p>Consultez l\u2019offre d\u2019emploi compl\u00e8te <a href=\"http:\/\/ynra.ca\/wp-content\/uploads\/2024\/04\/YNRA-poste-pour-animateur-trice-printemps-2024-FR.pdf\" target=\"_blank\" rel=\"noopener\">ICI. <\/a>.[\/vc_column_text][vc_row_inner][vc_column_inner][vc_single_image image=\u00a0\u00bb28354&Prime; img_size=\u00a0\u00bbfull\u00a0\u00bb alignment=\u00a0\u00bbcenter\u00a0\u00bb onclick=\u00a0\u00bbcustom_link\u00a0\u00bb img_link_target=\u00a0\u00bb_blank\u00a0\u00bb link=\u00a0\u00bbhttp:\/\/ynra.ca\/wp-content\/uploads\/2023\/06\/YNRA-poste-pour-animateur-trice-juin-2023-FR-1.pdf\u00a0\u00bb][\/vc_column_inner][\/vc_row_inner][\/vc_column][\/vc_row][vc_row][vc_column width=\u00a0\u00bb1\/2&Prime;][vc_single_image image=\u00a0\u00bb28348&Prime; img_size=\u00a0\u00bbfull\u00a0\u00bb][\/vc_column][vc_column width=\u00a0\u00bb1\/2&Prime;][vc_column_text]<\/p>\n<h2>\u00c9quipe de base<\/h2>\n<p>Dans les coulisses, notre \u00e9quipe de base travaille tr\u00e8s fort pour offrir des services de litt\u00e9ratie en sant\u00e9 mentale aux jeunes. Notre coordonnateur de programme s\u2019assure que nous sommes connect\u00e9s dans la communaut\u00e9 et que tout ce d\u00e9roule bien. Notre travailleur social s\u2019assure que le soutien clinique est disponible en tout temps et nos planificateurs en sant\u00e9 mentale utilisent la cr\u00e9ativit\u00e9, la recherche et la promotion pour faire avancer la pr\u00e9vention en sant\u00e9 mentale \u00e0 Ottawa. Nous sommes toujours disponible pour communiquer avec les jeunes et les milieux communautaires. S\u2019il vous pla\u00eet contactez-nous savoir si vous souhaitez demander un service sp\u00e9cifique ou en savoir plus sur nous.[\/vc_column_text][\/vc_column][\/vc_row][vc_row][vc_column width=\u00a0\u00bb1\/2&Prime;][vc_single_image image=\u00a0\u00bb28350&Prime; img_size=\u00a0\u00bbfull\u00a0\u00bb][\/vc_column][vc_column width=\u00a0\u00bb1\/2&Prime;][vc_column_text]<\/p>\n<h2>Jeunes volontaires<\/h2>\n<p>Nos b\u00e9n\u00e9voles nous aident dans toute une gamme de t\u00e2ches, comme la collecte de fonds, la promotion des m\u00e9dias sociaux, la peinture de banni\u00e8res, la planification de brise-glaces amusants, l\u2019aide aux nouveaux jeunes et plus encore. Si vous cherchez plus d\u2019exp\u00e9rience ou si vous souhaitez donner en retour, veuillez nous contacter![\/vc_column_text][\/vc_column][\/vc_row]<\/p>\n","protected":false},"excerpt":{"rendered":"<p>[vc_row][vc_column][vc_column_text]L\u2019\u00e9quipe de r\u00eave est compos\u00e9e de jeunes animateurs, de membres du personnel central, d\u2019un comit\u00e9 consultatif de jeunes ados et de b\u00e9n\u00e9voles! En s\u2019engageant avec les jeunes, nous garantissons que l\u2019apprentissage au sujet de la sant\u00e9 mentale n\u2019a jamais \u00e9t\u00e9 aussi amusant![\/vc_column_text][\/vc_column][\/vc_row][vc_row][vc_column width=\u00a0\u00bb1\/2&Prime;][vc_single_image image=\u00a0\u00bb28346&Prime; img_size=\u00a0\u00bbfull\u00a0\u00bb][\/vc_column][vc_column width=\u00a0\u00bb1\/2&Prime;][vc_column_text] Facilitateurs jeunesse Tous nos programmes et pr\u00e9sentations sont donn\u00e9es &hellip;<\/p>\n","protected":false},"author":1,"featured_media":0,"parent":0,"menu_order":10,"comment_status":"closed","ping_status":"closed","template":"","meta":{"_acf_changed":false,"footnotes":""},"class_list":["post-157","page","type-page","status-publish","hentry"],"acf":[],"yoast_head":"<!-- This site is optimized with the Yoast SEO plugin v27.3 - https:\/\/yoast.com\/product\/yoast-seo-wordpress\/ -->\n<title>Notre \u00e9quipe - YouthNet R\u00e9seauAdo<\/title>\n<meta name=\"robots\" content=\"index, follow, max-snippet:-1, max-image-preview:large, max-video-preview:-1\" \/>\n<link rel=\"canonical\" href=\"http:\/\/ynra.ca\/fr\/notre-equipe\/\" \/>\n<meta property=\"og:locale\" content=\"fr_FR\" \/>\n<meta property=\"og:type\" content=\"article\" \/>\n<meta property=\"og:title\" content=\"Notre \u00e9quipe - YouthNet R\u00e9seauAdo\" \/>\n<meta property=\"og:description\" content=\"[vc_row][vc_column][vc_column_text]L\u2019\u00e9quipe de r\u00eave est compos\u00e9e de jeunes animateurs, de membres du personnel central, d\u2019un comit\u00e9 consultatif de jeunes ados et de b\u00e9n\u00e9voles! En s\u2019engageant avec les jeunes, nous garantissons que l\u2019apprentissage au sujet de la sant\u00e9 mentale n\u2019a jamais \u00e9t\u00e9 aussi amusant![\/vc_column_text][\/vc_column][\/vc_row][vc_row][vc_column width=\u00a0\u00bb1\/2&Prime;][vc_single_image image=\u00a0\u00bb28346&Prime; img_size=\u00a0\u00bbfull\u00a0\u00bb][\/vc_column][vc_column width=\u00a0\u00bb1\/2&Prime;][vc_column_text] Facilitateurs jeunesse Tous nos programmes et pr\u00e9sentations sont donn\u00e9es &hellip;\" \/>\n<meta property=\"og:url\" content=\"http:\/\/ynra.ca\/fr\/notre-equipe\/\" \/>\n<meta property=\"og:site_name\" content=\"YouthNet R\u00e9seauAdo\" \/>\n<meta property=\"article:modified_time\" content=\"2024-04-26T13:46:17+00:00\" \/>\n<meta name=\"twitter:card\" content=\"summary_large_image\" \/>\n<meta name=\"twitter:label1\" content=\"Dur\u00e9e de lecture estim\u00e9e\" \/>\n\t<meta name=\"twitter:data1\" content=\"2 minutes\" \/>\n<script type=\"application\/ld+json\" class=\"yoast-schema-graph\">{\"@context\":\"https:\\\/\\\/schema.org\",\"@graph\":[{\"@type\":\"WebPage\",\"@id\":\"http:\\\/\\\/ynra.ca\\\/fr\\\/notre-equipe\\\/\",\"url\":\"http:\\\/\\\/ynra.ca\\\/fr\\\/notre-equipe\\\/\",\"name\":\"Notre \u00e9quipe - YouthNet R\u00e9seauAdo\",\"isPartOf\":{\"@id\":\"https:\\\/\\\/ynra.ca\\\/#website\"},\"datePublished\":\"2018-07-03T20:03:06+00:00\",\"dateModified\":\"2024-04-26T13:46:17+00:00\",\"inLanguage\":\"fr-FR\",\"potentialAction\":[{\"@type\":\"ReadAction\",\"target\":[\"http:\\\/\\\/ynra.ca\\\/fr\\\/notre-equipe\\\/\"]}]},{\"@type\":\"WebSite\",\"@id\":\"https:\\\/\\\/ynra.ca\\\/#website\",\"url\":\"https:\\\/\\\/ynra.ca\\\/\",\"name\":\"YouthNet R\u00e9seauAdo\",\"description\":\"Mental Health Services for Youth\",\"publisher\":{\"@id\":\"https:\\\/\\\/ynra.ca\\\/#organization\"},\"potentialAction\":[{\"@type\":\"SearchAction\",\"target\":{\"@type\":\"EntryPoint\",\"urlTemplate\":\"https:\\\/\\\/ynra.ca\\\/?s={search_term_string}\"},\"query-input\":{\"@type\":\"PropertyValueSpecification\",\"valueRequired\":true,\"valueName\":\"search_term_string\"}}],\"inLanguage\":\"fr-FR\"},{\"@type\":\"Organization\",\"@id\":\"https:\\\/\\\/ynra.ca\\\/#organization\",\"name\":\"YouthNet R\u00e9seauAdo\",\"url\":\"https:\\\/\\\/ynra.ca\\\/\",\"logo\":{\"@type\":\"ImageObject\",\"inLanguage\":\"fr-FR\",\"@id\":\"https:\\\/\\\/ynra.ca\\\/#\\\/schema\\\/logo\\\/image\\\/\",\"url\":\"https:\\\/\\\/ynra.ca\\\/wp-content\\\/uploads\\\/2018\\\/07\\\/ynra-logo.png\",\"contentUrl\":\"https:\\\/\\\/ynra.ca\\\/wp-content\\\/uploads\\\/2018\\\/07\\\/ynra-logo.png\",\"width\":241,\"height\":115,\"caption\":\"YouthNet R\u00e9seauAdo\"},\"image\":{\"@id\":\"https:\\\/\\\/ynra.ca\\\/#\\\/schema\\\/logo\\\/image\\\/\"}}]}<\/script>\n<!-- \/ Yoast SEO plugin. -->","yoast_head_json":{"title":"Notre \u00e9quipe - YouthNet R\u00e9seauAdo","robots":{"index":"index","follow":"follow","max-snippet":"max-snippet:-1","max-image-preview":"max-image-preview:large","max-video-preview":"max-video-preview:-1"},"canonical":"http:\/\/ynra.ca\/fr\/notre-equipe\/","og_locale":"fr_FR","og_type":"article","og_title":"Notre \u00e9quipe - YouthNet R\u00e9seauAdo","og_description":"[vc_row][vc_column][vc_column_text]L\u2019\u00e9quipe de r\u00eave est compos\u00e9e de jeunes animateurs, de membres du personnel central, d\u2019un comit\u00e9 consultatif de jeunes ados et de b\u00e9n\u00e9voles! En s\u2019engageant avec les jeunes, nous garantissons que l\u2019apprentissage au sujet de la sant\u00e9 mentale n\u2019a jamais \u00e9t\u00e9 aussi amusant![\/vc_column_text][\/vc_column][\/vc_row][vc_row][vc_column width=\u00a0\u00bb1\/2&Prime;][vc_single_image image=\u00a0\u00bb28346&Prime; img_size=\u00a0\u00bbfull\u00a0\u00bb][\/vc_column][vc_column width=\u00a0\u00bb1\/2&Prime;][vc_column_text] Facilitateurs jeunesse Tous nos programmes et pr\u00e9sentations sont donn\u00e9es &hellip;","og_url":"http:\/\/ynra.ca\/fr\/notre-equipe\/","og_site_name":"YouthNet R\u00e9seauAdo","article_modified_time":"2024-04-26T13:46:17+00:00","twitter_card":"summary_large_image","twitter_misc":{"Dur\u00e9e de lecture estim\u00e9e":"2 minutes"},"schema":{"@context":"https:\/\/schema.org","@graph":[{"@type":"WebPage","@id":"http:\/\/ynra.ca\/fr\/notre-equipe\/","url":"http:\/\/ynra.ca\/fr\/notre-equipe\/","name":"Notre \u00e9quipe - YouthNet R\u00e9seauAdo","isPartOf":{"@id":"https:\/\/ynra.ca\/#website"},"datePublished":"2018-07-03T20:03:06+00:00","dateModified":"2024-04-26T13:46:17+00:00","inLanguage":"fr-FR","potentialAction":[{"@type":"ReadAction","target":["http:\/\/ynra.ca\/fr\/notre-equipe\/"]}]},{"@type":"WebSite","@id":"https:\/\/ynra.ca\/#website","url":"https:\/\/ynra.ca\/","name":"YouthNet R\u00e9seauAdo","description":"Mental Health Services for Youth","publisher":{"@id":"https:\/\/ynra.ca\/#organization"},"potentialAction":[{"@type":"SearchAction","target":{"@type":"EntryPoint","urlTemplate":"https:\/\/ynra.ca\/?s={search_term_string}"},"query-input":{"@type":"PropertyValueSpecification","valueRequired":true,"valueName":"search_term_string"}}],"inLanguage":"fr-FR"},{"@type":"Organization","@id":"https:\/\/ynra.ca\/#organization","name":"YouthNet R\u00e9seauAdo","url":"https:\/\/ynra.ca\/","logo":{"@type":"ImageObject","inLanguage":"fr-FR","@id":"https:\/\/ynra.ca\/#\/schema\/logo\/image\/","url":"https:\/\/ynra.ca\/wp-content\/uploads\/2018\/07\/ynra-logo.png","contentUrl":"https:\/\/ynra.ca\/wp-content\/uploads\/2018\/07\/ynra-logo.png","width":241,"height":115,"caption":"YouthNet R\u00e9seauAdo"},"image":{"@id":"https:\/\/ynra.ca\/#\/schema\/logo\/image\/"}}]}},"_links":{"self":[{"href":"https:\/\/ynra.ca\/fr\/wp-json\/wp\/v2\/pages\/157","targetHints":{"allow":["GET"]}}],"collection":[{"href":"https:\/\/ynra.ca\/fr\/wp-json\/wp\/v2\/pages"}],"about":[{"href":"https:\/\/ynra.ca\/fr\/wp-json\/wp\/v2\/types\/page"}],"author":[{"embeddable":true,"href":"https:\/\/ynra.ca\/fr\/wp-json\/wp\/v2\/users\/1"}],"replies":[{"embeddable":true,"href":"https:\/\/ynra.ca\/fr\/wp-json\/wp\/v2\/comments?post=157"}],"version-history":[{"count":10,"href":"https:\/\/ynra.ca\/fr\/wp-json\/wp\/v2\/pages\/157\/revisions"}],"predecessor-version":[{"id":22197,"href":"https:\/\/ynra.ca\/fr\/wp-json\/wp\/v2\/pages\/157\/revisions\/22197"}],"wp:attachment":[{"href":"https:\/\/ynra.ca\/fr\/wp-json\/wp\/v2\/media?parent=157"}],"curies":[{"name":"wp","href":"https:\/\/api.w.org\/{rel}","templated":true}]}}