{"id":210,"date":"2018-07-04T02:02:02","date_gmt":"2018-07-04T02:02:02","guid":{"rendered":"http:\/\/ynra.ca\/?page_id=210"},"modified":"2023-04-28T11:03:14","modified_gmt":"2023-04-28T15:03:14","slug":"accueil","status":"publish","type":"page","link":"http:\/\/ynra.ca\/fr\/","title":{"rendered":"Accueil"},"content":{"rendered":"<h1 style=\"text-align: center;\">Promotion et intervention en sant\u00e9 mentale pour les jeunes<\/h1>\n<p style=\"text-align: center;\">Nous sommes YouthNet R\u00e9seauAdo (YNRA) Ottawa; un programme de promotion et d&rsquo;intervention en sant\u00e9 mentale pour les jeunes francophones et anglophones. Nous voulons vous parler de la sant\u00e9 mentale. Nous voulons faire des activit\u00e9s avec vous pour vous aider \u00e0 apprendre \u00e0 mieux faire face au probl\u00e8mes et nous voulons communiquer avec vous pour que vous sachiez que vous n&rsquo;\u00eates pas seul.<\/p>\n","protected":false},"excerpt":{"rendered":"<p>Promotion et intervention en sant\u00e9 mentale pour les jeunes Nous sommes YouthNet R\u00e9seauAdo (YNRA) Ottawa; un programme de promotion et d&rsquo;intervention en sant\u00e9 mentale pour les jeunes francophones et anglophones. Nous voulons vous parler de la sant\u00e9 mentale. Nous voulons faire des activit\u00e9s avec vous pour vous aider \u00e0 apprendre \u00e0 mieux faire face au &hellip;<\/p>\n","protected":false},"author":1,"featured_media":0,"parent":0,"menu_order":0,"comment_status":"closed","ping_status":"open","template":"home.php","meta":{"_acf_changed":false,"footnotes":""},"class_list":["post-210","page","type-page","status-publish","hentry"],"acf":[],"yoast_head":"<!-- This site is optimized with the Yoast SEO plugin v27.3 - https:\/\/yoast.com\/product\/yoast-seo-wordpress\/ -->\n<title>YouthNet R\u00e9seauAdo | Services de sant\u00e9 mentale pour les jeunes | YNRA<\/title>\n<meta name=\"description\" content=\"YNRA est une association de promotion de la sant\u00e9 mentale des jeunes francophones et anglophones. Nous sommes ici pour aider les jeunes \u00e0 d\u00e9velopper et maintenir une bonne sant\u00e9 mentale!\" \/>\n<meta name=\"robots\" content=\"index, follow, max-snippet:-1, max-image-preview:large, max-video-preview:-1\" \/>\n<link rel=\"canonical\" href=\"https:\/\/ynra.ca\/fr\/\" \/>\n<meta property=\"og:locale\" content=\"fr_FR\" \/>\n<meta property=\"og:type\" content=\"article\" \/>\n<meta property=\"og:title\" content=\"YouthNet R\u00e9seauAdo | Services de sant\u00e9 mentale pour les jeunes | YNRA\" \/>\n<meta property=\"og:description\" content=\"YNRA est une association de promotion de la sant\u00e9 mentale des jeunes francophones et anglophones. Nous sommes ici pour aider les jeunes \u00e0 d\u00e9velopper et maintenir une bonne sant\u00e9 mentale!\" \/>\n<meta property=\"og:url\" content=\"https:\/\/ynra.ca\/fr\/\" \/>\n<meta property=\"og:site_name\" content=\"YouthNet R\u00e9seauAdo\" \/>\n<meta property=\"article:modified_time\" content=\"2023-04-28T15:03:14+00:00\" \/>\n<meta name=\"twitter:card\" content=\"summary_large_image\" \/>\n<meta name=\"twitter:label1\" content=\"Dur\u00e9e de lecture estim\u00e9e\" \/>\n\t<meta name=\"twitter:data1\" content=\"1 minute\" \/>\n<script type=\"application\/ld+json\" class=\"yoast-schema-graph\">{\"@context\":\"https:\\\/\\\/schema.org\",\"@graph\":[{\"@type\":\"WebPage\",\"@id\":\"https:\\\/\\\/ynra.ca\\\/fr\\\/\",\"url\":\"https:\\\/\\\/ynra.ca\\\/fr\\\/\",\"name\":\"YouthNet R\u00e9seauAdo | Services de sant\u00e9 mentale pour les jeunes | YNRA\",\"isPartOf\":{\"@id\":\"https:\\\/\\\/ynra.ca\\\/#website\"},\"datePublished\":\"2018-07-04T02:02:02+00:00\",\"dateModified\":\"2023-04-28T15:03:14+00:00\",\"description\":\"YNRA est une association de promotion de la sant\u00e9 mentale des jeunes francophones et anglophones. Nous sommes ici pour aider les jeunes \u00e0 d\u00e9velopper et maintenir une bonne sant\u00e9 mentale!\",\"inLanguage\":\"fr-FR\",\"potentialAction\":[{\"@type\":\"ReadAction\",\"target\":[\"https:\\\/\\\/ynra.ca\\\/fr\\\/\"]}]},{\"@type\":\"WebSite\",\"@id\":\"https:\\\/\\\/ynra.ca\\\/#website\",\"url\":\"https:\\\/\\\/ynra.ca\\\/\",\"name\":\"YouthNet R\u00e9seauAdo\",\"description\":\"Mental Health Services for Youth\",\"publisher\":{\"@id\":\"https:\\\/\\\/ynra.ca\\\/#organization\"},\"potentialAction\":[{\"@type\":\"SearchAction\",\"target\":{\"@type\":\"EntryPoint\",\"urlTemplate\":\"https:\\\/\\\/ynra.ca\\\/?s={search_term_string}\"},\"query-input\":{\"@type\":\"PropertyValueSpecification\",\"valueRequired\":true,\"valueName\":\"search_term_string\"}}],\"inLanguage\":\"fr-FR\"},{\"@type\":\"Organization\",\"@id\":\"https:\\\/\\\/ynra.ca\\\/#organization\",\"name\":\"YouthNet R\u00e9seauAdo\",\"url\":\"https:\\\/\\\/ynra.ca\\\/\",\"logo\":{\"@type\":\"ImageObject\",\"inLanguage\":\"fr-FR\",\"@id\":\"https:\\\/\\\/ynra.ca\\\/#\\\/schema\\\/logo\\\/image\\\/\",\"url\":\"https:\\\/\\\/ynra.ca\\\/wp-content\\\/uploads\\\/2018\\\/07\\\/ynra-logo.png\",\"contentUrl\":\"https:\\\/\\\/ynra.ca\\\/wp-content\\\/uploads\\\/2018\\\/07\\\/ynra-logo.png\",\"width\":241,\"height\":115,\"caption\":\"YouthNet R\u00e9seauAdo\"},\"image\":{\"@id\":\"https:\\\/\\\/ynra.ca\\\/#\\\/schema\\\/logo\\\/image\\\/\"}}]}<\/script>\n<!-- \/ Yoast SEO plugin. -->","yoast_head_json":{"title":"YouthNet R\u00e9seauAdo | Services de sant\u00e9 mentale pour les jeunes | YNRA","description":"YNRA est une association de promotion de la sant\u00e9 mentale des jeunes francophones et anglophones. Nous sommes ici pour aider les jeunes \u00e0 d\u00e9velopper et maintenir une bonne sant\u00e9 mentale!","robots":{"index":"index","follow":"follow","max-snippet":"max-snippet:-1","max-image-preview":"max-image-preview:large","max-video-preview":"max-video-preview:-1"},"canonical":"https:\/\/ynra.ca\/fr\/","og_locale":"fr_FR","og_type":"article","og_title":"YouthNet R\u00e9seauAdo | Services de sant\u00e9 mentale pour les jeunes | YNRA","og_description":"YNRA est une association de promotion de la sant\u00e9 mentale des jeunes francophones et anglophones. Nous sommes ici pour aider les jeunes \u00e0 d\u00e9velopper et maintenir une bonne sant\u00e9 mentale!","og_url":"https:\/\/ynra.ca\/fr\/","og_site_name":"YouthNet R\u00e9seauAdo","article_modified_time":"2023-04-28T15:03:14+00:00","twitter_card":"summary_large_image","twitter_misc":{"Dur\u00e9e de lecture estim\u00e9e":"1 minute"},"schema":{"@context":"https:\/\/schema.org","@graph":[{"@type":"WebPage","@id":"https:\/\/ynra.ca\/fr\/","url":"https:\/\/ynra.ca\/fr\/","name":"YouthNet R\u00e9seauAdo | Services de sant\u00e9 mentale pour les jeunes | YNRA","isPartOf":{"@id":"https:\/\/ynra.ca\/#website"},"datePublished":"2018-07-04T02:02:02+00:00","dateModified":"2023-04-28T15:03:14+00:00","description":"YNRA est une association de promotion de la sant\u00e9 mentale des jeunes francophones et anglophones. Nous sommes ici pour aider les jeunes \u00e0 d\u00e9velopper et maintenir une bonne sant\u00e9 mentale!","inLanguage":"fr-FR","potentialAction":[{"@type":"ReadAction","target":["https:\/\/ynra.ca\/fr\/"]}]},{"@type":"WebSite","@id":"https:\/\/ynra.ca\/#website","url":"https:\/\/ynra.ca\/","name":"YouthNet R\u00e9seauAdo","description":"Mental Health Services for Youth","publisher":{"@id":"https:\/\/ynra.ca\/#organization"},"potentialAction":[{"@type":"SearchAction","target":{"@type":"EntryPoint","urlTemplate":"https:\/\/ynra.ca\/?s={search_term_string}"},"query-input":{"@type":"PropertyValueSpecification","valueRequired":true,"valueName":"search_term_string"}}],"inLanguage":"fr-FR"},{"@type":"Organization","@id":"https:\/\/ynra.ca\/#organization","name":"YouthNet R\u00e9seauAdo","url":"https:\/\/ynra.ca\/","logo":{"@type":"ImageObject","inLanguage":"fr-FR","@id":"https:\/\/ynra.ca\/#\/schema\/logo\/image\/","url":"https:\/\/ynra.ca\/wp-content\/uploads\/2018\/07\/ynra-logo.png","contentUrl":"https:\/\/ynra.ca\/wp-content\/uploads\/2018\/07\/ynra-logo.png","width":241,"height":115,"caption":"YouthNet R\u00e9seauAdo"},"image":{"@id":"https:\/\/ynra.ca\/#\/schema\/logo\/image\/"}}]}},"_links":{"self":[{"href":"http:\/\/ynra.ca\/fr\/wp-json\/wp\/v2\/pages\/210","targetHints":{"allow":["GET"]}}],"collection":[{"href":"http:\/\/ynra.ca\/fr\/wp-json\/wp\/v2\/pages"}],"about":[{"href":"http:\/\/ynra.ca\/fr\/wp-json\/wp\/v2\/types\/page"}],"author":[{"embeddable":true,"href":"http:\/\/ynra.ca\/fr\/wp-json\/wp\/v2\/users\/1"}],"replies":[{"embeddable":true,"href":"http:\/\/ynra.ca\/fr\/wp-json\/wp\/v2\/comments?post=210"}],"version-history":[{"count":39,"href":"http:\/\/ynra.ca\/fr\/wp-json\/wp\/v2\/pages\/210\/revisions"}],"predecessor-version":[{"id":27906,"href":"http:\/\/ynra.ca\/fr\/wp-json\/wp\/v2\/pages\/210\/revisions\/27906"}],"wp:attachment":[{"href":"http:\/\/ynra.ca\/fr\/wp-json\/wp\/v2\/media?parent=210"}],"curies":[{"name":"wp","href":"https:\/\/api.w.org\/{rel}","templated":true}]}}