{"id":15767,"date":"2021-12-22T16:43:15","date_gmt":"2021-12-22T16:43:15","guid":{"rendered":"http:\/\/ynra.ca\/?page_id=15767"},"modified":"2022-11-18T13:01:33","modified_gmt":"2022-11-18T18:01:33","slug":"ecoles-rurales","status":"publish","type":"page","link":"http:\/\/ynra.ca\/fr\/services-sante-mental-jeunesse\/ecoles-rurales\/","title":{"rendered":"\u00c9coles Rurales"},"content":{"rendered":"<h1>Atelier Rurales<\/h1>\n<hr \/>\n<p><span style=\"font-weight: 400;\">Pour un temps limit\u00e9, nous offrons nos ateliers de sant\u00e9 mentale aux \u00e9l\u00e8ves de la 7e \u00e0 la 12e ann\u00e9e pour les \u00e9coles qui se trouvent dans les zones rurales suivantes:<\/span><\/p>\n<p><span style=\"font-weight: 400;\">Dans les 4 quartiers ruraux d&rsquo;Ottawa:<\/span><\/p>\n<p><b>Quartier West Carleton-March, Quartier Osgoode, Rideau-Goulbourn, Quartier Cumberland<\/b><\/p>\n<p><span style=\"font-weight: 400;\">Et aux \u00e9coles du Catholic District School Board of Eastern Ontario (CDSBEO) qui comprend les r\u00e9gions suivantes:<\/span><\/p>\n<p><b>Lanark (incluant: Smiths Falls, Carleton Place et Perth)<\/b><\/p>\n<p><b>Prescott-Russell (comprend: Clarence-Rockland, Embrun et Hammond)<\/b><\/p>\n<p><b>Leeds et Grenville (comprend: Gananoque, Brockville et Kemptville)<\/b><\/p>\n<p><b>StorStormont, Dundas et Glengarry (comprend: Cornwall, Chesterville et Williamstown)<\/b><\/p>\n<p><span style=\"font-weight: 400;\">Pour les \u00e9coles rurales de langue fran\u00e7aise, veuillez consulter les ateliers et choisissez l&rsquo;option <\/span><b>\u00ab\u00a0Francais\u00a0\u00bb<\/b><span style=\"font-weight: 400;\"> lorsque vous faites une demande de r\u00e9servation.<\/span><\/p>\n<p><a href=\"http:\/\/ynra.ca\/wp-content\/uploads\/2022\/01\/Ecoles-Rurales.pdf\">Cliquez ici pour consulter notre guide de r\u00e9servation pour les \u00e9coles rurales<\/a><\/p>\n","protected":false},"excerpt":{"rendered":"<p>Atelier Rurales Pour un temps limit\u00e9, nous offrons nos ateliers de sant\u00e9 mentale aux \u00e9l\u00e8ves de la 7e \u00e0 la 12e ann\u00e9e pour les \u00e9coles qui se trouvent dans les zones rurales suivantes: Dans les 4 quartiers ruraux d&rsquo;Ottawa: Quartier West Carleton-March, Quartier Osgoode, Rideau-Goulbourn, Quartier Cumberland Et aux \u00e9coles du Catholic District School Board &hellip;<\/p>\n","protected":false},"author":1,"featured_media":0,"parent":163,"menu_order":0,"comment_status":"closed","ping_status":"closed","template":"","meta":{"_acf_changed":false,"footnotes":""},"class_list":["post-15767","page","type-page","status-publish","hentry"],"acf":[],"yoast_head":"<!-- This site is optimized with the Yoast SEO plugin v27.3 - https:\/\/yoast.com\/product\/yoast-seo-wordpress\/ -->\n<title>\u00c9coles Rurales - YouthNet R\u00e9seauAdo<\/title>\n<meta name=\"robots\" content=\"index, follow, max-snippet:-1, max-image-preview:large, max-video-preview:-1\" \/>\n<link rel=\"canonical\" href=\"http:\/\/ynra.ca\/fr\/services-sante-mental-jeunesse\/ecoles-rurales\/\" \/>\n<meta property=\"og:locale\" content=\"fr_FR\" \/>\n<meta property=\"og:type\" content=\"article\" \/>\n<meta property=\"og:title\" content=\"\u00c9coles Rurales - YouthNet R\u00e9seauAdo\" \/>\n<meta property=\"og:description\" content=\"Atelier Rurales Pour un temps limit\u00e9, nous offrons nos ateliers de sant\u00e9 mentale aux \u00e9l\u00e8ves de la 7e \u00e0 la 12e ann\u00e9e pour les \u00e9coles qui se trouvent dans les zones rurales suivantes: Dans les 4 quartiers ruraux d&rsquo;Ottawa: Quartier West Carleton-March, Quartier Osgoode, Rideau-Goulbourn, Quartier Cumberland Et aux \u00e9coles du Catholic District School Board &hellip;\" \/>\n<meta property=\"og:url\" content=\"http:\/\/ynra.ca\/fr\/services-sante-mental-jeunesse\/ecoles-rurales\/\" \/>\n<meta property=\"og:site_name\" content=\"YouthNet R\u00e9seauAdo\" \/>\n<meta property=\"article:modified_time\" content=\"2022-11-18T18:01:33+00:00\" \/>\n<meta name=\"twitter:card\" content=\"summary_large_image\" \/>\n<meta name=\"twitter:label1\" content=\"Dur\u00e9e de lecture estim\u00e9e\" \/>\n\t<meta name=\"twitter:data1\" content=\"1 minute\" \/>\n<script type=\"application\/ld+json\" class=\"yoast-schema-graph\">{\"@context\":\"https:\\\/\\\/schema.org\",\"@graph\":[{\"@type\":\"WebPage\",\"@id\":\"http:\\\/\\\/ynra.ca\\\/fr\\\/services-sante-mental-jeunesse\\\/ecoles-rurales\\\/\",\"url\":\"http:\\\/\\\/ynra.ca\\\/fr\\\/services-sante-mental-jeunesse\\\/ecoles-rurales\\\/\",\"name\":\"\u00c9coles Rurales - YouthNet R\u00e9seauAdo\",\"isPartOf\":{\"@id\":\"http:\\\/\\\/ynra.ca\\\/#website\"},\"datePublished\":\"2021-12-22T16:43:15+00:00\",\"dateModified\":\"2022-11-18T18:01:33+00:00\",\"breadcrumb\":{\"@id\":\"http:\\\/\\\/ynra.ca\\\/fr\\\/services-sante-mental-jeunesse\\\/ecoles-rurales\\\/#breadcrumb\"},\"inLanguage\":\"fr-FR\",\"potentialAction\":[{\"@type\":\"ReadAction\",\"target\":[\"http:\\\/\\\/ynra.ca\\\/fr\\\/services-sante-mental-jeunesse\\\/ecoles-rurales\\\/\"]}]},{\"@type\":\"BreadcrumbList\",\"@id\":\"http:\\\/\\\/ynra.ca\\\/fr\\\/services-sante-mental-jeunesse\\\/ecoles-rurales\\\/#breadcrumb\",\"itemListElement\":[{\"@type\":\"ListItem\",\"position\":1,\"name\":\"Services\",\"item\":\"https:\\\/\\\/ynra.ca\\\/fr\\\/services-sante-mental-jeunesse\\\/\"},{\"@type\":\"ListItem\",\"position\":2,\"name\":\"\u00c9coles Rurales\"}]},{\"@type\":\"WebSite\",\"@id\":\"http:\\\/\\\/ynra.ca\\\/#website\",\"url\":\"http:\\\/\\\/ynra.ca\\\/\",\"name\":\"YouthNet R\u00e9seauAdo\",\"description\":\"Mental Health Services for Youth\",\"publisher\":{\"@id\":\"http:\\\/\\\/ynra.ca\\\/#organization\"},\"potentialAction\":[{\"@type\":\"SearchAction\",\"target\":{\"@type\":\"EntryPoint\",\"urlTemplate\":\"http:\\\/\\\/ynra.ca\\\/?s={search_term_string}\"},\"query-input\":{\"@type\":\"PropertyValueSpecification\",\"valueRequired\":true,\"valueName\":\"search_term_string\"}}],\"inLanguage\":\"fr-FR\"},{\"@type\":\"Organization\",\"@id\":\"http:\\\/\\\/ynra.ca\\\/#organization\",\"name\":\"YouthNet R\u00e9seauAdo\",\"url\":\"http:\\\/\\\/ynra.ca\\\/\",\"logo\":{\"@type\":\"ImageObject\",\"inLanguage\":\"fr-FR\",\"@id\":\"http:\\\/\\\/ynra.ca\\\/#\\\/schema\\\/logo\\\/image\\\/\",\"url\":\"https:\\\/\\\/ynra.ca\\\/wp-content\\\/uploads\\\/2018\\\/07\\\/ynra-logo.png\",\"contentUrl\":\"https:\\\/\\\/ynra.ca\\\/wp-content\\\/uploads\\\/2018\\\/07\\\/ynra-logo.png\",\"width\":241,\"height\":115,\"caption\":\"YouthNet R\u00e9seauAdo\"},\"image\":{\"@id\":\"http:\\\/\\\/ynra.ca\\\/#\\\/schema\\\/logo\\\/image\\\/\"}}]}<\/script>\n<!-- \/ Yoast SEO plugin. -->","yoast_head_json":{"title":"\u00c9coles Rurales - YouthNet R\u00e9seauAdo","robots":{"index":"index","follow":"follow","max-snippet":"max-snippet:-1","max-image-preview":"max-image-preview:large","max-video-preview":"max-video-preview:-1"},"canonical":"http:\/\/ynra.ca\/fr\/services-sante-mental-jeunesse\/ecoles-rurales\/","og_locale":"fr_FR","og_type":"article","og_title":"\u00c9coles Rurales - YouthNet R\u00e9seauAdo","og_description":"Atelier Rurales Pour un temps limit\u00e9, nous offrons nos ateliers de sant\u00e9 mentale aux \u00e9l\u00e8ves de la 7e \u00e0 la 12e ann\u00e9e pour les \u00e9coles qui se trouvent dans les zones rurales suivantes: Dans les 4 quartiers ruraux d&rsquo;Ottawa: Quartier West Carleton-March, Quartier Osgoode, Rideau-Goulbourn, Quartier Cumberland Et aux \u00e9coles du Catholic District School Board &hellip;","og_url":"http:\/\/ynra.ca\/fr\/services-sante-mental-jeunesse\/ecoles-rurales\/","og_site_name":"YouthNet R\u00e9seauAdo","article_modified_time":"2022-11-18T18:01:33+00:00","twitter_card":"summary_large_image","twitter_misc":{"Dur\u00e9e de lecture estim\u00e9e":"1 minute"},"schema":{"@context":"https:\/\/schema.org","@graph":[{"@type":"WebPage","@id":"http:\/\/ynra.ca\/fr\/services-sante-mental-jeunesse\/ecoles-rurales\/","url":"http:\/\/ynra.ca\/fr\/services-sante-mental-jeunesse\/ecoles-rurales\/","name":"\u00c9coles Rurales - YouthNet R\u00e9seauAdo","isPartOf":{"@id":"http:\/\/ynra.ca\/#website"},"datePublished":"2021-12-22T16:43:15+00:00","dateModified":"2022-11-18T18:01:33+00:00","breadcrumb":{"@id":"http:\/\/ynra.ca\/fr\/services-sante-mental-jeunesse\/ecoles-rurales\/#breadcrumb"},"inLanguage":"fr-FR","potentialAction":[{"@type":"ReadAction","target":["http:\/\/ynra.ca\/fr\/services-sante-mental-jeunesse\/ecoles-rurales\/"]}]},{"@type":"BreadcrumbList","@id":"http:\/\/ynra.ca\/fr\/services-sante-mental-jeunesse\/ecoles-rurales\/#breadcrumb","itemListElement":[{"@type":"ListItem","position":1,"name":"Services","item":"https:\/\/ynra.ca\/fr\/services-sante-mental-jeunesse\/"},{"@type":"ListItem","position":2,"name":"\u00c9coles Rurales"}]},{"@type":"WebSite","@id":"http:\/\/ynra.ca\/#website","url":"http:\/\/ynra.ca\/","name":"YouthNet R\u00e9seauAdo","description":"Mental Health Services for Youth","publisher":{"@id":"http:\/\/ynra.ca\/#organization"},"potentialAction":[{"@type":"SearchAction","target":{"@type":"EntryPoint","urlTemplate":"http:\/\/ynra.ca\/?s={search_term_string}"},"query-input":{"@type":"PropertyValueSpecification","valueRequired":true,"valueName":"search_term_string"}}],"inLanguage":"fr-FR"},{"@type":"Organization","@id":"http:\/\/ynra.ca\/#organization","name":"YouthNet R\u00e9seauAdo","url":"http:\/\/ynra.ca\/","logo":{"@type":"ImageObject","inLanguage":"fr-FR","@id":"http:\/\/ynra.ca\/#\/schema\/logo\/image\/","url":"https:\/\/ynra.ca\/wp-content\/uploads\/2018\/07\/ynra-logo.png","contentUrl":"https:\/\/ynra.ca\/wp-content\/uploads\/2018\/07\/ynra-logo.png","width":241,"height":115,"caption":"YouthNet R\u00e9seauAdo"},"image":{"@id":"http:\/\/ynra.ca\/#\/schema\/logo\/image\/"}}]}},"_links":{"self":[{"href":"http:\/\/ynra.ca\/fr\/wp-json\/wp\/v2\/pages\/15767","targetHints":{"allow":["GET"]}}],"collection":[{"href":"http:\/\/ynra.ca\/fr\/wp-json\/wp\/v2\/pages"}],"about":[{"href":"http:\/\/ynra.ca\/fr\/wp-json\/wp\/v2\/types\/page"}],"author":[{"embeddable":true,"href":"http:\/\/ynra.ca\/fr\/wp-json\/wp\/v2\/users\/1"}],"replies":[{"embeddable":true,"href":"http:\/\/ynra.ca\/fr\/wp-json\/wp\/v2\/comments?post=15767"}],"version-history":[{"count":4,"href":"http:\/\/ynra.ca\/fr\/wp-json\/wp\/v2\/pages\/15767\/revisions"}],"predecessor-version":[{"id":24750,"href":"http:\/\/ynra.ca\/fr\/wp-json\/wp\/v2\/pages\/15767\/revisions\/24750"}],"up":[{"embeddable":true,"href":"http:\/\/ynra.ca\/fr\/wp-json\/wp\/v2\/pages\/163"}],"wp:attachment":[{"href":"http:\/\/ynra.ca\/fr\/wp-json\/wp\/v2\/media?parent=15767"}],"curies":[{"name":"wp","href":"https:\/\/api.w.org\/{rel}","templated":true}]}}